{"id":15813,"date":"2022-11-29T09:15:12","date_gmt":"2022-11-29T08:15:12","guid":{"rendered":"http:\/\/ksiegarnia-akademicka.pl\/?post_type=product&#038;p=15813"},"modified":"2022-11-29T09:15:13","modified_gmt":"2022-11-29T08:15:13","slug":"lacina-dla-poczatkujacych","status":"publish","type":"product","link":"https:\/\/ksiegarnia-akademicka.pl\/index.php\/product\/lacina-dla-poczatkujacych\/","title":{"rendered":"\u0141acina dla pocz\u0105tkuj\u0105cych"},"content":{"rendered":"<p>Autor:<br \/>\nStanis\u0142aw Butyr<br \/>\nWydawca: Edgard<br \/>\nOprawa: Mi\u0119kka<br \/>\nFormat: 15.0&#215;21.0cm<br \/>\nLiczba stron: 208<br \/>\nRok wydania: 2022<br \/>\nJ\u0119zyk wydania: \u0142aci\u0144ski, polski<\/p>\n<p>&#8222;Rozbudowane lekcje: s\u0142\u00f3wka, gramatyka i teksty z t\u0142umaczeniami<br \/>\nNagrania MP3 tekst\u00f3w oraz sentencji!<br \/>\n\u0141acina dla pocz\u0105tkuj\u0105cych to kurs przeznaczony dla uczni\u00f3w, student\u00f3w oraz<br \/>\nwszystkich, kt\u00f3rzy chc\u0105 samodzielnie pozna\u0107 podstawy \u0142aciny. Kurs uczy s\u0142\u00f3w, zwrot\u00f3w<br \/>\ni konstrukcji gramatycznych niezb\u0119dnych do swobodnego poruszania si\u0119 w \u015bwiecie j\u0119zyka<br \/>\n\u0142aci\u0144skiego.<br \/>\nPodr\u0119cznik zawiera 12 lekcji ucz\u0105cych \u0142aci\u0144skiego s\u0142ownictwa, najwa\u017cniejszych<br \/>\nsentencji i konstrukcji gramatycznych. W ka\u017cdej lekcji znajduj\u0105 si\u0119 \u0107wiczenia<br \/>\ngramatyczne oraz leksykalne, m.in. uzupe\u0142nianie luk w zdaniach, \u0142\u0105czenie w pracy,<br \/>\nkrzy\u017c\u00f3wki oraz wykre\u015blanki. W ksi\u0105\u017cce znajduje si\u0119 dodatkowo wyb\u00f3r 20 tekst\u00f3w \u2013<br \/>\nfragment\u00f3w klasycznych dzie\u0142 w j\u0119zyku \u0142aci\u0144skim (m.in. Wojna galijska Juliusza<br \/>\nCezara, Metamorfozy Owidiusza, Kronika Galla Anonima). Na ko\u0144cu ksi\u0105\u017cki zamieszczono<br \/>\ntabele gramatyczne, pe\u0142ne t\u0142umaczenie tekst\u00f3w oraz odpowiedzi do wszystkich \u0107wicze\u0144.<br \/>\nCz\u0119\u015b\u0107 gramatyczna w jasny i przejrzysty spos\u00f3b obja\u015bnia koniugacj\u0119 i deklinacj\u0119,<br \/>\nu\u017cycie zaimk\u00f3w wzgl\u0119dnych i wskazuj\u0105cych oraz stosowanie czas\u00f3w (praesens, futurum<br \/>\nprimum, futurum exactum, perfectum, imperfetum, plusquamperfectum). Przedstawione s\u0105<br \/>\nr\u00f3wnie\u017c konstrukcje: accusativus cum infinitivo, ablativus absolutus, ablativus<br \/>\ncomparationis i genetivus partittivus. Zamieszczone w ksi\u0105\u017cce teksty ilustruj\u0105<br \/>\nbogactwo \u0142aci\u0144skiej fleksji i sk\u0142adni.<br \/>\nNagrania MP3 (48 min) s\u0105 doskona\u0142ym uzupe\u0142nieniem nauki z podr\u0119cznikiem. Nagrania w<br \/>\nwykonaniu profesjonalnego lektora pozwalaj\u0105 pozna\u0107 wymow\u0119 i prawid\u0142owe akcentowanie<br \/>\n\u0142aci\u0144skich s\u0142\u00f3w.&#8221;<\/p>\n","protected":false},"excerpt":{"rendered":"<p>Autor: Stanis\u0142aw Butyr Wydawca: Edgard Oprawa: Mi\u0119kka Format: 15.0&#215;21.0cm Liczba [&hellip;]<\/p>\n","protected":false},"featured_media":15814,"template":"","meta":[],"product_brand":[],"product_cat":[37],"product_tag":[3398,4810],"class_list":{"0":"post-15813","1":"product","2":"type-product","3":"status-publish","4":"has-post-thumbnail","6":"product_cat-jezyki-obce","7":"product_tag-jezyki-obce","8":"product_tag-lacina","10":"first","11":"instock","12":"sale","13":"shipping-taxable","14":"purchasable","15":"product-type-simple"},"_links":{"self":[{"href":"https:\/\/ksiegarnia-akademicka.pl\/index.php\/wp-json\/wp\/v2\/product\/15813","targetHints":{"allow":["GET"]}}],"collection":[{"href":"https:\/\/ksiegarnia-akademicka.pl\/index.php\/wp-json\/wp\/v2\/product"}],"about":[{"href":"https:\/\/ksiegarnia-akademicka.pl\/index.php\/wp-json\/wp\/v2\/types\/product"}],"wp:featuredmedia":[{"embeddable":true,"href":"https:\/\/ksiegarnia-akademicka.pl\/index.php\/wp-json\/wp\/v2\/media\/15814"}],"wp:attachment":[{"href":"https:\/\/ksiegarnia-akademicka.pl\/index.php\/wp-json\/wp\/v2\/media?parent=15813"}],"wp:term":[{"taxonomy":"product_brand","embeddable":true,"href":"https:\/\/ksiegarnia-akademicka.pl\/index.php\/wp-json\/wp\/v2\/product_brand?post=15813"},{"taxonomy":"product_cat","embeddable":true,"href":"https:\/\/ksiegarnia-akademicka.pl\/index.php\/wp-json\/wp\/v2\/product_cat?post=15813"},{"taxonomy":"product_tag","embeddable":true,"href":"https:\/\/ksiegarnia-akademicka.pl\/index.php\/wp-json\/wp\/v2\/product_tag?post=15813"}],"curies":[{"name":"wp","href":"https:\/\/api.w.org\/{rel}","templated":true}]}}