{"id":15811,"date":"2022-11-28T13:30:58","date_gmt":"2022-11-28T12:30:58","guid":{"rendered":"http:\/\/ksiegarnia-akademicka.pl\/?post_type=product&#038;p=15811"},"modified":"2023-12-18T15:26:19","modified_gmt":"2023-12-18T14:26:19","slug":"potega-pieniadza-finansowa-historia-swiata","status":"publish","type":"product","link":"https:\/\/ksiegarnia-akademicka.pl\/index.php\/product\/potega-pieniadza-finansowa-historia-swiata\/","title":{"rendered":"Pot\u0119ga pieni\u0105dza. Finansowa historia \u015bwiata"},"content":{"rendered":"<p>Autor:<br \/>\nNiall Ferguson<br \/>\nT\u0142umacze: Kunz Tomasz<br \/>\nWydawca: Literackie<br \/>\nOprawa: Twarda<br \/>\nFormat: 16.5&#215;24.0cm<br \/>\nLiczba stron: 408<br \/>\nWydanie: 2<br \/>\nRok wydania: 2023<br \/>\nJ\u0119zyk wydania: polski<\/p>\n<p>Jeden z najs\u0142ynniejszych historyk\u00f3w na \u015bwiecie, udowadnia \u017ce za ka\u017cdym wydarzeniem historycznym stoi tajemnica zawi\u0105zana z pieni\u0119dzmi.<\/p>\n<p>Ferguson udowadnia, \u017ce ewolucja system\u00f3w finansowych jest r\u00f3wnie istotna jak wynalazki czy rozw\u00f3j wielkich cywilizacji. To dzi\u0119ki bankom renesans we W\u0142oszech osi\u0105gn\u0105\u0142 tak bogat\u0105 form\u0119, a rynki papier\u00f3w warto\u015bciowych mia\u0142y wp\u0142yw na przebieg Wojny Siedmioletniej i Wojny Secesyjnej. Ferguson, kt\u00f3ry s\u0142ynie z przekonuj\u0105cego i wci\u0105gaj\u0105cego stylu, wyja\u015bnia, czemu \u017ar\u00f3de\u0142 Rewolucji Francuskiej mo\u017cemy dopatrywa\u0107 si\u0119 w finansowym przekr\u0119cie, jakiego dopu\u015bci\u0142 si\u0119 pewien&#8230; morderca. Opisuje r\u00f3wnie\u017c, jak mog\u0142o doj\u015b\u0107 do tego, \u017ce Argentyna z sz\u00f3stego na \u015bwiecie najbogatszego pa\u0144stwa sta\u0142a si\u0119 pogr\u0105\u017conym w inflacji krajem na skraju bankructwa. Autor przekonuje, \u017ce w\u0142a\u015bnie teraz powinni\u015bmy szczeg\u00f3lnie stara\u0107 si\u0119 zrozumie\u0107 pot\u0119g\u0119 ekonomii i udowadnia, jak przera\u017caj\u0105co ma\u0142o wiemy o pieni\u0105dzach. Fergusonowi jako jedynemu uda\u0142o si\u0119 przebi\u0107 barier\u0119 \u0142\u0105cz\u0105c\u0105 wiedz\u0119 ekonomiczn\u0105 z wiedz\u0105 o historii i kulturze cywilizacji.<\/p>\n<p>Jedna ze stu najwa\u017cniejszych ksi\u0105\u017cek ostatniej dekady!<\/p>\n<p>\u201eThe Times\u201d<\/p>\n<p>Biografia pieni\u0105dza pi\u00f3ra Fergusona, opowiedziana z werw\u0105 i wnikliwo\u015bci\u0105, obja\u015bnia nasze obecne trudne po\u0142o\u017cenie lepiej, ni\u017c mu si\u0119 wydaje. Ferguson to \u015bwietny analityk \u015bwiata finans\u00f3w, kt\u00f3re stanowi\u0105 kr\u0119gos\u0142up historii naszej cywilizacji.<\/p>\n<p>\u201eThe Telegraph\u201d<\/p>\n<p>Profesor Ferguson nie tylko jest jednym z najwybitniejszych historyk\u00f3w na \u015bwiecie. W dodatku napisa\u0142 kilka ksi\u0105\u017cek poruszaj\u0105cych tematyk\u0119 finansow\u0105, za ka\u017cdym razem opisuj\u0105c te skomplikowane problemy w spos\u00f3b niezwykle jasny i atrakcyjny.<\/p>\n<p>&#8222;The Independent&#8221;<\/p>\n<p>Ferguson napisa\u0142 klarown\u0105 i b\u0142yskotliw\u0105 ksi\u0105\u017ck\u0119 o historii pieni\u0105dza&#8230; Ta pi\u0119knie napisana ksi\u0105\u017cka to rewelacyjny elementarz dla tych, kt\u00f3rzy chc\u0105 si\u0119 dowiedzie\u0107, sk\u0105d si\u0119 wzi\u0119\u0142y i jak funkcjonuj\u0105 wsp\u00f3\u0142czesne rynki\/<\/p>\n<p>\u201eThe New Statesman\u201d<\/p>\n<p>Ferguson zabiera nas w cz\u0119sto pouczaj\u0105c\u0105 i przyjemn\u0105 podr\u00f3\u017c dzi\u0119ki zg\u0142\u0119bianiu podstaw wielkich wydarze\u0144 historycznych (\u2026) w kt\u00f3rych tle zawsze sta\u0142 silny pieni\u0105dz.<\/p>\n<p>\u201eThe New York Times\u201d<\/p>\n","protected":false},"excerpt":{"rendered":"<p>Autor: Niall Ferguson T\u0142umacze: Kunz Tomasz Wydawca: Literackie Oprawa: Twarda [&hellip;]<\/p>\n","protected":false},"featured_media":15812,"template":"","meta":[],"product_brand":[],"product_cat":[20,17,7504,7498],"product_tag":[411,337,4546],"class_list":{"0":"post-15811","1":"product","2":"type-product","3":"status-publish","4":"has-post-thumbnail","6":"product_cat-bankowosc","7":"product_cat-ekonomia","8":"product_cat-rynek-pieniezny-i-kapitalowy","9":"product_cat-teoria-ekonomii","10":"product_tag-bankowosc","11":"product_tag-ekonomia","12":"product_tag-historia-ekonomii","14":"first","15":"instock","16":"sale","17":"shipping-taxable","18":"purchasable","19":"product-type-simple"},"_links":{"self":[{"href":"https:\/\/ksiegarnia-akademicka.pl\/index.php\/wp-json\/wp\/v2\/product\/15811","targetHints":{"allow":["GET"]}}],"collection":[{"href":"https:\/\/ksiegarnia-akademicka.pl\/index.php\/wp-json\/wp\/v2\/product"}],"about":[{"href":"https:\/\/ksiegarnia-akademicka.pl\/index.php\/wp-json\/wp\/v2\/types\/product"}],"wp:featuredmedia":[{"embeddable":true,"href":"https:\/\/ksiegarnia-akademicka.pl\/index.php\/wp-json\/wp\/v2\/media\/15812"}],"wp:attachment":[{"href":"https:\/\/ksiegarnia-akademicka.pl\/index.php\/wp-json\/wp\/v2\/media?parent=15811"}],"wp:term":[{"taxonomy":"product_brand","embeddable":true,"href":"https:\/\/ksiegarnia-akademicka.pl\/index.php\/wp-json\/wp\/v2\/product_brand?post=15811"},{"taxonomy":"product_cat","embeddable":true,"href":"https:\/\/ksiegarnia-akademicka.pl\/index.php\/wp-json\/wp\/v2\/product_cat?post=15811"},{"taxonomy":"product_tag","embeddable":true,"href":"https:\/\/ksiegarnia-akademicka.pl\/index.php\/wp-json\/wp\/v2\/product_tag?post=15811"}],"curies":[{"name":"wp","href":"https:\/\/api.w.org\/{rel}","templated":true}]}}