{"id":15806,"date":"2022-11-24T13:50:25","date_gmt":"2022-11-24T12:50:25","guid":{"rendered":"http:\/\/ksiegarnia-akademicka.pl\/?post_type=product&#038;p=15806"},"modified":"2022-11-24T13:50:25","modified_gmt":"2022-11-24T12:50:25","slug":"kosmetologia","status":"publish","type":"product","link":"https:\/\/ksiegarnia-akademicka.pl\/index.php\/product\/kosmetologia\/","title":{"rendered":"Kosmetologia"},"content":{"rendered":"<p>Redakcja: Klonowska J.<br \/>\nWydawca: Edra Urban &amp; Partner<br \/>\nOprawa: Mi\u0119kka<br \/>\nFormat: 21.0&#215;27.0cm<br \/>\nLiczba stron: 400<br \/>\nRok wydania: 2022<br \/>\nJ\u0119zyk wydania: polski<\/p>\n<p>Kosmetologia to dziedzina nauki, kt\u00f3ra nieustannie si\u0119 rozwija, a rynek us\u0142ug kosmetologicznych ro\u015bnie z roku na rok na ca\u0142ym \u015bwiecie. W zwi\u0105zku z tym pojawi\u0142a si\u0119 konieczno\u015b\u0107 opracowania sp\u00f3jnego podr\u0119cznika akademickiego przede wszystkim z my\u015bl\u0105 o studentach kierunku Kosmetologia. Przydatne informacje mog\u0105 w nim znale\u017a\u0107 r\u00f3wnie\u017c ju\u017c praktykuj\u0105cy kosmetolodzy r\u00f3\u017cnych specjalno\u015bci, kt\u00f3rzy d\u0105\u017c\u0105 do poszerzania swojej wiedzy i nieustannego kszta\u0142cenia si\u0119 oraz przedstawiciele innych grup zawodowych powi\u0105zanych z piel\u0119gnacj\u0105 i upi\u0119kszaniem cia\u0142a, naukami o zdrowiu, \u017cywieniu, zdrowiu publicznym.<\/p>\n","protected":false},"excerpt":{"rendered":"<p>Redakcja: Klonowska J. Wydawca: Edra Urban &amp; Partner Oprawa: Mi\u0119kka [&hellip;]<\/p>\n","protected":false},"featured_media":15807,"template":"","meta":[],"product_brand":[],"product_cat":[7625],"product_tag":[2861,4934],"class_list":{"0":"post-15806","1":"product","2":"type-product","3":"status-publish","4":"has-post-thumbnail","6":"product_cat-nauki-o-zdrowiu","7":"product_tag-dermatologia","8":"product_tag-kosmetologia","10":"first","11":"instock","12":"sale","13":"shipping-taxable","14":"purchasable","15":"product-type-simple"},"_links":{"self":[{"href":"https:\/\/ksiegarnia-akademicka.pl\/index.php\/wp-json\/wp\/v2\/product\/15806","targetHints":{"allow":["GET"]}}],"collection":[{"href":"https:\/\/ksiegarnia-akademicka.pl\/index.php\/wp-json\/wp\/v2\/product"}],"about":[{"href":"https:\/\/ksiegarnia-akademicka.pl\/index.php\/wp-json\/wp\/v2\/types\/product"}],"wp:featuredmedia":[{"embeddable":true,"href":"https:\/\/ksiegarnia-akademicka.pl\/index.php\/wp-json\/wp\/v2\/media\/15807"}],"wp:attachment":[{"href":"https:\/\/ksiegarnia-akademicka.pl\/index.php\/wp-json\/wp\/v2\/media?parent=15806"}],"wp:term":[{"taxonomy":"product_brand","embeddable":true,"href":"https:\/\/ksiegarnia-akademicka.pl\/index.php\/wp-json\/wp\/v2\/product_brand?post=15806"},{"taxonomy":"product_cat","embeddable":true,"href":"https:\/\/ksiegarnia-akademicka.pl\/index.php\/wp-json\/wp\/v2\/product_cat?post=15806"},{"taxonomy":"product_tag","embeddable":true,"href":"https:\/\/ksiegarnia-akademicka.pl\/index.php\/wp-json\/wp\/v2\/product_tag?post=15806"}],"curies":[{"name":"wp","href":"https:\/\/api.w.org\/{rel}","templated":true}]}}