{"id":15782,"date":"2022-11-17T14:44:44","date_gmt":"2022-11-17T13:44:44","guid":{"rendered":"http:\/\/ksiegarnia-akademicka.pl\/?post_type=product&#038;p=15782"},"modified":"2022-11-17T14:44:45","modified_gmt":"2022-11-17T13:44:45","slug":"rachunek-prawdopodobienstwa-i-statystyka-matematyczna-przyklady-i-zadania","status":"publish","type":"product","link":"https:\/\/ksiegarnia-akademicka.pl\/index.php\/product\/rachunek-prawdopodobienstwa-i-statystyka-matematyczna-przyklady-i-zadania\/","title":{"rendered":"Rachunek prawdopodobie\u0144stwa i statystyka matematyczna Przyk\u0142ady i zadania"},"content":{"rendered":"<p>Helena Jasiulewicz, Wojciech Kordecki<br \/>\nSeria: Matematyka dla student\u00f3w Politechnik<br \/>\nWydawnictwo Gewert i Skoczylas<br \/>\nRok wydania: 2003 wyd. 3 poprawione<br \/>\nIlo\u015b\u0107 stron: 148<\/p>\n<p>Podr\u0119cznik przeznaczony jest dla student\u00f3w politechnik maj\u0105cych w programie tak rachunek prawdopodobie\u0144stwa jak i statystyk\u0119 matematyczn\u0105. Wyk\u0142ad rachunku prawdopodobie\u0144stwa oparty jest na aksjomatyce Ko\u0142gomorowa. W wyk\u0142adzie statystyki nacisk po\u0142o\u017cony jest przede wszystkim na podanie og\u00f3lnych metod i ich zrozumienie. Publikacji towarzysz\u0105 procedury obliczeniowe ilustruj\u0105ce wyk\u0142ad. Zadania umieszczone w skrypcie dla ilustracji zagdanie\u0144 teoretycznych maj\u0105 podane odpowiedzi lub wskaz\u00f3wki do rozwi\u0105za\u0144. Na ko\u0144 cu podr\u0119cznika umieszczono zamieszczono tablice statystyczne.<\/p>\n","protected":false},"excerpt":{"rendered":"<p>Helena Jasiulewicz, Wojciech Kordecki Seria: Matematyka dla student\u00f3w Politechnik Wydawnictwo [&hellip;]<\/p>\n","protected":false},"featured_media":15783,"template":"","meta":[],"product_brand":[],"product_cat":[7519,35],"product_tag":[253,8171],"class_list":{"0":"post-15782","1":"product","2":"type-product","3":"status-publish","4":"has-post-thumbnail","6":"product_cat-matematyka","7":"product_cat-matematyka-i-jej-zastosowania","8":"product_tag-matematyka","9":"product_tag-seria-matematyka-dla-studentow-politechnik","11":"first","12":"instock","13":"sale","14":"shipping-taxable","15":"purchasable","16":"product-type-simple"},"_links":{"self":[{"href":"https:\/\/ksiegarnia-akademicka.pl\/index.php\/wp-json\/wp\/v2\/product\/15782","targetHints":{"allow":["GET"]}}],"collection":[{"href":"https:\/\/ksiegarnia-akademicka.pl\/index.php\/wp-json\/wp\/v2\/product"}],"about":[{"href":"https:\/\/ksiegarnia-akademicka.pl\/index.php\/wp-json\/wp\/v2\/types\/product"}],"wp:featuredmedia":[{"embeddable":true,"href":"https:\/\/ksiegarnia-akademicka.pl\/index.php\/wp-json\/wp\/v2\/media\/15783"}],"wp:attachment":[{"href":"https:\/\/ksiegarnia-akademicka.pl\/index.php\/wp-json\/wp\/v2\/media?parent=15782"}],"wp:term":[{"taxonomy":"product_brand","embeddable":true,"href":"https:\/\/ksiegarnia-akademicka.pl\/index.php\/wp-json\/wp\/v2\/product_brand?post=15782"},{"taxonomy":"product_cat","embeddable":true,"href":"https:\/\/ksiegarnia-akademicka.pl\/index.php\/wp-json\/wp\/v2\/product_cat?post=15782"},{"taxonomy":"product_tag","embeddable":true,"href":"https:\/\/ksiegarnia-akademicka.pl\/index.php\/wp-json\/wp\/v2\/product_tag?post=15782"}],"curies":[{"name":"wp","href":"https:\/\/api.w.org\/{rel}","templated":true}]}}