{"id":15725,"date":"2022-11-09T08:33:21","date_gmt":"2022-11-09T07:33:21","guid":{"rendered":"http:\/\/ksiegarnia-akademicka.pl\/?post_type=product&#038;p=15725"},"modified":"2022-11-09T08:33:23","modified_gmt":"2022-11-09T07:33:23","slug":"zarzadzanie-projektami-dla-bystrzakow","status":"publish","type":"product","link":"https:\/\/ksiegarnia-akademicka.pl\/index.php\/product\/zarzadzanie-projektami-dla-bystrzakow\/","title":{"rendered":"Zarz\u0105dzanie projektami dla bystrzak\u00f3w"},"content":{"rendered":"<p>Autor:<br \/>\nStanley E. Portny<br \/>\nT\u0142umacze: Janicki Przemys\u0142aw<br \/>\nWydawca: Septem<br \/>\nOprawa: Mi\u0119kka<br \/>\nFormat: 16.0&#215;23.0cm<br \/>\nLiczba stron: 424<br \/>\nWydanie: 5<br \/>\nRok wydania: 2022<br \/>\nJ\u0119zyk wydania: polski<\/p>\n<p>Poznaj najlepsze praktyki zgodne z sz\u00f3st\u0105 edycj\u0105 PMBOK(R) Guide<br \/>\nZmotywuj zesp\u00f3\u0142 do wydajnej pracy<br \/>\nRealizuj projekty na czas i jak najefektywniej<\/p>\n<p>Biblia zarz\u0105dzania projektami<\/p>\n<p>Jak operowa\u0107 niezb\u0119dnymi umiej\u0119tno\u015bciami i radzi\u0107 sobie z odpowiedzialno\u015bci\u0105 za projekt, by cieszy\u0107 si\u0119 opini\u0105 wytrawnego mened\u017cera projekt\u00f3w? Uznany ekspert w tej dziedzinie odpowiada na to pytanie w ksi\u0105\u017cce, kt\u00f3r\u0105 w\u0142a\u015bnie trzymasz w d\u0142oniach &#8211; znajdziesz w niej wszystko, co musisz wiedzie\u0107, by ka\u017cdy projekt uko\u0144czy\u0107 z sukcesem, bez cho\u0107by jednego fa\u0142szywego ruchu.<\/p>\n<p>W ksi\u0105\u017cce:<br \/>\nUzasadnienie i pocz\u0105tki projektu oraz utrzymanie w nim porz\u0105dku<br \/>\nStworzenie zespo\u0142u marze\u0144<br \/>\n\u015aledzenie post\u0119p\u00f3w i zarz\u0105dzanie ryzykiem<br \/>\nWykorzystanie najnowszych technologii<br \/>\nDoprowadzenie projektu do szcz\u0119\u015bliwego ko\u0144ca<\/p>\n<p>Stanley E. Portny jest \u015bwiatowej klasy ekspertem w dziedzinie zarz\u0105dzania projektami i przewodzenia zespo\u0142om projektowym. Przez ostatnie 35 lat prowadzi\u0142 szkolenia i doradza\u0142 pracownikom ponad 200 r\u00f3\u017cnych organizacji. Posiada certyfikat Project Management Professional (PMP\u00ae) nadany przez Project Management Institute.<\/p>\n","protected":false},"excerpt":{"rendered":"<p>Autor: Stanley E. Portny T\u0142umacze: Janicki Przemys\u0142aw Wydawca: Septem Oprawa: [&hellip;]<\/p>\n","protected":false},"featured_media":15726,"template":"","meta":[],"product_brand":[],"product_cat":[32,17,36,7499,7994],"product_tag":[1802,337,1257],"class_list":{"0":"post-15725","1":"product","2":"type-product","3":"status-publish","4":"has-post-thumbnail","6":"product_cat-biznes","7":"product_cat-ekonomia","8":"product_cat-informatyka","9":"product_cat-makro-i-mikroekonomia","10":"product_cat-poradniki","11":"product_tag-biznes","12":"product_tag-ekonomia","13":"product_tag-poradniki","15":"first","16":"instock","17":"sale","18":"shipping-taxable","19":"purchasable","20":"product-type-simple"},"_links":{"self":[{"href":"https:\/\/ksiegarnia-akademicka.pl\/index.php\/wp-json\/wp\/v2\/product\/15725","targetHints":{"allow":["GET"]}}],"collection":[{"href":"https:\/\/ksiegarnia-akademicka.pl\/index.php\/wp-json\/wp\/v2\/product"}],"about":[{"href":"https:\/\/ksiegarnia-akademicka.pl\/index.php\/wp-json\/wp\/v2\/types\/product"}],"wp:featuredmedia":[{"embeddable":true,"href":"https:\/\/ksiegarnia-akademicka.pl\/index.php\/wp-json\/wp\/v2\/media\/15726"}],"wp:attachment":[{"href":"https:\/\/ksiegarnia-akademicka.pl\/index.php\/wp-json\/wp\/v2\/media?parent=15725"}],"wp:term":[{"taxonomy":"product_brand","embeddable":true,"href":"https:\/\/ksiegarnia-akademicka.pl\/index.php\/wp-json\/wp\/v2\/product_brand?post=15725"},{"taxonomy":"product_cat","embeddable":true,"href":"https:\/\/ksiegarnia-akademicka.pl\/index.php\/wp-json\/wp\/v2\/product_cat?post=15725"},{"taxonomy":"product_tag","embeddable":true,"href":"https:\/\/ksiegarnia-akademicka.pl\/index.php\/wp-json\/wp\/v2\/product_tag?post=15725"}],"curies":[{"name":"wp","href":"https:\/\/api.w.org\/{rel}","templated":true}]}}