{"id":15705,"date":"2022-11-08T09:36:17","date_gmt":"2022-11-08T08:36:17","guid":{"rendered":"http:\/\/ksiegarnia-akademicka.pl\/?post_type=product&#038;p=15705"},"modified":"2024-12-05T09:11:22","modified_gmt":"2024-12-05T08:11:22","slug":"cham-i-pan-a-nam-prostym-zewszad-nedza-2","status":"publish","type":"product","link":"https:\/\/ksiegarnia-akademicka.pl\/index.php\/product\/cham-i-pan-a-nam-prostym-zewszad-nedza-2\/","title":{"rendered":"Cham i pan A nam, prostym, zewsz\u0105d n\u0119dza?"},"content":{"rendered":"<p>Autor:<br \/>\nAndrzej Chwalba<br \/>\nWojciech Harpula<br \/>\nWydawca: Literackie<br \/>\nOprawa: Mi\u0119kka ze skrzyde\u0142kami<br \/>\nFormat: 14.5&#215;20.5cm<br \/>\nLiczba stron: 432<br \/>\nWydanie: 1<br \/>\nRok wydania: 2022<br \/>\nJ\u0119zyk wydania: polski<\/p>\n<p>Zaskakuj\u0105ca odpowied\u017a na Ludow\u0105 histori\u0119 Polski. Prawdziwe dzieje polskiego ch\u0142opstwa \u2013 od Piast\u00f3w po PRL Analfabeci, bunt, cham, Drzyma\u0142a, G\u0142owacki, Hameryka, karczma, przedn\u00f3wek, Szela, zbiegostwo \u2013 oto wybrane tytu\u0142y rozdzia\u0142\u00f3w ksi\u0105\u017cki Andrzeja Chwalby i Wojciecha Harpuli \u2013 znanego duetu autor\u00f3w znakomitych ksi\u0105\u017cek historycznych. Nie jest to jednak leksykon dotycz\u0105cy ludowej historii Polski. Ka\u017cdy z rozdzia\u0142\u00f3w to wieloaspektowa i wci\u0105gaj\u0105ca opowie\u015b\u0107 o historycznej roli oraz codziennej egzystencji ludzi, kt\u00f3rzy stanowili trzy czwarte mieszka\u0144c\u00f3w ziem Polski. Jakim zmianom ulega\u0142 przez wieki los polskiego ch\u0142opstwa? Jak wygl\u0105da\u0142y codzienne zmagania \u201echama\u201d z \u201epanem\u201d? Co ch\u0142opi jedli i pili? Kto ich bi\u0142, kogo bili oni? W co wierzyli, kogo szanowali, kim pogardzali? W czym pok\u0142adali nadzieje?<br \/>\nHistoria Polski by\u0142a jak dot\u0105d pisana przez tych, kt\u00f3rzy pa\u0144stwem rz\u0105dzili, a p\u00f3\u017aniej, po jego utracie, pr\u00f3bowali je odzyska\u0107. Nie by\u0142a to jednak historia ch\u0142op\u00f3w. W PRL-u, ale i w ostatnich latach, prace dotycz\u0105ce w\u0142o\u015bcian zazwyczaj ska\u017cone by\u0142y ideologi\u0105.<br \/>\nAndrzej Chwalba i Wojciech Harpula przedstawiaj\u0105 ich histori\u0119 obiektywnie. Nie opowiadaj\u0105 si\u0119 po \u017cadnej ze stron, unikaj\u0105 publicystycznych uproszcze\u0144, a zamiast \u0142atwych odpowiedzi proponuj\u0105 rzeteln\u0105, opart\u0105 na umiej\u0119tnie wykorzystywanych \u017ar\u00f3d\u0142ach opowie\u015b\u0107 oraz zagadnienia prowokuj\u0105ce do przemy\u015ble\u0144 i w\u0142asnych poszukiwa\u0144.<\/p>\n","protected":false},"excerpt":{"rendered":"<p>Autor: Andrzej Chwalba Wojciech Harpula Wydawca: Literackie Oprawa: Mi\u0119kka ze [&hellip;]<\/p>\n","protected":false},"featured_media":15706,"template":"","meta":[],"product_brand":[],"product_cat":[38],"product_tag":[71,67],"class_list":{"0":"post-15705","1":"product","2":"type-product","3":"status-publish","4":"has-post-thumbnail","6":"product_cat-historia","7":"product_tag-historia","8":"product_tag-historia-polski","10":"first","11":"instock","12":"sale","13":"shipping-taxable","14":"purchasable","15":"product-type-simple"},"_links":{"self":[{"href":"https:\/\/ksiegarnia-akademicka.pl\/index.php\/wp-json\/wp\/v2\/product\/15705","targetHints":{"allow":["GET"]}}],"collection":[{"href":"https:\/\/ksiegarnia-akademicka.pl\/index.php\/wp-json\/wp\/v2\/product"}],"about":[{"href":"https:\/\/ksiegarnia-akademicka.pl\/index.php\/wp-json\/wp\/v2\/types\/product"}],"wp:featuredmedia":[{"embeddable":true,"href":"https:\/\/ksiegarnia-akademicka.pl\/index.php\/wp-json\/wp\/v2\/media\/15706"}],"wp:attachment":[{"href":"https:\/\/ksiegarnia-akademicka.pl\/index.php\/wp-json\/wp\/v2\/media?parent=15705"}],"wp:term":[{"taxonomy":"product_brand","embeddable":true,"href":"https:\/\/ksiegarnia-akademicka.pl\/index.php\/wp-json\/wp\/v2\/product_brand?post=15705"},{"taxonomy":"product_cat","embeddable":true,"href":"https:\/\/ksiegarnia-akademicka.pl\/index.php\/wp-json\/wp\/v2\/product_cat?post=15705"},{"taxonomy":"product_tag","embeddable":true,"href":"https:\/\/ksiegarnia-akademicka.pl\/index.php\/wp-json\/wp\/v2\/product_tag?post=15705"}],"curies":[{"name":"wp","href":"https:\/\/api.w.org\/{rel}","templated":true}]}}