{"id":15700,"date":"2022-11-08T09:30:59","date_gmt":"2022-11-08T08:30:59","guid":{"rendered":"http:\/\/ksiegarnia-akademicka.pl\/?post_type=product&#038;p=15700"},"modified":"2022-11-08T09:30:59","modified_gmt":"2022-11-08T08:30:59","slug":"transport-tendencje-zmian-2","status":"publish","type":"product","link":"https:\/\/ksiegarnia-akademicka.pl\/index.php\/product\/transport-tendencje-zmian-2\/","title":{"rendered":"Transport Tendencje zmian"},"content":{"rendered":"<p>Redakcja: Wojew\u00f3dzka-Kr\u00f3l Krystyna, Za\u0142oga El\u017cbieta<br \/>\nWydawca: Wydawnictwo Naukowe PWN<br \/>\nOprawa: Mi\u0119kka<br \/>\nFormat: 16.5&#215;23.5cm<br \/>\nLiczba stron: 760<br \/>\nWydanie: 7<br \/>\nRok wydania: 2022<br \/>\nJ\u0119zyk wydania: polski<\/p>\n<p>Wydawnictwo PWN z rado\u015bci\u0105 przedstawia najnowsze, ju\u017c 7. wydanie przekrojowej publikacji TRANSPORT. Od czasu wydania poprzedniej wersji tej publikacji zasz\u0142y bardzo powa\u017cne zmiany w transporcie i odczuwalny jest ju\u017c od dawna brak aktualnej wersji ksi\u0105\u017cki o charakterze kompendium wiedzy o transporcie. Zgodnie z opini\u0105 prof. GWSH dr hab. Marii Micha\u0142owskiej \u201eto jedyny w Polsce podr\u0119cznik akademicki, kt\u00f3ry w za\u0142o\u017ceniu ma obejmowa\u0107 szerokie spektrum problem\u00f3w stanowi\u0105cych aktualn\u0105 rzeczywisto\u015b\u0107 dotycz\u0105c\u0105 funkcjonowania i rozwoju transportu w zmieniaj\u0105cym si\u0119 otoczeniu\u201d. W najnowszym wydaniu TRANSPORTU po\u0142o\u017cono nacisk na innowacje w r\u00f3\u017cnych ga\u0142\u0119ziach transportu, nowe wymagania \u015brodowiskowe, now\u0105 aktualn\u0105 polityk\u0119 Unii Europejskiej wobec transportu, problemy dostosowania infrastruktury transportu do nowych wyzwa\u0144, czy transport w zintegrowanych \u0142a\u0144cuchach logistycznych, a tak\u017ce r\u00f3\u017cne problemy zw. ze spedycj\u0105. W\u015br\u00f3d Autor\u00f3w najnowszego wydania TRANPORTU s\u0105 wybitni przedstawiciele \u015bwiata nauki, jak i gospodarki w Polsce, profesorowie tytularni wy\u017cszych uczelni: prof. dr hab. Krystyna Wojew\u00f3dzka-Kr\u00f3l, prof. dr hab. El\u017cbieta Za\u0142oga, prof. dr hab. Juliusz Engelhardt, prof. dr hab. Andrzej Grzelakowski, prof. dr hab. Andrzej Ruci\u0144ski, prof. dr hab. Danuta Ruci\u0144ska, prof. dr hab. W\u0142odzimierz Rydzkowski, prof. dr hab. Krzysztof Sza\u0142ucki i prof. dr hab. Olgierd Wyszomirski. Sk\u0142ad autorski, uniwersalno\u015b\u0107 i kompleksowo\u015b\u0107 oraz wysoki poziom merytoryczny sprawiaj\u0105, \u017ce ksi\u0105\u017cka TRANSPORT. TENDENCJE ZMIAN jest jedynym dost\u0119pnym na rynku systemowym uj\u0119ciem problem\u00f3w transportu, potrzebnym zar\u00f3wno studentom, jak i praktykom gospodarczym.<\/p>\n","protected":false},"excerpt":{"rendered":"<p>Redakcja: Wojew\u00f3dzka-Kr\u00f3l Krystyna, Za\u0142oga El\u017cbieta Wydawca: Wydawnictwo Naukowe PWN Oprawa: [&hellip;]<\/p>\n","protected":false},"featured_media":15701,"template":"","meta":[],"product_brand":[],"product_cat":[7535],"product_tag":[511,642],"class_list":{"0":"post-15700","1":"product","2":"type-product","3":"status-publish","4":"has-post-thumbnail","6":"product_cat-transport-2","7":"product_tag-infrastruktura-transportu","8":"product_tag-transport","10":"first","11":"instock","12":"sale","13":"shipping-taxable","14":"purchasable","15":"product-type-simple"},"_links":{"self":[{"href":"https:\/\/ksiegarnia-akademicka.pl\/index.php\/wp-json\/wp\/v2\/product\/15700","targetHints":{"allow":["GET"]}}],"collection":[{"href":"https:\/\/ksiegarnia-akademicka.pl\/index.php\/wp-json\/wp\/v2\/product"}],"about":[{"href":"https:\/\/ksiegarnia-akademicka.pl\/index.php\/wp-json\/wp\/v2\/types\/product"}],"wp:featuredmedia":[{"embeddable":true,"href":"https:\/\/ksiegarnia-akademicka.pl\/index.php\/wp-json\/wp\/v2\/media\/15701"}],"wp:attachment":[{"href":"https:\/\/ksiegarnia-akademicka.pl\/index.php\/wp-json\/wp\/v2\/media?parent=15700"}],"wp:term":[{"taxonomy":"product_brand","embeddable":true,"href":"https:\/\/ksiegarnia-akademicka.pl\/index.php\/wp-json\/wp\/v2\/product_brand?post=15700"},{"taxonomy":"product_cat","embeddable":true,"href":"https:\/\/ksiegarnia-akademicka.pl\/index.php\/wp-json\/wp\/v2\/product_cat?post=15700"},{"taxonomy":"product_tag","embeddable":true,"href":"https:\/\/ksiegarnia-akademicka.pl\/index.php\/wp-json\/wp\/v2\/product_tag?post=15700"}],"curies":[{"name":"wp","href":"https:\/\/api.w.org\/{rel}","templated":true}]}}