{"id":15606,"date":"2022-10-24T16:02:38","date_gmt":"2022-10-24T14:02:38","guid":{"rendered":"http:\/\/ksiegarnia-akademicka.pl\/?post_type=product&#038;p=15606"},"modified":"2022-10-24T16:03:00","modified_gmt":"2022-10-24T14:03:00","slug":"kosmetologia-w-pigulce-kompendium","status":"publish","type":"product","link":"https:\/\/ksiegarnia-akademicka.pl\/index.php\/product\/kosmetologia-w-pigulce-kompendium\/","title":{"rendered":"Kosmetologia w pigu\u0142ce. Kompendium"},"content":{"rendered":"<p>Autor:<br \/>\nW. Faruga-Lewicka<br \/>\nWydawca: Edra Urban &amp; Partner<br \/>\nOprawa: Mi\u0119kka<br \/>\nFormat: 16.5&#215;23.5cm<br \/>\nLiczba stron: 136<br \/>\nRok wydania: 2022<br \/>\nJ\u0119zyk wydania: polski<\/p>\n<p>\u201eKosmetologia w pigu\u0142ce\u201d to kompendium wiedzy niezb\u0119dnej w trakcie studi\u00f3w licencjackich z zakresu kosmetologii, dla s\u0142uchaczy kierunku technik us\u0142ug kosmetycznych oraz dla os\u00f3b przygotowuj\u0105cych si\u0119 do egzamin\u00f3w ko\u0144cz\u0105cych kszta\u0142cenie. Esencja najwa\u017cniejszych informacji, dzi\u0119ki kt\u00f3rym szybko i komfortowo przyswoisz najwa\u017cniejsze zagadnienia. Dla mnie ogromna przyjemno\u015b\u0107, \u017ce mog\u0119 si\u0119 ni\u0105 z Tob\u0105 podzieli\u0107!<br \/>\nWioleta FARUGA-LEWICKA<br \/>\nW publikacji m.in.:<br \/>\n\u2022 regulacje prawne zawod\u00f3w kosmetyczki i kosmetologa<br \/>\n\u2022 proces dezynfekcji i sterylizacji oraz zasady BHP obowi\u0105zuj\u0105ce w salonie kosmetycznym<br \/>\n\u2022 budowa sk\u00f3ry i typy cery<br \/>\n\u2022 zabiegi kosmetyczne dla r\u00f3\u017cnych typ\u00f3w cer<br \/>\n\u2022 proces starzenia si\u0119 sk\u00f3ry<br \/>\n\u2022 charakterystyka sk\u00f3ry dzieci, m\u0119\u017cczyzn oraz kobiet w ci\u0105\u017cy<br \/>\n\u2022 tr\u0105dzik pospolity i jego odmiany<br \/>\n\u2022 substancje kosmetyczne i zabiegi gabinetowe stosowane w przypadku cery tr\u0105dzikowej<br \/>\n\u2022 peelingi chemiczne w kosmetologii<br \/>\n\u2022 zabiegi o dzia\u0142aniu antycellulitowym, modeluj\u0105cym sylwetk\u0119<br \/>\n\u2022 sk\u0142adniki aktywne i zabiegi stosowane w redukcji widoczno\u015bci rozst\u0119p\u00f3w<br \/>\n\u2022 podstawy dermatologii, trychologii i podologii<\/p>\n","protected":false},"excerpt":{"rendered":"<p>Autor: W. Faruga-Lewicka Wydawca: Edra Urban &amp; Partner Oprawa: Mi\u0119kka [&hellip;]<\/p>\n","protected":false},"featured_media":15607,"template":"","meta":[],"product_brand":[],"product_cat":[8138,7493,44],"product_tag":[2861,4934,3994],"class_list":{"0":"post-15606","1":"product","2":"type-product","3":"status-publish","4":"has-post-thumbnail","6":"product_cat-dermatologia","7":"product_cat-medycyna","8":"product_cat-nauki-medyczne","9":"product_tag-dermatologia","10":"product_tag-kosmetologia","11":"product_tag-medycyna","13":"first","14":"instock","15":"sale","16":"shipping-taxable","17":"purchasable","18":"product-type-simple"},"_links":{"self":[{"href":"https:\/\/ksiegarnia-akademicka.pl\/index.php\/wp-json\/wp\/v2\/product\/15606","targetHints":{"allow":["GET"]}}],"collection":[{"href":"https:\/\/ksiegarnia-akademicka.pl\/index.php\/wp-json\/wp\/v2\/product"}],"about":[{"href":"https:\/\/ksiegarnia-akademicka.pl\/index.php\/wp-json\/wp\/v2\/types\/product"}],"wp:featuredmedia":[{"embeddable":true,"href":"https:\/\/ksiegarnia-akademicka.pl\/index.php\/wp-json\/wp\/v2\/media\/15607"}],"wp:attachment":[{"href":"https:\/\/ksiegarnia-akademicka.pl\/index.php\/wp-json\/wp\/v2\/media?parent=15606"}],"wp:term":[{"taxonomy":"product_brand","embeddable":true,"href":"https:\/\/ksiegarnia-akademicka.pl\/index.php\/wp-json\/wp\/v2\/product_brand?post=15606"},{"taxonomy":"product_cat","embeddable":true,"href":"https:\/\/ksiegarnia-akademicka.pl\/index.php\/wp-json\/wp\/v2\/product_cat?post=15606"},{"taxonomy":"product_tag","embeddable":true,"href":"https:\/\/ksiegarnia-akademicka.pl\/index.php\/wp-json\/wp\/v2\/product_tag?post=15606"}],"curies":[{"name":"wp","href":"https:\/\/api.w.org\/{rel}","templated":true}]}}