{"id":15561,"date":"2022-10-03T15:27:35","date_gmt":"2022-10-03T13:27:35","guid":{"rendered":"http:\/\/ksiegarnia-akademicka.pl\/?post_type=product&#038;p=15561"},"modified":"2022-10-03T15:27:37","modified_gmt":"2022-10-03T13:27:37","slug":"farmakologia-danysza-kompendium-farmakologii-i-farmakoterapii","status":"publish","type":"product","link":"https:\/\/ksiegarnia-akademicka.pl\/index.php\/product\/farmakologia-danysza-kompendium-farmakologii-i-farmakoterapii\/","title":{"rendered":"Farmakologia Danysza Kompendium farmakologii i farmakoterapii"},"content":{"rendered":"<p>Autor:<br \/>\nAndrzej Danysz<br \/>\nW\u0142odzimierz Buczko<br \/>\nWydawca: Edra Urban &amp; Partner<br \/>\nOprawa: Mi\u0119kka<br \/>\nFormat: 21.0&#215;27.0cm<br \/>\nLiczba stron: 430<br \/>\nWydanie: 6<br \/>\nRok wydania: 2022<br \/>\nJ\u0119zyk wydania: polski<\/p>\n<p>W wydaniu VI podr\u0119cznika, ca\u0142kowicie uaktuanionym, znajduj\u0105 si\u0119 podstawowe wiadomo\u015bci o lekach, stosowane obecnie standardy terapeutyczne oraz nazwy mi\u0119dzynarodowe lub rodzajowe lek\u00f3w i ich dawkowanie, pomini\u0119to natomiast nazwy handlowe. Dokonano tak\u017ce krytycznej oceny niekt\u00f3rych lek\u00f3w stosowanych dotychczas w terapii.<\/p>\n","protected":false},"excerpt":{"rendered":"<p>Autor: Andrzej Danysz W\u0142odzimierz Buczko Wydawca: Edra Urban &amp; Partner [&hellip;]<\/p>\n","protected":false},"featured_media":15562,"template":"","meta":[],"product_brand":[],"product_cat":[8037,7493],"product_tag":[4269,5162,4807],"class_list":{"0":"post-15561","1":"product","2":"type-product","3":"status-publish","4":"has-post-thumbnail","6":"product_cat-farmacja","7":"product_cat-medycyna","8":"product_tag-farmacja","9":"product_tag-farmakologia","10":"product_tag-toksykologia","12":"first","13":"instock","14":"sale","15":"shipping-taxable","16":"purchasable","17":"product-type-simple"},"_links":{"self":[{"href":"https:\/\/ksiegarnia-akademicka.pl\/index.php\/wp-json\/wp\/v2\/product\/15561","targetHints":{"allow":["GET"]}}],"collection":[{"href":"https:\/\/ksiegarnia-akademicka.pl\/index.php\/wp-json\/wp\/v2\/product"}],"about":[{"href":"https:\/\/ksiegarnia-akademicka.pl\/index.php\/wp-json\/wp\/v2\/types\/product"}],"wp:featuredmedia":[{"embeddable":true,"href":"https:\/\/ksiegarnia-akademicka.pl\/index.php\/wp-json\/wp\/v2\/media\/15562"}],"wp:attachment":[{"href":"https:\/\/ksiegarnia-akademicka.pl\/index.php\/wp-json\/wp\/v2\/media?parent=15561"}],"wp:term":[{"taxonomy":"product_brand","embeddable":true,"href":"https:\/\/ksiegarnia-akademicka.pl\/index.php\/wp-json\/wp\/v2\/product_brand?post=15561"},{"taxonomy":"product_cat","embeddable":true,"href":"https:\/\/ksiegarnia-akademicka.pl\/index.php\/wp-json\/wp\/v2\/product_cat?post=15561"},{"taxonomy":"product_tag","embeddable":true,"href":"https:\/\/ksiegarnia-akademicka.pl\/index.php\/wp-json\/wp\/v2\/product_tag?post=15561"}],"curies":[{"name":"wp","href":"https:\/\/api.w.org\/{rel}","templated":true}]}}