{"id":155,"date":"2018-05-22T12:40:52","date_gmt":"2018-05-22T10:40:52","guid":{"rendered":"http:\/\/ksiegarnia-akademicka.pl\/index.php\/product\/podstawy-ekonomii-cwiczenia-i-zadania\/"},"modified":"2025-12-09T15:33:16","modified_gmt":"2025-12-09T14:33:16","slug":"podstawy-ekonomii-cwiczenia-i-zadania","status":"publish","type":"product","link":"https:\/\/ksiegarnia-akademicka.pl\/index.php\/product\/podstawy-ekonomii-cwiczenia-i-zadania\/","title":{"rendered":"Podstawy ekonomii \u0106wiczenia i zadania"},"content":{"rendered":"<p>Autor: Eugeniusz Kwiatkowski, Leszek Kucharski<br \/>\nRedakcja: Kwiatkowski Eugeniusz, Kucharski Leszek<br \/>\nWydawca: Wydawnictwo Naukowe PWN<br \/>\nOprawa: Mi\u0119kka<br \/>\nFormat: 16.5&#215;23.5cm<br \/>\nLiczba stron: 322<br \/>\nWydanie: 4<br \/>\nRok wydania: 2022<br \/>\nJ\u0119zyk wydania: polski<\/p>\n<p>Zawarty w publikacji \u201ePodstawy ekonomii. \u0106wiczenia i zadania\u201d materia\u0142 pozwala nie tylko pog\u0142\u0119bi\u0107 i utrwali\u0107 wiedz\u0119 oraz umiej\u0119tno\u015bci pos\u0142ugiwania si\u0119 podstawowymi kategoriami i narz\u0119dziami analizy ekonomicznej, ale r\u00f3wnie\u017c szybko sprawdzi\u0107 stopie\u0144 opanowania nabytej wiedzy.<br \/>\nUk\u0142ad nowego wydania zbioru \u0107wicze\u0144 i zada\u0144 odpowiada uk\u0142adowi podr\u0119cznika g\u0142\u00f3wnego \u2013 \u201ePodstawy ekonomii\u201d pod red. Romana Milewskiego i Eugeniusza Kwiatkowskiego, (IV wydanie, Wydawnictwo Naukowe PWN, Warszawa 2018). \u0106wiczenia zawieraj\u0105, dostosowane do poszczeg\u00f3lnych rozdzia\u0142\u00f3w, testy prawda-fa\u0142sz, testy wyboru z jedn\u0105 tylko prawdziw\u0105 odpowiedzi\u0105, a tak\u017ce zadania oraz problemy do dyskusji. Na zako\u0144czenie ka\u017cdego rozdzia\u0142u zamieszczone s\u0105 odpowiedzi do test\u00f3w i zada\u0144.<br \/>\nMateria\u0142 przeznaczony jest do wykorzystania na zaj\u0119ciach i samodzielnej pracy w domu. Jest niezb\u0119dnym \u017ar\u00f3d\u0142em wiedzy do student\u00f3w ekonomii i zarz\u0105dzania w zakresie przedmiot\u00f3w: podstawy ekonomii, mikroekonomia, makroekonomia.. Mo\u017ce by\u0107 r\u00f3wnie\u017c wykorzystywany do wyk\u0142ad\u00f3w z ekonometrii i prognozowania proces\u00f3w ekonomicznych oraz mikroekonomii i funkcjonowania przedsi\u0119biorstw.<\/p>\n","protected":false},"excerpt":{"rendered":"<p>Autor: Eugeniusz Kwiatkowski, Leszek Kucharski Redakcja: Kwiatkowski Eugeniusz, Kucharski Leszek [&hellip;]<\/p>\n","protected":false},"featured_media":11692,"template":"","meta":[],"product_brand":[],"product_cat":[17,7499],"product_tag":[350,337,349,259],"class_list":{"0":"post-155","1":"product","2":"type-product","3":"status-publish","4":"has-post-thumbnail","6":"product_cat-ekonomia","7":"product_cat-makro-i-mikroekonomia","8":"product_tag-cwiczenia-i-zadania","9":"product_tag-ekonomia","10":"product_tag-makro-i-mikroekonomia","11":"product_tag-podreczniki-akademickie","13":"first","14":"outofstock","15":"sale","16":"shipping-taxable","17":"purchasable","18":"product-type-simple"},"_links":{"self":[{"href":"https:\/\/ksiegarnia-akademicka.pl\/index.php\/wp-json\/wp\/v2\/product\/155","targetHints":{"allow":["GET"]}}],"collection":[{"href":"https:\/\/ksiegarnia-akademicka.pl\/index.php\/wp-json\/wp\/v2\/product"}],"about":[{"href":"https:\/\/ksiegarnia-akademicka.pl\/index.php\/wp-json\/wp\/v2\/types\/product"}],"wp:featuredmedia":[{"embeddable":true,"href":"https:\/\/ksiegarnia-akademicka.pl\/index.php\/wp-json\/wp\/v2\/media\/11692"}],"wp:attachment":[{"href":"https:\/\/ksiegarnia-akademicka.pl\/index.php\/wp-json\/wp\/v2\/media?parent=155"}],"wp:term":[{"taxonomy":"product_brand","embeddable":true,"href":"https:\/\/ksiegarnia-akademicka.pl\/index.php\/wp-json\/wp\/v2\/product_brand?post=155"},{"taxonomy":"product_cat","embeddable":true,"href":"https:\/\/ksiegarnia-akademicka.pl\/index.php\/wp-json\/wp\/v2\/product_cat?post=155"},{"taxonomy":"product_tag","embeddable":true,"href":"https:\/\/ksiegarnia-akademicka.pl\/index.php\/wp-json\/wp\/v2\/product_tag?post=155"}],"curies":[{"name":"wp","href":"https:\/\/api.w.org\/{rel}","templated":true}]}}