{"id":15421,"date":"2022-03-23T09:01:15","date_gmt":"2022-03-23T08:01:15","guid":{"rendered":"http:\/\/ksiegarnia-akademicka.pl\/?post_type=product&#038;p=15421"},"modified":"2022-03-23T09:01:16","modified_gmt":"2022-03-23T08:01:16","slug":"medycyna-fizykalna-w-praktyce-klinicznej","status":"publish","type":"product","link":"https:\/\/ksiegarnia-akademicka.pl\/index.php\/product\/medycyna-fizykalna-w-praktyce-klinicznej\/","title":{"rendered":"Medycyna fizykalna w praktyce klinicznej"},"content":{"rendered":"<p>Autor:<br \/>\nWojciech Kasprzak<br \/>\nAgata Ma\u0144kowska<br \/>\nWydawca: PZWL<br \/>\nOprawa: Mi\u0119kka<br \/>\nFormat: 16.5&#215;23.5cm<br \/>\nLiczba stron: 390<br \/>\nWydanie: 1<br \/>\nRok wydania: 2022<br \/>\nJ\u0119zyk wydania: polski<\/p>\n<p>Rozw\u00f3j medycyny fizykalnej, rosn\u0105ca \u015bwiadomo\u015b\u0107 jej potencjalnych mo\u017cliwo\u015bci oraz post\u0119p techniki spowodowa\u0142y, \u017ce sta\u0142a si\u0119 ona istotnym elementem terapii coraz wi\u0119kszej liczby schorze\u0144.<br \/>\nPodr\u0119cznik przedstawia w nowoczesnym, nieschematycznym uj\u0119ciu wszystkie zagadnienia zwi\u0105zane z medycyn\u0105 fizykaln\u0105.<br \/>\nW publikacji przedstawiono jej podstawy fizjologiczne, rodzaje bod\u017ac\u00f3w fizykalnych, fizykalne metody diagnostyczne przydatne w pracy fizjoterapeuty, a tak\u017ce w szczeg\u00f3\u0142owy spos\u00f3b metodyk\u0119 poszczeg\u00f3lnych zabieg\u00f3w oraz jednoczesnego stosowania kilku zabieg\u00f3w.<br \/>\nObszerny rozdzia\u0142 po\u015bwi\u0119cono zabiegom z pogranicza fizjoterapii, medycyny uzdrowiskowej i turystyki zdrowotnej. Na szczeg\u00f3ln\u0105 uwag\u0119 zas\u0142uguje rozdzia\u0142 pt. \u201eMedycyna fizykalna w wybranych chorobach i stanach klinicznych\u201d. Czytelnik znajdzie w nim opis ponad 40 chor\u00f3b i specyficznych stan\u00f3w klinicznych, w kt\u00f3rych mo\u017cna w\u0142\u0105czy\u0107 do leczenia r\u00f3\u017cne formy fizjoterapii.<br \/>\nKsi\u0105\u017cka jest kompleksowym \u017ar\u00f3d\u0142em wiedzy dla lekarzy i fizjoterapeut\u00f3w, kt\u00f3rzy potrzebuj\u0105 od\u015bwie\u017cy\u0107 informacje zdobyte w toku swojej edukacji oraz student\u00f3w pragn\u0105cych usystematyzowa\u0107 swoj\u0105 wiedz\u0119 przed egzaminem.<\/p>\n","protected":false},"excerpt":{"rendered":"<p>Autor: Wojciech Kasprzak Agata Ma\u0144kowska Wydawca: PZWL Oprawa: Mi\u0119kka Format: [&hellip;]<\/p>\n","protected":false},"featured_media":15422,"template":"","meta":[],"product_brand":[],"product_cat":[8069,7493],"product_tag":[1498,5853],"class_list":{"0":"post-15421","1":"product","2":"type-product","3":"status-publish","4":"has-post-thumbnail","6":"product_cat-fizjologia","7":"product_cat-medycyna","8":"product_tag-fizjoterapia","9":"product_tag-rehabilitacja","11":"first","12":"instock","13":"sale","14":"shipping-taxable","15":"purchasable","16":"product-type-simple"},"_links":{"self":[{"href":"https:\/\/ksiegarnia-akademicka.pl\/index.php\/wp-json\/wp\/v2\/product\/15421","targetHints":{"allow":["GET"]}}],"collection":[{"href":"https:\/\/ksiegarnia-akademicka.pl\/index.php\/wp-json\/wp\/v2\/product"}],"about":[{"href":"https:\/\/ksiegarnia-akademicka.pl\/index.php\/wp-json\/wp\/v2\/types\/product"}],"wp:featuredmedia":[{"embeddable":true,"href":"https:\/\/ksiegarnia-akademicka.pl\/index.php\/wp-json\/wp\/v2\/media\/15422"}],"wp:attachment":[{"href":"https:\/\/ksiegarnia-akademicka.pl\/index.php\/wp-json\/wp\/v2\/media?parent=15421"}],"wp:term":[{"taxonomy":"product_brand","embeddable":true,"href":"https:\/\/ksiegarnia-akademicka.pl\/index.php\/wp-json\/wp\/v2\/product_brand?post=15421"},{"taxonomy":"product_cat","embeddable":true,"href":"https:\/\/ksiegarnia-akademicka.pl\/index.php\/wp-json\/wp\/v2\/product_cat?post=15421"},{"taxonomy":"product_tag","embeddable":true,"href":"https:\/\/ksiegarnia-akademicka.pl\/index.php\/wp-json\/wp\/v2\/product_tag?post=15421"}],"curies":[{"name":"wp","href":"https:\/\/api.w.org\/{rel}","templated":true}]}}