{"id":15409,"date":"2022-03-17T10:10:42","date_gmt":"2022-03-17T09:10:42","guid":{"rendered":"http:\/\/ksiegarnia-akademicka.pl\/?post_type=product&#038;p=15409"},"modified":"2024-12-05T08:52:44","modified_gmt":"2024-12-05T07:52:44","slug":"cel-inflacyjny-w-polsce-zalozenia-i-realizacja-2","status":"publish","type":"product","link":"https:\/\/ksiegarnia-akademicka.pl\/index.php\/product\/cel-inflacyjny-w-polsce-zalozenia-i-realizacja-2\/","title":{"rendered":"Cel inflacyjny w Polsce za\u0142o\u017cenia i realizacja"},"content":{"rendered":"<p>Autor:<br \/>\nMagdalena Musielak-Linkowska<br \/>\nWydawca: CeDeWu<br \/>\nOprawa: Mi\u0119kka<br \/>\nFormat: 16.5&#215;23.5cm<br \/>\nLiczba stron: 170<br \/>\nWydanie: 2<br \/>\nRok wydania: 2022<br \/>\nJ\u0119zyk wydania: polski<\/p>\n<p>System polityki gospodarczej oddzia\u0142uje na wiele aspekt\u00f3w i dziedzin procesu gospodarczego. W gospodarce rynkowej, w\u015br\u00f3d czynnik\u00f3w i mechanizm\u00f3w oddzia\u0142ywania na gospodark\u0119, szczeg\u00f3ln\u0105 rol\u0119 odgrywa pieni\u0105dz. Polityka pieni\u0119\u017cna, reguluj\u0105c poda\u017c pieni\u0105dza i popyt na niego, steruje jednocze\u015bnie strumieniem zagregowanego popytu i wydatk\u00f3w, wp\u0142ywaj\u0105c w ten spos\u00f3b na poziom aktywno\u015bci gospodarczej i przebieg cyklu koniunkturalnego. We wsp\u00f3\u0142czesnej bankowo\u015bci centralnej powszechnie przyjmuje si\u0119, i\u017c podstawowym i najwa\u017cniejszym celem ostatecznym polityki pieni\u0119\u017cnej powinno by\u0107 d\u0105\u017cenie do osi\u0105gni\u0119cia i utrzymywania stabilnej niskiej inflacji.<\/p>\n<p>W ksi\u0105\u017cce przedstawiono analiz\u0119 realizacji celu inflacyjnego w Polsce, uwzgl\u0119dniaj\u0105c og\u00f3ln\u0105 prezentacj\u0119 polityki pieni\u0119\u017cnej do 1998 r. oraz szczeg\u00f3\u0142ow\u0105 ocen\u0119 realizacji strategii bezpo\u015bredniego celu inflacyjnego od 1999 r. W celu uj\u0119cia mo\u017cliwie wielu aspekt\u00f3w sk\u0142adaj\u0105cych si\u0119 na og\u00f3lny obraz prowadzonej polityki pieni\u0119\u017cnej dokonano realizacji strategii bezpo\u015bredniego celu inflacyjnego w Polsce z r\u00f3\u017cnych punkt\u00f3w widzenia.<\/p>\n<p>Ponadto w ksi\u0105\u017cce:<br \/>\n\u2022 podsumowano realizacj\u0119 celu inflacyjnego, zar\u00f3wno w odniesieniu do zak\u0142adanych poziom\u00f3w celu, jak i w odniesieniu do warto\u015bci referencyjnej z Maastricht;<br \/>\n\u2022 oceniono skuteczno\u015b\u0107 strategii BCI w odniesieniu do wynik\u00f3w weryfikacji postawionej w pracy hipotezy;<br \/>\n\u2022 podj\u0119to pr\u00f3b\u0119 wskazania potencjalnych czynnik\u00f3w mog\u0105cych wp\u0142yn\u0105\u0107 na efekty realizacji strategii BCI w Polsce;<br \/>\n\u2022 sformu\u0142owano rekomendacje dla polityki pieni\u0119\u017cnej w Polsce co do przysz\u0142ych jej zada\u0144 i kierunk\u00f3w dzia\u0142ania.<\/p>\n","protected":false},"excerpt":{"rendered":"<p>Autor: Magdalena Musielak-Linkowska Wydawca: CeDeWu Oprawa: Mi\u0119kka Format: 16.5&#215;23.5cm Liczba [&hellip;]<\/p>\n","protected":false},"featured_media":15410,"template":"","meta":[],"product_brand":[],"product_cat":[17,7499],"product_tag":[337,346],"class_list":{"0":"post-15409","1":"product","2":"type-product","3":"status-publish","4":"has-post-thumbnail","6":"product_cat-ekonomia","7":"product_cat-makro-i-mikroekonomia","8":"product_tag-ekonomia","9":"product_tag-inflacja","11":"first","12":"instock","13":"sale","14":"shipping-taxable","15":"purchasable","16":"product-type-simple"},"_links":{"self":[{"href":"https:\/\/ksiegarnia-akademicka.pl\/index.php\/wp-json\/wp\/v2\/product\/15409","targetHints":{"allow":["GET"]}}],"collection":[{"href":"https:\/\/ksiegarnia-akademicka.pl\/index.php\/wp-json\/wp\/v2\/product"}],"about":[{"href":"https:\/\/ksiegarnia-akademicka.pl\/index.php\/wp-json\/wp\/v2\/types\/product"}],"wp:featuredmedia":[{"embeddable":true,"href":"https:\/\/ksiegarnia-akademicka.pl\/index.php\/wp-json\/wp\/v2\/media\/15410"}],"wp:attachment":[{"href":"https:\/\/ksiegarnia-akademicka.pl\/index.php\/wp-json\/wp\/v2\/media?parent=15409"}],"wp:term":[{"taxonomy":"product_brand","embeddable":true,"href":"https:\/\/ksiegarnia-akademicka.pl\/index.php\/wp-json\/wp\/v2\/product_brand?post=15409"},{"taxonomy":"product_cat","embeddable":true,"href":"https:\/\/ksiegarnia-akademicka.pl\/index.php\/wp-json\/wp\/v2\/product_cat?post=15409"},{"taxonomy":"product_tag","embeddable":true,"href":"https:\/\/ksiegarnia-akademicka.pl\/index.php\/wp-json\/wp\/v2\/product_tag?post=15409"}],"curies":[{"name":"wp","href":"https:\/\/api.w.org\/{rel}","templated":true}]}}