{"id":15344,"date":"2022-02-28T10:13:07","date_gmt":"2022-02-28T09:13:07","guid":{"rendered":"http:\/\/ksiegarnia-akademicka.pl\/?post_type=product&#038;p=15344"},"modified":"2022-02-28T10:14:11","modified_gmt":"2022-02-28T09:14:11","slug":"patologie-spoleczne-wymiar-personalny-i-strukturalny","status":"publish","type":"product","link":"https:\/\/ksiegarnia-akademicka.pl\/index.php\/product\/patologie-spoleczne-wymiar-personalny-i-strukturalny\/","title":{"rendered":"Patologie spo\u0142eczne Wymiar personalny i strukturalny"},"content":{"rendered":"<p>Autor: Andrzej Urbanek, Joanna Grubicka, Dorota Zbroszczyk<br \/>\nWydawnictwo Akademii Pomorskiej<br \/>\nRok wydania: 2021<br \/>\nIlo\u015b\u0107 stron: 677<\/p>\n<p>Niniejsza monografia jest efektem realizacji w latach 2017\u20132020 projektu \u201eTeoretyczne i praktyczne aspekty bezpiecze\u0144stwa personalnego\u201d, zadania badawczego pn. \u201ePersonalny i strukturalny wymiar patologii spo\u0142ecznych\u201d, dofinansowanego w ramach bada\u0144 statutowych w Akademii Pomorskiej w S\u0142upsku. W pracach badawczych brali udzia\u0142 przedstawiciele Akademii Pomorskiej w S\u0142upsku oraz Uniwersytetu Technologiczno-Humanistycznego im. Kazimierza Pu\u0142askiego w Radomiu. Celem projektu by\u0142a analiza problematyki spo\u0142ecznych patologii przez pryzmat r\u00f3\u017cnych podmiot\u00f3w personalnych (podmiot\u00f3w jednostkowych i zbiorowych) oraz strukturalnych do ludzkiej cywilizacji w\u0142\u0105cznie, a tak\u017ce spojrzenie na powy\u017csze problemy z perspektywy nauk o bezpiecze\u0144stwie, kt\u00f3rych przedmiotem bada\u0144 s\u0105 mi\u0119dzy innymi zagro\u017cenia maj\u0105ce wp\u0142yw na kszta\u0142t i funkcjonowanie szeroko rozumianych system\u00f3w bezpiecze\u0144stwa. Ta r\u00f3\u017cnorodno\u015b\u0107 perspektyw analitycznych wymaga\u0142a podj\u0119cia szeroko zakrojonych prac badawczych, kt\u00f3re nie by\u0142y \u0142atwym zabiegiem. Wymaga\u0142y od badaczy zaanga\u017cowanych w projekt interdyscyplinarnej wiedzy na temat tradycyjnego podej\u015bcia do patologii spo\u0142ecznych i wiedzy o wsp\u00f3\u0142czesnych problemach spo\u0142ecznych, problemach globalnych czy nowych jako\u015bciowo zjawiskach, kt\u00f3re towarzysz\u0105 rozwojowi cyberprzestrzeni. Struktur\u0119 merytoryczno-logiczn\u0105 monografii tworzy osiem rozdzia\u0142\u00f3w, wst\u0119p, zako\u0144czenie, a tak\u017ce s\u0142ownik podstawowych termin\u00f3w zwi\u0105zanych z przedmiotem bada\u0144. (Fragment wst\u0119pu)<\/p>\n","protected":false},"excerpt":{"rendered":"<p>Autor: Andrzej Urbanek, Joanna Grubicka, Dorota Zbroszczyk Wydawnictwo Akademii Pomorskiej [&hellip;]<\/p>\n","protected":false},"featured_media":15346,"template":"","meta":[],"product_brand":[],"product_cat":[27,7509],"product_tag":[4892,1186],"class_list":{"0":"post-15344","1":"product","2":"type-product","3":"status-publish","4":"has-post-thumbnail","6":"product_cat-nauki-spoleczne","7":"product_cat-psychologia","8":"product_tag-patologie-spoleczne","9":"product_tag-psychologia","11":"first","12":"instock","13":"shipping-taxable","14":"purchasable","15":"product-type-simple"},"_links":{"self":[{"href":"https:\/\/ksiegarnia-akademicka.pl\/index.php\/wp-json\/wp\/v2\/product\/15344","targetHints":{"allow":["GET"]}}],"collection":[{"href":"https:\/\/ksiegarnia-akademicka.pl\/index.php\/wp-json\/wp\/v2\/product"}],"about":[{"href":"https:\/\/ksiegarnia-akademicka.pl\/index.php\/wp-json\/wp\/v2\/types\/product"}],"wp:featuredmedia":[{"embeddable":true,"href":"https:\/\/ksiegarnia-akademicka.pl\/index.php\/wp-json\/wp\/v2\/media\/15346"}],"wp:attachment":[{"href":"https:\/\/ksiegarnia-akademicka.pl\/index.php\/wp-json\/wp\/v2\/media?parent=15344"}],"wp:term":[{"taxonomy":"product_brand","embeddable":true,"href":"https:\/\/ksiegarnia-akademicka.pl\/index.php\/wp-json\/wp\/v2\/product_brand?post=15344"},{"taxonomy":"product_cat","embeddable":true,"href":"https:\/\/ksiegarnia-akademicka.pl\/index.php\/wp-json\/wp\/v2\/product_cat?post=15344"},{"taxonomy":"product_tag","embeddable":true,"href":"https:\/\/ksiegarnia-akademicka.pl\/index.php\/wp-json\/wp\/v2\/product_tag?post=15344"}],"curies":[{"name":"wp","href":"https:\/\/api.w.org\/{rel}","templated":true}]}}