{"id":15342,"date":"2022-02-25T14:10:44","date_gmt":"2022-02-25T13:10:44","guid":{"rendered":"http:\/\/ksiegarnia-akademicka.pl\/?post_type=product&#038;p=15342"},"modified":"2022-02-25T14:10:45","modified_gmt":"2022-02-25T13:10:45","slug":"metodyka-pracy-i-odpowiedzialnosc-zawodowa-mediatora-w-postepowaniu-mediacyjnym","status":"publish","type":"product","link":"https:\/\/ksiegarnia-akademicka.pl\/index.php\/product\/metodyka-pracy-i-odpowiedzialnosc-zawodowa-mediatora-w-postepowaniu-mediacyjnym\/","title":{"rendered":"Metodyka pracy i odpowiedzialno\u015b\u0107 zawodowa mediatora w post\u0119powaniu mediacyjnym"},"content":{"rendered":"<p>Liliana Indan-Pykno, Maciej Indan-Pykno<br \/>\nWolters Kluwer<br \/>\nRok publikacji: 2022<br \/>\nWydanie: 1<br \/>\nLiczba stron: 140<br \/>\nSeria: Metodyki<br \/>\nRodzaj: Metodyka<br \/>\nOk\u0142adka: mi\u0119kka<br \/>\nFormat: B5<\/p>\n<p>Mediacja jest jedn\u0105 z najbardziej rozpoznawalnych pozas\u0105dowych metod rozwi\u0105zywania spor\u00f3w. W publikacji om\u00f3wiono zagadnienia dotycz\u0105ce metodyki pracy mediatora oraz jego odpowiedzialno\u015bci za dzia\u0142ania podejmowane podczas prowadzenia post\u0119powania mediacyjnego.<br \/>\nRozwa\u017cania koncentruj\u0105 si\u0119 na kwestiach materialno-prawnych zwi\u0105zanych z problematyk\u0105 systematyzacji i ustalenia zakresu odpowiedzialno\u015bci mediatora:<br \/>\n\u2022 wobec stron post\u0119powania cywilnego,<br \/>\n\u2022 wewn\u0105trzinstytucjonalnej (w razie zrzeszenia mediatora w o\u015brodku mediacyjnym),<br \/>\n\u2022 etycznej,<br \/>\n\u2022 karnej i odszkodowawczej.<\/p>\n<p>Autorzy przedstawiaj\u0105 konsekwencje niew\u0142a\u015bciwego prowadzenia mediacji oraz omawiaj\u0105 pojawiaj\u0105ce si\u0119 w \u015brodowisku w\u0105tpliwo\u015bci dotycz\u0105ce regulacji w zakresie wymaga\u0144 stawianych mediatorom. W publikacji zawarto wzory:<br \/>\n\u2022 umowy o mediacj\u0119,<br \/>\n\u2022 zgody na mediacj\u0119,<br \/>\n\u2022 monologu mediatora,<br \/>\n\u2022 zaproszenia na mediacj\u0119.<\/p>\n<p>Publikacja jest kompendium wiedzy dla przysz\u0142ych mediator\u00f3w.<\/p>\n","protected":false},"excerpt":{"rendered":"<p>Liliana Indan-Pykno, Maciej Indan-Pykno Wolters Kluwer Rok publikacji: 2022 Wydanie: [&hellip;]<\/p>\n","protected":false},"featured_media":15343,"template":"","meta":[],"product_brand":[],"product_cat":[7491,18],"product_tag":[4697,692,615],"class_list":{"0":"post-15342","1":"product","2":"type-product","3":"status-publish","4":"has-post-thumbnail","6":"product_cat-cywilne","7":"product_cat-prawo","8":"product_tag-mediacje","9":"product_tag-postepowanie-cywilne","10":"product_tag-prawo-cywilne","12":"first","13":"instock","14":"sale","15":"shipping-taxable","16":"purchasable","17":"product-type-simple"},"_links":{"self":[{"href":"https:\/\/ksiegarnia-akademicka.pl\/index.php\/wp-json\/wp\/v2\/product\/15342","targetHints":{"allow":["GET"]}}],"collection":[{"href":"https:\/\/ksiegarnia-akademicka.pl\/index.php\/wp-json\/wp\/v2\/product"}],"about":[{"href":"https:\/\/ksiegarnia-akademicka.pl\/index.php\/wp-json\/wp\/v2\/types\/product"}],"wp:featuredmedia":[{"embeddable":true,"href":"https:\/\/ksiegarnia-akademicka.pl\/index.php\/wp-json\/wp\/v2\/media\/15343"}],"wp:attachment":[{"href":"https:\/\/ksiegarnia-akademicka.pl\/index.php\/wp-json\/wp\/v2\/media?parent=15342"}],"wp:term":[{"taxonomy":"product_brand","embeddable":true,"href":"https:\/\/ksiegarnia-akademicka.pl\/index.php\/wp-json\/wp\/v2\/product_brand?post=15342"},{"taxonomy":"product_cat","embeddable":true,"href":"https:\/\/ksiegarnia-akademicka.pl\/index.php\/wp-json\/wp\/v2\/product_cat?post=15342"},{"taxonomy":"product_tag","embeddable":true,"href":"https:\/\/ksiegarnia-akademicka.pl\/index.php\/wp-json\/wp\/v2\/product_tag?post=15342"}],"curies":[{"name":"wp","href":"https:\/\/api.w.org\/{rel}","templated":true}]}}