{"id":15315,"date":"2022-02-23T09:33:46","date_gmt":"2022-02-23T08:33:46","guid":{"rendered":"http:\/\/ksiegarnia-akademicka.pl\/?post_type=product&#038;p=15315"},"modified":"2022-02-23T09:33:48","modified_gmt":"2022-02-23T08:33:48","slug":"prawo-transportu-ladowego","status":"publish","type":"product","link":"https:\/\/ksiegarnia-akademicka.pl\/index.php\/product\/prawo-transportu-ladowego\/","title":{"rendered":"Prawo transportu l\u0105dowego"},"content":{"rendered":"<p>Autor:<br \/>\nW. G\u00f3rski<br \/>\nE. Mendyk<br \/>\nWydawca: Wydawnictwa Komunikacji i \u0141\u0105czno\u015bci WK\u0141<br \/>\nOprawa: Mi\u0119kka<br \/>\nFormat: 16.0&#215;24.0cm<br \/>\nLiczba stron: 252<br \/>\nWydanie: 1<br \/>\nRok wydania: 2020<br \/>\nJ\u0119zyk wydania: polski<\/p>\n<p>Podr\u0119cznik zawiera syntetycznie opracowane aktualne uregulowania prawa transportu l\u0105dowego, g\u0142\u00f3wnie drogowego (samochodowego) i kolejowego, uj\u0119te w jasny i przyst\u0119pny spos\u00f3b. Uwzgl\u0119dnia liczne zmiany prawne, kt\u00f3re nast\u0105pi\u0142y w ostatnich latach w zwi\u0105zku z dostosowywaniem polskiego systemu prawnego do standard\u00f3w przyj\u0119tych w Unii Europejskiej (stan prawny na dzie\u0144 1 stycznia 2005 roku). Podr\u0119cznik jest pomy\u015blany w taki spos\u00f3b, aby m\u00f3g\u0142 s\u0142u\u017cy\u0107 s\u0142uchaczom studi\u00f3w zar\u00f3wno prawniczych, jak i ekonomicznych. Mo\u017ce s\u0142u\u017cy\u0107 tak\u017ce praktyce gospodarczej (przewo\u017anicy, spedytorzy, przedsi\u0119biorstwa korzystaj\u0105ce z us\u0142ug transportu).<\/p>\n","protected":false},"excerpt":{"rendered":"<p>Autor: W. G\u00f3rski E. Mendyk Wydawca: Wydawnictwa Komunikacji i \u0141\u0105czno\u015bci [&hellip;]<\/p>\n","protected":false},"featured_media":15316,"template":"","meta":[],"product_brand":[],"product_cat":[7495,18,7535],"product_tag":[428,642,250],"class_list":{"0":"post-15315","1":"product","2":"type-product","3":"status-publish","4":"has-post-thumbnail","6":"product_cat-gospodarcze-i-handlowe","7":"product_cat-prawo","8":"product_cat-transport-2","9":"product_tag-prawo-gospodarcze","10":"product_tag-transport","11":"product_tag-unia-europejska","13":"first","14":"instock","15":"sale","16":"shipping-taxable","17":"purchasable","18":"product-type-simple"},"_links":{"self":[{"href":"https:\/\/ksiegarnia-akademicka.pl\/index.php\/wp-json\/wp\/v2\/product\/15315","targetHints":{"allow":["GET"]}}],"collection":[{"href":"https:\/\/ksiegarnia-akademicka.pl\/index.php\/wp-json\/wp\/v2\/product"}],"about":[{"href":"https:\/\/ksiegarnia-akademicka.pl\/index.php\/wp-json\/wp\/v2\/types\/product"}],"wp:featuredmedia":[{"embeddable":true,"href":"https:\/\/ksiegarnia-akademicka.pl\/index.php\/wp-json\/wp\/v2\/media\/15316"}],"wp:attachment":[{"href":"https:\/\/ksiegarnia-akademicka.pl\/index.php\/wp-json\/wp\/v2\/media?parent=15315"}],"wp:term":[{"taxonomy":"product_brand","embeddable":true,"href":"https:\/\/ksiegarnia-akademicka.pl\/index.php\/wp-json\/wp\/v2\/product_brand?post=15315"},{"taxonomy":"product_cat","embeddable":true,"href":"https:\/\/ksiegarnia-akademicka.pl\/index.php\/wp-json\/wp\/v2\/product_cat?post=15315"},{"taxonomy":"product_tag","embeddable":true,"href":"https:\/\/ksiegarnia-akademicka.pl\/index.php\/wp-json\/wp\/v2\/product_tag?post=15315"}],"curies":[{"name":"wp","href":"https:\/\/api.w.org\/{rel}","templated":true}]}}