{"id":152,"date":"2018-05-22T12:40:52","date_gmt":"2018-05-22T10:40:52","guid":{"rendered":"http:\/\/ksiegarnia-akademicka.pl\/index.php\/product\/makroekonomia-materialy-do-cwiczen\/"},"modified":"2019-05-16T13:08:41","modified_gmt":"2019-05-16T11:08:41","slug":"makroekonomia-materialy-do-cwiczen","status":"publish","type":"product","link":"https:\/\/ksiegarnia-akademicka.pl\/index.php\/product\/makroekonomia-materialy-do-cwiczen\/","title":{"rendered":"Makroekonomia Materia\u0142y do \u0107wicze\u0144"},"content":{"rendered":"<p>G\u00f3rniewicz G.,Jankowska E., Siemi\u0105tkowski P. TNOIK 2012 wyd.2 <\/br><\/br><\/p>\n<p>G\u0142&oacute;wnym celem ksi\u0105\u017cki jest zapoznanie Student&oacute;w i innych Os&oacute;b z<br \/>\nelementarnymi zagadnieniami makroekonomicznymi. Opracowanie stanowi<br \/>\nmateria\u0142 pomocniczy do \u0107wicze\u0144 z takich przedmiot&oacute;w jak makroekonomia<br \/>\nczy podstawy ekonomii. Praca podzielona jest na rozdzia\u0142y, zgodnie z<br \/>\nprogramem makroekonomii realizowanym na studiach licencjackich. Dotycz\u0105<br \/>\none mi\u0119dzy innymi: ustroj&oacute;w gospodarczych, PKB, dochodu narodowego,<br \/>\nbanku centralnego, bud\u017cetu pa\u0144stwa, problem&oacute;w wzrostu gospodarczego,<br \/>\nwaha\u0144 koniunkturalnych, bezrobocia, inflacji i handlu mi\u0119dzynarodowego.<br \/>\nKa\u017cdy rozdzia\u0142 sk\u0142ada si\u0119 z kilku wyodr\u0119bnionych cz\u0119\u015bci. W pierwszej<br \/>\nzadanie studenta polega na uzupe\u0142nieniu szablonu, zawieraj\u0105cego<br \/>\npodstawowe poj\u0119cia teoretyczne. Nast\u0119pne cz\u0119\u015bci prezentuj\u0105 konkretne<br \/>\nzadania, przyk\u0142ady, pytania typu prawda &#8211; fa\u0142sz i testy<br \/>\nkontrolne.<\/p>\n<p><\/br><\/br>pozycja dost\u0119pna<\/p>\n","protected":false},"excerpt":{"rendered":"<p>G\u00f3rniewicz G.,Jankowska E., Siemi\u0105tkowski P. TNOIK 2012 wyd.2 G\u0142&oacute;wnym celem [&hellip;]<\/p>\n","protected":false},"featured_media":8192,"template":"","meta":[],"product_brand":[],"product_cat":[17,7499],"product_tag":[343,342,269],"class_list":{"0":"post-152","1":"product","2":"type-product","3":"status-publish","4":"has-post-thumbnail","6":"product_cat-ekonomia","7":"product_cat-makro-i-mikroekonomia","8":"product_tag-cwiczenia","9":"product_tag-makroekonomia","10":"product_tag-podrecznik-akademicki","12":"first","13":"instock","14":"sale","15":"shipping-taxable","16":"purchasable","17":"product-type-simple"},"_links":{"self":[{"href":"https:\/\/ksiegarnia-akademicka.pl\/index.php\/wp-json\/wp\/v2\/product\/152","targetHints":{"allow":["GET"]}}],"collection":[{"href":"https:\/\/ksiegarnia-akademicka.pl\/index.php\/wp-json\/wp\/v2\/product"}],"about":[{"href":"https:\/\/ksiegarnia-akademicka.pl\/index.php\/wp-json\/wp\/v2\/types\/product"}],"wp:featuredmedia":[{"embeddable":true,"href":"https:\/\/ksiegarnia-akademicka.pl\/index.php\/wp-json\/wp\/v2\/media\/8192"}],"wp:attachment":[{"href":"https:\/\/ksiegarnia-akademicka.pl\/index.php\/wp-json\/wp\/v2\/media?parent=152"}],"wp:term":[{"taxonomy":"product_brand","embeddable":true,"href":"https:\/\/ksiegarnia-akademicka.pl\/index.php\/wp-json\/wp\/v2\/product_brand?post=152"},{"taxonomy":"product_cat","embeddable":true,"href":"https:\/\/ksiegarnia-akademicka.pl\/index.php\/wp-json\/wp\/v2\/product_cat?post=152"},{"taxonomy":"product_tag","embeddable":true,"href":"https:\/\/ksiegarnia-akademicka.pl\/index.php\/wp-json\/wp\/v2\/product_tag?post=152"}],"curies":[{"name":"wp","href":"https:\/\/api.w.org\/{rel}","templated":true}]}}