{"id":15182,"date":"2022-01-28T15:01:51","date_gmt":"2022-01-28T14:01:51","guid":{"rendered":"http:\/\/ksiegarnia-akademicka.pl\/?post_type=product&#038;p=15182"},"modified":"2022-01-28T15:01:51","modified_gmt":"2022-01-28T14:01:51","slug":"ginekologia-dziecieca-2","status":"publish","type":"product","link":"https:\/\/ksiegarnia-akademicka.pl\/index.php\/product\/ginekologia-dziecieca-2\/","title":{"rendered":"Ginekologia dzieci\u0119ca"},"content":{"rendered":"<p>Redakcja: Altchek Albert, Deligdisch Liane<br \/>\nT\u0142umacze: Drosdzol-Cop Agnieszka, Jarz\u0105bek-Bielecka Gra\u017cyna, Kapczuk Karina<br \/>\nWydawca: Edra Urban &amp; Partner<br \/>\nOprawa: Twarda<br \/>\nFormat: 17.0&#215;25.0cm<br \/>\nLiczba stron: 526<br \/>\nRok wydania: 2013<br \/>\nJ\u0119zyk wydania: polski<\/p>\n<p>W podr\u0119czniku zaprezentowano wytyczne w zakresie opieki nad dzie\u0107mi, nastolatkami i m\u0142odymi kobietami z uwzgl\u0119dnieniem szczeg\u00f3\u0142owych zasad post\u0119powania w przypadkach zapalenia pochwy i sromu oraz krwawienia z pochwy u ma\u0142ych dziewczynek, a tak\u017ce wyst\u0119powania torbieli jajnikowych u niemowl\u0105t i starszych dzieci.<br \/>\nDog\u0142\u0119bnie i szczeg\u00f3\u0142owo zaprezentowane zosta\u0142y r\u00f3wnie\u017c trudne kwestie uraz\u00f3w w obr\u0119bie narz\u0105d\u00f3w p\u0142ciowych, molestowania seksualnego oraz seksualno\u015bci nastolatek.<br \/>\nOm\u00f3wiono tak\u017ce uwarunkowania endokrynologiczne odnosz\u0105ce si\u0119 do tej grupy wiekowej, w tym okres pokwitania i zwi\u0105zane z nim zaburzenia, takie jak pierwotny i wt\u00f3rny brak miesi\u0105czki oraz przedwczesne pokwitanie.<\/p>\n<p>Z przedmowy<\/p>\n","protected":false},"excerpt":{"rendered":"<p>Redakcja: Altchek Albert, Deligdisch Liane T\u0142umacze: Drosdzol-Cop Agnieszka, Jarz\u0105bek-Bielecka Gra\u017cyna, [&hellip;]<\/p>\n","protected":false},"featured_media":15183,"template":"","meta":[],"product_brand":[],"product_cat":[7493,8067,8031],"product_tag":[4919,3074,4920],"class_list":{"0":"post-15182","1":"product","2":"type-product","3":"status-publish","4":"has-post-thumbnail","6":"product_cat-medycyna","7":"product_cat-pediatria","8":"product_cat-poloznictwo-ginekologia","9":"product_tag-ginekologia","10":"product_tag-pediatria","11":"product_tag-poloznictwo","13":"first","14":"instock","15":"sale","16":"shipping-taxable","17":"purchasable","18":"product-type-simple"},"_links":{"self":[{"href":"https:\/\/ksiegarnia-akademicka.pl\/index.php\/wp-json\/wp\/v2\/product\/15182","targetHints":{"allow":["GET"]}}],"collection":[{"href":"https:\/\/ksiegarnia-akademicka.pl\/index.php\/wp-json\/wp\/v2\/product"}],"about":[{"href":"https:\/\/ksiegarnia-akademicka.pl\/index.php\/wp-json\/wp\/v2\/types\/product"}],"wp:featuredmedia":[{"embeddable":true,"href":"https:\/\/ksiegarnia-akademicka.pl\/index.php\/wp-json\/wp\/v2\/media\/15183"}],"wp:attachment":[{"href":"https:\/\/ksiegarnia-akademicka.pl\/index.php\/wp-json\/wp\/v2\/media?parent=15182"}],"wp:term":[{"taxonomy":"product_brand","embeddable":true,"href":"https:\/\/ksiegarnia-akademicka.pl\/index.php\/wp-json\/wp\/v2\/product_brand?post=15182"},{"taxonomy":"product_cat","embeddable":true,"href":"https:\/\/ksiegarnia-akademicka.pl\/index.php\/wp-json\/wp\/v2\/product_cat?post=15182"},{"taxonomy":"product_tag","embeddable":true,"href":"https:\/\/ksiegarnia-akademicka.pl\/index.php\/wp-json\/wp\/v2\/product_tag?post=15182"}],"curies":[{"name":"wp","href":"https:\/\/api.w.org\/{rel}","templated":true}]}}