{"id":15140,"date":"2022-01-11T15:48:51","date_gmt":"2022-01-11T14:48:51","guid":{"rendered":"http:\/\/ksiegarnia-akademicka.pl\/?post_type=product&#038;p=15140"},"modified":"2024-12-05T08:56:20","modified_gmt":"2024-12-05T07:56:20","slug":"zrownowazone-rynki-finansowe-perspektywa-krajowa-i-miedzynarodowa","status":"publish","type":"product","link":"https:\/\/ksiegarnia-akademicka.pl\/index.php\/product\/zrownowazone-rynki-finansowe-perspektywa-krajowa-i-miedzynarodowa\/","title":{"rendered":"Zr\u00f3wnowa\u017cone rynki finansowe &#8211; perspektywa krajowa i mi\u0119dzynarodowa"},"content":{"rendered":"<p>Autor:<br \/>\nEwa Kuli\u0144ska-Sad\u0142ocha<br \/>\nMagdalena Zio\u0142o<br \/>\nWydawca: PWE<br \/>\nOprawa: Mi\u0119kka<br \/>\nLiczba stron: 198<br \/>\nRok wydania: 2021<br \/>\nJ\u0119zyk wydania: polski<\/p>\n<p>Celem monografii jest ukazanie zmian w funkcjonowaniu rynk\u00f3w finansowych w warunkach oddzia\u0142ywania czynnik\u00f3w niefinansowych i kreowanego przez nie ryzyka. W poszczeg\u00f3lnych rozdzia\u0142ach zaprezentowano wp\u0142yw kwestii ESG na dzia\u0142alno\u015b\u0107 podmiot\u00f3w rynku finansowego oraz scharakteryzowano procesy dostosowawcze, jakim podlegaj\u0105 rynki finansowe, transformuj\u0105c si\u0119 w kierunku tzw. zr\u00f3wnowa\u017conych rynk\u00f3w finansowych, czyli rynk\u00f3w w\u0142\u0105czaj\u0105cych w swoj\u0105 dzia\u0142alno\u015b\u0107 ryzyko czynnik\u00f3w niefinansowych, zw\u0142aszcza uwzgl\u0119dniaj\u0105cych w decyzjach konsekwencje oddzia\u0142ywania czynnik\u00f3w ESG.<\/p>\n","protected":false},"excerpt":{"rendered":"<p>Autor: Ewa Kuli\u0144ska-Sad\u0142ocha Magdalena Zio\u0142o Wydawca: PWE Oprawa: Mi\u0119kka Liczba [&hellip;]<\/p>\n","protected":false},"featured_media":15141,"template":"","meta":[],"product_brand":[],"product_cat":[20,7504],"product_tag":[411,1838,2326],"class_list":{"0":"post-15140","1":"product","2":"type-product","3":"status-publish","4":"has-post-thumbnail","6":"product_cat-bankowosc","7":"product_cat-rynek-pieniezny-i-kapitalowy","8":"product_tag-bankowosc","9":"product_tag-rynek-finansowy","10":"product_tag-rynek-pieniezny","12":"first","13":"instock","14":"sale","15":"shipping-taxable","16":"purchasable","17":"product-type-simple"},"_links":{"self":[{"href":"https:\/\/ksiegarnia-akademicka.pl\/index.php\/wp-json\/wp\/v2\/product\/15140","targetHints":{"allow":["GET"]}}],"collection":[{"href":"https:\/\/ksiegarnia-akademicka.pl\/index.php\/wp-json\/wp\/v2\/product"}],"about":[{"href":"https:\/\/ksiegarnia-akademicka.pl\/index.php\/wp-json\/wp\/v2\/types\/product"}],"wp:featuredmedia":[{"embeddable":true,"href":"https:\/\/ksiegarnia-akademicka.pl\/index.php\/wp-json\/wp\/v2\/media\/15141"}],"wp:attachment":[{"href":"https:\/\/ksiegarnia-akademicka.pl\/index.php\/wp-json\/wp\/v2\/media?parent=15140"}],"wp:term":[{"taxonomy":"product_brand","embeddable":true,"href":"https:\/\/ksiegarnia-akademicka.pl\/index.php\/wp-json\/wp\/v2\/product_brand?post=15140"},{"taxonomy":"product_cat","embeddable":true,"href":"https:\/\/ksiegarnia-akademicka.pl\/index.php\/wp-json\/wp\/v2\/product_cat?post=15140"},{"taxonomy":"product_tag","embeddable":true,"href":"https:\/\/ksiegarnia-akademicka.pl\/index.php\/wp-json\/wp\/v2\/product_tag?post=15140"}],"curies":[{"name":"wp","href":"https:\/\/api.w.org\/{rel}","templated":true}]}}