{"id":15129,"date":"2022-01-11T09:05:16","date_gmt":"2022-01-11T08:05:16","guid":{"rendered":"http:\/\/ksiegarnia-akademicka.pl\/?post_type=product&#038;p=15129"},"modified":"2022-01-11T09:05:16","modified_gmt":"2022-01-11T08:05:16","slug":"bezpieczenstwo-finansowe-mikro-i-malych-przedsiebiorstw","status":"publish","type":"product","link":"https:\/\/ksiegarnia-akademicka.pl\/index.php\/product\/bezpieczenstwo-finansowe-mikro-i-malych-przedsiebiorstw\/","title":{"rendered":"Bezpiecze\u0144stwo finansowe mikro i ma\u0142ych przedsi\u0119biorstw"},"content":{"rendered":"<p>Autor:<br \/>\nDominika Kordela<br \/>\nAnna Bera<br \/>\nDariusz Pauch<br \/>\nWydawca: Wydawnictwo Naukowe Uniwersytetu Szczeci\u0144skiego<br \/>\nOprawa: Mi\u0119kka<br \/>\nLiczba stron: 185<br \/>\nWydanie: 1<br \/>\nRok wydania: 2021<br \/>\nJ\u0119zyk wydania: polski<\/p>\n<p>Mikro i ma\u0142e przedsi\u0119biorstwa odgrywaj\u0105 bardzo wa\u017cn\u0105 rol\u0119 w rozwoju gospodarczym kraju. Zakres funkcji gospodarczych pe\u0142nionych przez te przedsi\u0119biorstwa jest bardzo szeroki. Aby jednak funkcje te nie mia\u0142y wy\u0142\u0105cznie charakteru deklaratywnego i by\u0142y rzeczywi\u015bcie realizowane, a mikro i ma\u0142e przedsi\u0119biorstwa mog\u0142y wzmacnia\u0107 swoj\u0105 po\u00adzycj\u0119 w gospodarce, konieczne jest zaistnienie wielu czynnik\u00f3w i uwarunkowa\u0144 sprzy\u00adjaj\u0105cych stabilno\u015bci, a tym samym bezpiecze\u0144stwu finansowemu tej grupy podmiot\u00f3w.<\/p>\n<p>Celem monografii jest analiza obszar\u00f3w wp\u0142ywaj\u0105cych na bezpiecze\u0144stwo finanso\u00adwe mikro i ma\u0142ych przedsi\u0119biorstw, z uwzgl\u0119dnieniem gospodarki finansowej przedsi\u0119\u00adbiorstwa, obci\u0105\u017ce\u0144 podatkowych, koszt\u00f3w pracy, a tak\u017ce dost\u0119pno\u015bci i koszt\u00f3w us\u0142ug fi\u00adnansowych. Co wi\u0119cej, przedmiotem rozwa\u017ca\u0144 jest r\u00f3wnie\u017c cyberbezpiecze\u0144stwo oraz korzy\u015bci i ryzyko zwi\u0105zane z wykorzystaniem wsparcia dost\u0119pnego w ramach funduszy Unii Europejskiej.<\/p>\n<p>Autorzy wychodz\u0105 od definicji bezpiecze\u0144stwa finansowego rozumianego jako zdol\u00adno\u015b\u0107 przedsi\u0119biorstwa do zachowania mo\u017cliwo\u015bci regulowania bie\u017c\u0105cych zobowi\u0105za\u0144 oraz wysokiej sprawno\u015bci dzia\u0142ania, by w kolejnych cz\u0119\u015bciach ksi\u0105\u017cki podj\u0105\u0107 rozwa\u017ca\u00adnia odpowiadaj\u0105ce szerokiemu uj\u0119ciu bezpiecze\u0144stwa finansowego definiowanego jako brak zagro\u017ce\u0144 w sferze finans\u00f3w przedsi\u0119biorstwa. Na podstawie tak przyj\u0119tej proble\u00admatyki autorzy przedstawiaj\u0105 poziom i rodzaj obci\u0105\u017ce\u0144 podatkowych, przymusowych \u015bwiadcze\u0144 spo\u0142ecznych, a tak\u017ce prezentuj\u0105 fundusze unijne oraz us\u0142ugi bankowe i ubez\u00adpieczeniowe dla mikro i ma\u0142ych przedsi\u0119biorstw w kontek\u015bcie bezpiecze\u0144stwa finanso\u00adwego prowadzonej dzia\u0142alno\u015bci.<\/p>\n<p>Ze wst\u0119pu<\/p>\n","protected":false},"excerpt":{"rendered":"<p>Autor: Dominika Kordela Anna Bera Dariusz Pauch Wydawca: Wydawnictwo Naukowe [&hellip;]<\/p>\n","protected":false},"featured_media":15130,"template":"","meta":[],"product_brand":[],"product_cat":[20,17,7499,7504],"product_tag":[411,338,1290],"class_list":{"0":"post-15129","1":"product","2":"type-product","3":"status-publish","4":"has-post-thumbnail","6":"product_cat-bankowosc","7":"product_cat-ekonomia","8":"product_cat-makro-i-mikroekonomia","9":"product_cat-rynek-pieniezny-i-kapitalowy","10":"product_tag-bankowosc","11":"product_tag-mikroekonomia","12":"product_tag-przedsiebiorczosc","14":"first","15":"instock","16":"sale","17":"shipping-taxable","18":"purchasable","19":"product-type-simple"},"_links":{"self":[{"href":"https:\/\/ksiegarnia-akademicka.pl\/index.php\/wp-json\/wp\/v2\/product\/15129","targetHints":{"allow":["GET"]}}],"collection":[{"href":"https:\/\/ksiegarnia-akademicka.pl\/index.php\/wp-json\/wp\/v2\/product"}],"about":[{"href":"https:\/\/ksiegarnia-akademicka.pl\/index.php\/wp-json\/wp\/v2\/types\/product"}],"wp:featuredmedia":[{"embeddable":true,"href":"https:\/\/ksiegarnia-akademicka.pl\/index.php\/wp-json\/wp\/v2\/media\/15130"}],"wp:attachment":[{"href":"https:\/\/ksiegarnia-akademicka.pl\/index.php\/wp-json\/wp\/v2\/media?parent=15129"}],"wp:term":[{"taxonomy":"product_brand","embeddable":true,"href":"https:\/\/ksiegarnia-akademicka.pl\/index.php\/wp-json\/wp\/v2\/product_brand?post=15129"},{"taxonomy":"product_cat","embeddable":true,"href":"https:\/\/ksiegarnia-akademicka.pl\/index.php\/wp-json\/wp\/v2\/product_cat?post=15129"},{"taxonomy":"product_tag","embeddable":true,"href":"https:\/\/ksiegarnia-akademicka.pl\/index.php\/wp-json\/wp\/v2\/product_tag?post=15129"}],"curies":[{"name":"wp","href":"https:\/\/api.w.org\/{rel}","templated":true}]}}