{"id":15123,"date":"2022-01-10T10:25:04","date_gmt":"2022-01-10T09:25:04","guid":{"rendered":"http:\/\/ksiegarnia-akademicka.pl\/?post_type=product&#038;p=15123"},"modified":"2022-01-10T10:25:05","modified_gmt":"2022-01-10T09:25:05","slug":"panstwo-polityka-bezpieczenstwo-wewnetrzne","status":"publish","type":"product","link":"https:\/\/ksiegarnia-akademicka.pl\/index.php\/product\/panstwo-polityka-bezpieczenstwo-wewnetrzne\/","title":{"rendered":"Pa\u0144stwo &#8211; polityka &#8211; bezpiecze\u0144stwo wewn\u0119trzne"},"content":{"rendered":"<p>Autor:<br \/>\nKrzysztof Janik<br \/>\nWydawca: Adam Marsza\u0142ek<br \/>\nOprawa: Mi\u0119kka<br \/>\nFormat: 15.0&#215;21.0cm<br \/>\nLiczba stron: 254<br \/>\nRok wydania: 2021<br \/>\nJ\u0119zyk wydania: polski<\/p>\n<p>Ksi\u0105\u017cka jest pr\u00f3b\u0105 podsumowania dotychczasowych prac autora nad problematyk\u0105 pa\u0144stwa, jego zada\u0144 i kompetencji w zakresie bezpiecze\u0144stwa wewn\u0119trznego. Zainteresowanym (w tym studentom) mo\u017ce przynie\u015b\u0107 spory zas\u00f3b wiedzy o pa\u0144stwie i bezpiecze\u0144stwie, by\u0107 mo\u017ce zainspiruje ich do w\u0142asnych bada\u0144, a polityk\u00f3w zach\u0119ci do szukania odpowiedzi na pytanie, jak nasze pa\u0144stwo uczyni\u0107 bardziej efektywnym i bezpiecznym. Takie by\u0142y intencje autora.<br \/>\nWarto je zweryfikowa\u0107.<\/p>\n","protected":false},"excerpt":{"rendered":"<p>Autor: Krzysztof Janik Wydawca: Adam Marsza\u0142ek Oprawa: Mi\u0119kka Format: 15.0&#215;21.0cm [&hellip;]<\/p>\n","protected":false},"featured_media":15124,"template":"","meta":[],"product_brand":[],"product_cat":[27,7507],"product_tag":[3809,74],"class_list":{"0":"post-15123","1":"product","2":"type-product","3":"status-publish","4":"has-post-thumbnail","6":"product_cat-nauki-spoleczne","7":"product_cat-politologia","8":"product_tag-bezpieczenstwo-wewnetrzne","9":"product_tag-politologia","11":"first","12":"instock","13":"shipping-taxable","14":"purchasable","15":"product-type-simple"},"_links":{"self":[{"href":"https:\/\/ksiegarnia-akademicka.pl\/index.php\/wp-json\/wp\/v2\/product\/15123","targetHints":{"allow":["GET"]}}],"collection":[{"href":"https:\/\/ksiegarnia-akademicka.pl\/index.php\/wp-json\/wp\/v2\/product"}],"about":[{"href":"https:\/\/ksiegarnia-akademicka.pl\/index.php\/wp-json\/wp\/v2\/types\/product"}],"wp:featuredmedia":[{"embeddable":true,"href":"https:\/\/ksiegarnia-akademicka.pl\/index.php\/wp-json\/wp\/v2\/media\/15124"}],"wp:attachment":[{"href":"https:\/\/ksiegarnia-akademicka.pl\/index.php\/wp-json\/wp\/v2\/media?parent=15123"}],"wp:term":[{"taxonomy":"product_brand","embeddable":true,"href":"https:\/\/ksiegarnia-akademicka.pl\/index.php\/wp-json\/wp\/v2\/product_brand?post=15123"},{"taxonomy":"product_cat","embeddable":true,"href":"https:\/\/ksiegarnia-akademicka.pl\/index.php\/wp-json\/wp\/v2\/product_cat?post=15123"},{"taxonomy":"product_tag","embeddable":true,"href":"https:\/\/ksiegarnia-akademicka.pl\/index.php\/wp-json\/wp\/v2\/product_tag?post=15123"}],"curies":[{"name":"wp","href":"https:\/\/api.w.org\/{rel}","templated":true}]}}