{"id":15111,"date":"2022-01-10T10:02:21","date_gmt":"2022-01-10T09:02:21","guid":{"rendered":"http:\/\/ksiegarnia-akademicka.pl\/?post_type=product&#038;p=15111"},"modified":"2024-12-05T08:56:39","modified_gmt":"2024-12-05T07:56:39","slug":"proces-akceptacji-koncepcji-lean-six-sigma-w-organizacji","status":"publish","type":"product","link":"https:\/\/ksiegarnia-akademicka.pl\/index.php\/product\/proces-akceptacji-koncepcji-lean-six-sigma-w-organizacji\/","title":{"rendered":"Proces akceptacji koncepcji lean six sigma w organizacji"},"content":{"rendered":"<p>utor:<br \/>\nS\u0142awomir \u015awitek<br \/>\nWydawca: MT Biznes<br \/>\nOprawa: Mi\u0119kka ze skrzyde\u0142kami<br \/>\nFormat: 16.5&#215;23.5cm<br \/>\nLiczba stron: 282<br \/>\nWydanie: 1<br \/>\nRok wydania: 2021<br \/>\nJ\u0119zyk wydania: polski<\/p>\n<p>Koncepcja zarz\u0105dzania six sigma, mimo \u017ce powsta\u0142a w po\u0142owie lat 80. ubieg\u0142ego wieku, nie doczeka\u0142a si\u0119 wielu naukowych opracowa\u0144 zar\u00f3wno mi\u0119dzynarodowych, jak i krajowych. Z tego wzgl\u0119du monografia Proces akceptacji koncepcji lean six sigma w organizacji autorstwa dr. in\u017c. S\u0142awomira \u015awitka zas\u0142uguje na szczeg\u00f3ln\u0105 uwag\u0119. Ksi\u0105\u017cka stanowi naukow\u0105 pr\u00f3b\u0119 syntetycznego przedstawienia problematyki wdra\u017cania zintegrowanej koncepcji lean six sigma i jej wp\u0142ywu na zmian\u0119 zachowa\u0144 organizacyjnych w \u015brodowisku korporacyjnym. Autor zawar\u0142 w niej dotychczasow\u0105 wiedz\u0119 naukow\u0105 oraz specjalistyczne do\u015bwiadczenie praktyczne nie tylko w skali krajowej, ale tak\u017ce \u015bwiatowej. Celem monografii jest zidentyfikowanie czynnik\u00f3w procesu akceptacji koncepcji lean six sigma w organizacji za pomoc\u0105 zmodyfikowanego modelu akceptacji technologii (TAM), kt\u00f3ry pozwala oceni\u0107 wp\u0142yw czynnik\u00f3w zewn\u0119trznych i wewn\u0119trznych warunkuj\u0105cych akceptacj\u0119 tej koncepcji w firmie. Monografia mo\u017ce by\u0107 wykorzystywana jako podr\u0119cznik dla student\u00f3w tych kierunk\u00f3w, na kt\u00f3rych jest wyk\u0142adany przedmiot dotycz\u0105cy nowoczesnych koncepcji zarz\u0105dzania przedsi\u0119biorstwem. Stanowi r\u00f3wnie\u017c cenne uzupe\u0142nienie wiedzy dla os\u00f3b pragn\u0105cych uzyska\u0107 certyfikacj\u0119 na wszystkich poziomach Six Sigma Belts. Mamy nadziej\u0119, \u017ce zainspiruje r\u00f3wnie\u017c mened\u017cer\u00f3w do g\u0142\u0119bszych studi\u00f3w w zakresie zachowa\u0144 organizacyjnych i wykorzystania tej wiedzy w praktyce zarz\u0105dzania. S\u0142awomir \u015awitek \u2013 absolwent Wydzia\u0142u Mechaniki i Budowy Maszyn Politechniki Bydgoskiej, doktor nauk spo\u0142ecznych w dyscyplinie nauki o zarz\u0105dzaniu i jako\u015bci. Od 2003 roku zajmuje si\u0119 tematyk\u0105 wdro\u017ce\u0144 koncepcji zarz\u0105dzania lean production six sigma. Zdoby\u0142 certyfikacj\u0119 Master Black Belt w six sigma i lean. Jego g\u0142\u00f3wne zainteresowania naukowe obejmuj\u0105 badanie zmiany zachowa\u0144 organizacyjnych przy wdra\u017caniu tych\u017ce koncepcji w \u015brodowisku korporacji transnarodowych.<\/p>\n","protected":false},"excerpt":{"rendered":"<p>utor: S\u0142awomir \u015awitek Wydawca: MT Biznes Oprawa: Mi\u0119kka ze skrzyde\u0142kami [&hellip;]<\/p>\n","protected":false},"featured_media":15112,"template":"","meta":[],"product_brand":[],"product_cat":[7517,31,7515],"product_tag":[502,541],"class_list":{"0":"post-15111","1":"product","2":"type-product","3":"status-publish","4":"has-post-thumbnail","6":"product_cat-logistyka","7":"product_cat-przedsiebiorstwo","8":"product_cat-zarzadzanie-przedsiebiorstwem","9":"product_tag-logistyka","10":"product_tag-zarzadzanie","12":"first","13":"instock","14":"sale","15":"shipping-taxable","16":"purchasable","17":"product-type-simple"},"_links":{"self":[{"href":"https:\/\/ksiegarnia-akademicka.pl\/index.php\/wp-json\/wp\/v2\/product\/15111","targetHints":{"allow":["GET"]}}],"collection":[{"href":"https:\/\/ksiegarnia-akademicka.pl\/index.php\/wp-json\/wp\/v2\/product"}],"about":[{"href":"https:\/\/ksiegarnia-akademicka.pl\/index.php\/wp-json\/wp\/v2\/types\/product"}],"wp:featuredmedia":[{"embeddable":true,"href":"https:\/\/ksiegarnia-akademicka.pl\/index.php\/wp-json\/wp\/v2\/media\/15112"}],"wp:attachment":[{"href":"https:\/\/ksiegarnia-akademicka.pl\/index.php\/wp-json\/wp\/v2\/media?parent=15111"}],"wp:term":[{"taxonomy":"product_brand","embeddable":true,"href":"https:\/\/ksiegarnia-akademicka.pl\/index.php\/wp-json\/wp\/v2\/product_brand?post=15111"},{"taxonomy":"product_cat","embeddable":true,"href":"https:\/\/ksiegarnia-akademicka.pl\/index.php\/wp-json\/wp\/v2\/product_cat?post=15111"},{"taxonomy":"product_tag","embeddable":true,"href":"https:\/\/ksiegarnia-akademicka.pl\/index.php\/wp-json\/wp\/v2\/product_tag?post=15111"}],"curies":[{"name":"wp","href":"https:\/\/api.w.org\/{rel}","templated":true}]}}