{"id":15098,"date":"2022-01-10T09:17:20","date_gmt":"2022-01-10T08:17:20","guid":{"rendered":"http:\/\/ksiegarnia-akademicka.pl\/?post_type=product&#038;p=15098"},"modified":"2024-12-05T08:56:57","modified_gmt":"2024-12-05T07:56:57","slug":"alternatywne-formy-lokowania-kapitalu-dla-depozytow-bankowych","status":"publish","type":"product","link":"https:\/\/ksiegarnia-akademicka.pl\/index.php\/product\/alternatywne-formy-lokowania-kapitalu-dla-depozytow-bankowych\/","title":{"rendered":"Alternatywne formy lokowania kapita\u0142u dla depozyt\u00f3w bankowych"},"content":{"rendered":"<p>Autor:<br \/>\nMa\u0142gorzata Rymarzak<br \/>\nKrzysztof Kowalke<br \/>\nWydawca: CeDeWu<br \/>\nOprawa: Mi\u0119kka<br \/>\nFormat: 16.5&#215;23.5cm<br \/>\nLiczba stron: 151<br \/>\nRok wydania: 2021<br \/>\nJ\u0119zyk wydania: polski<\/p>\n<p>Monografia przedstawia wybrane mo\u017cliwo\u015bci inwestycyjne, stanowi\u0105ce op\u0142acaln\u0105 alternatyw\u0119 dla depozyt\u00f3w bankowych. Ich dob\u00f3r zosta\u0142 podyktowany odmienn\u0105 specyfik\u0105 poszczeg\u00f3lnych form alokacji kapita\u0142u, stopami zwrotu (w latach 2011-2020), a tak\u017ce zr\u00f3\u017cnicowanym poziomem ryzyka.<\/p>\n<p>Ksi\u0105\u017cka sk\u0142ada si\u0119 z czterech cz\u0119\u015bci. W pierwszym rozdziale om\u00f3wiono uwarunkowania alokacji kapita\u0142u inwestor\u00f3w indywidualnych, kt\u00f3re to stanowi\u0105 t\u0142o teoretyczne do dalszych rozwa\u017ca\u0144. W szczeg\u00f3lno\u015bci zdefiniowane zosta\u0142y cele lokowania \u015brodk\u00f3w przez inwestor\u00f3w indywidualnych oraz poszczeg\u00f3lne formy i klasyfikacje alokacji kapita\u0142u. Druga cz\u0119\u015b\u0107 ukazuje jednostki uczestnictwa w funduszach inwestycyjnych d\u0142u\u017cnych jako instrumenty finansowe o stosunkowo niskim poziomie ryzyka. W trzecim rozdziale okre\u015blono specyfik\u0119 funduszy inwestycyjnych typu REIT, czyli podmiot\u00f3w umo\u017cliwiaj\u0105cych po\u015brednie alokowanie \u015brodk\u00f3w na rynku nieruchomo\u015bci. Cze\u015b\u0107 czwarta po\u015bwi\u0119cona zosta\u0142a domom senioralnym jako formie inwestycji o umiarkowanym poziomie ryzyka.<\/p>\n<p>Publikacja ma na celu nie tylko przekazanie Czytelnikowi niezb\u0119dnych informacji pozwalaj\u0105cych efektywnie ulokowa\u0107 kapita\u0142, ale r\u00f3wnie\u017c dostarczy\u0107 wiedz\u0119 na temat trend\u00f3w zwi\u0105zanych z alokacj\u0105 kapita\u0142u panuj\u0105cych na rynkach \u015bwiatowych. Ponadto jest to pierwsza na polskim rynku zwarta publikacja prezentuj\u0105ca specyfik\u0119 poszczeg\u00f3lnych mo\u017cliwo\u015bci inwestycyjnych z punktu widzenia inwestora indywidualnego.<\/p>\n","protected":false},"excerpt":{"rendered":"<p>Autor: Ma\u0142gorzata Rymarzak Krzysztof Kowalke Wydawca: CeDeWu Oprawa: Mi\u0119kka Format: [&hellip;]<\/p>\n","protected":false},"featured_media":15099,"template":"","meta":[],"product_brand":[],"product_cat":[20,7504],"product_tag":[411,4305],"class_list":{"0":"post-15098","1":"product","2":"type-product","3":"status-publish","4":"has-post-thumbnail","6":"product_cat-bankowosc","7":"product_cat-rynek-pieniezny-i-kapitalowy","8":"product_tag-bankowosc","9":"product_tag-inwestycje","11":"first","12":"instock","13":"sale","14":"shipping-taxable","15":"purchasable","16":"product-type-simple"},"_links":{"self":[{"href":"https:\/\/ksiegarnia-akademicka.pl\/index.php\/wp-json\/wp\/v2\/product\/15098","targetHints":{"allow":["GET"]}}],"collection":[{"href":"https:\/\/ksiegarnia-akademicka.pl\/index.php\/wp-json\/wp\/v2\/product"}],"about":[{"href":"https:\/\/ksiegarnia-akademicka.pl\/index.php\/wp-json\/wp\/v2\/types\/product"}],"wp:featuredmedia":[{"embeddable":true,"href":"https:\/\/ksiegarnia-akademicka.pl\/index.php\/wp-json\/wp\/v2\/media\/15099"}],"wp:attachment":[{"href":"https:\/\/ksiegarnia-akademicka.pl\/index.php\/wp-json\/wp\/v2\/media?parent=15098"}],"wp:term":[{"taxonomy":"product_brand","embeddable":true,"href":"https:\/\/ksiegarnia-akademicka.pl\/index.php\/wp-json\/wp\/v2\/product_brand?post=15098"},{"taxonomy":"product_cat","embeddable":true,"href":"https:\/\/ksiegarnia-akademicka.pl\/index.php\/wp-json\/wp\/v2\/product_cat?post=15098"},{"taxonomy":"product_tag","embeddable":true,"href":"https:\/\/ksiegarnia-akademicka.pl\/index.php\/wp-json\/wp\/v2\/product_tag?post=15098"}],"curies":[{"name":"wp","href":"https:\/\/api.w.org\/{rel}","templated":true}]}}