{"id":15083,"date":"2022-01-10T08:47:05","date_gmt":"2022-01-10T07:47:05","guid":{"rendered":"http:\/\/ksiegarnia-akademicka.pl\/?post_type=product&#038;p=15083"},"modified":"2024-12-05T08:57:35","modified_gmt":"2024-12-05T07:57:35","slug":"podatki-bankowe-i-instrumenty-regulacyjne-przeglad-rozwiazan-w-krajach-unii-europejskiej","status":"publish","type":"product","link":"https:\/\/ksiegarnia-akademicka.pl\/index.php\/product\/podatki-bankowe-i-instrumenty-regulacyjne-przeglad-rozwiazan-w-krajach-unii-europejskiej\/","title":{"rendered":"Podatki bankowe i instrumenty regulacyjne przegl\u0105d rozwi\u0105za\u0144 w krajach Unii Europejskiej"},"content":{"rendered":"<p>Autor:<br \/>\nJolanta Szo\u0142no-Koguc<br \/>\nWydawca: CeDeWu<br \/>\nOprawa: Mi\u0119kka<br \/>\nLiczba stron: 198<br \/>\nRok wydania: 2021<br \/>\nJ\u0119zyk wydania: polski<\/p>\n<p>Budowanie stabilno\u015bci instytucji finansowych wymaga zdecydowanych dzia\u0142a\u0144 ze strony decydent\u00f3w politycznych i organ\u00f3w regulacyjnych. Badanie tych zagadnie\u0144, ich opiniowanie oraz przygotowywanie propozycji nowych narz\u0119dzi kszta\u0142tuj\u0105cych stabilno\u015b\u0107 finansow\u0105 oraz korekta obowi\u0105zuj\u0105cych narz\u0119dzi wp\u0142ywania na stabilno\u015b\u0107 bank\u00f3w to domena naukowc\u00f3w. W opinii wielu z nich, polskich i zagranicznych, istniej\u0105 dwa g\u0142\u00f3wne sposoby oddzia\u0142ywania na banki w celu poprawy ich stabilno\u015bci i zniech\u0119cenia do podejmowania nadmiernie ryzykownych dzia\u0142a\u0144. Z jednej strony s\u0105 to regulacje sektora bankowego, a z drugiej narz\u0119dzia fiskalne w postaci dodatkowych podatk\u00f3w obci\u0105\u017caj\u0105cych banki, kt\u00f3re nios\u0105 za sob\u0105 dodatkowe korzy\u015bci dla bud\u017cetu pa\u0144stwa, zwi\u0119kszaj\u0105c dochody publiczne.<\/p>\n<p>Monografia jest unikaln\u0105 pozycj\u0105 po\u015br\u00f3d opracowa\u0144 naukowych na temat opodatkowania dzia\u0142alno\u015bci bankowej w Polsce, konfrontuj\u0105c\u0105 jednocze\u015bnie t\u0119 wiedz\u0119 z rozwi\u0105zaniami obowi\u0105zuj\u0105cymi w tym zakresie w Unii Europejskiej.<\/p>\n","protected":false},"excerpt":{"rendered":"<p>Autor: Jolanta Szo\u0142no-Koguc Wydawca: CeDeWu Oprawa: Mi\u0119kka Liczba stron: 198 [&hellip;]<\/p>\n","protected":false},"featured_media":15084,"template":"","meta":[],"product_brand":[],"product_cat":[20,7503,19,7500],"product_tag":[411,1136],"class_list":{"0":"post-15083","1":"product","2":"type-product","3":"status-publish","4":"has-post-thumbnail","6":"product_cat-bankowosc","7":"product_cat-bankowosc-i-prawo-bankowe","8":"product_cat-finanse-i-prawo-finansowe","9":"product_cat-finanse-publiczne","10":"product_tag-bankowosc","11":"product_tag-prawo-finansowe","13":"first","14":"instock","15":"sale","16":"shipping-taxable","17":"purchasable","18":"product-type-simple"},"_links":{"self":[{"href":"https:\/\/ksiegarnia-akademicka.pl\/index.php\/wp-json\/wp\/v2\/product\/15083","targetHints":{"allow":["GET"]}}],"collection":[{"href":"https:\/\/ksiegarnia-akademicka.pl\/index.php\/wp-json\/wp\/v2\/product"}],"about":[{"href":"https:\/\/ksiegarnia-akademicka.pl\/index.php\/wp-json\/wp\/v2\/types\/product"}],"wp:featuredmedia":[{"embeddable":true,"href":"https:\/\/ksiegarnia-akademicka.pl\/index.php\/wp-json\/wp\/v2\/media\/15084"}],"wp:attachment":[{"href":"https:\/\/ksiegarnia-akademicka.pl\/index.php\/wp-json\/wp\/v2\/media?parent=15083"}],"wp:term":[{"taxonomy":"product_brand","embeddable":true,"href":"https:\/\/ksiegarnia-akademicka.pl\/index.php\/wp-json\/wp\/v2\/product_brand?post=15083"},{"taxonomy":"product_cat","embeddable":true,"href":"https:\/\/ksiegarnia-akademicka.pl\/index.php\/wp-json\/wp\/v2\/product_cat?post=15083"},{"taxonomy":"product_tag","embeddable":true,"href":"https:\/\/ksiegarnia-akademicka.pl\/index.php\/wp-json\/wp\/v2\/product_tag?post=15083"}],"curies":[{"name":"wp","href":"https:\/\/api.w.org\/{rel}","templated":true}]}}