{"id":15067,"date":"2022-01-10T08:26:47","date_gmt":"2022-01-10T07:26:47","guid":{"rendered":"http:\/\/ksiegarnia-akademicka.pl\/?post_type=product&#038;p=15067"},"modified":"2022-01-10T08:26:47","modified_gmt":"2022-01-10T07:26:47","slug":"szkolenia-kierowcow-zawodowych-zmiany-2022","status":"publish","type":"product","link":"https:\/\/ksiegarnia-akademicka.pl\/index.php\/product\/szkolenia-kierowcow-zawodowych-zmiany-2022\/","title":{"rendered":"Szkolenia kierowc\u00f3w zawodowych &#8211; zmiany 2022"},"content":{"rendered":"<p>Wydawca: Wiedza i Praktyka<br \/>\nOprawa: Mi\u0119kka<br \/>\nFormat: 16.0&#215;23.0cm<br \/>\nLiczba stron: 128<br \/>\nRok wydania: 2022<br \/>\nJ\u0119zyk wydania: polski<\/p>\n<p>W 2022 r. zmieniaj\u0105 si\u0119 przepisy dotycz\u0105ce szkole\u0144 kierowc\u00f3w zawodowych &#8211; kwalifikacji wst\u0119pnej oraz szkole\u0144 okresowych. Zmiany s\u0105 du\u017ce i dotycz\u0105 wszystkich firm transportowych oraz kierowc\u00f3w zawodowych. Co si\u0119 zmieni?<br \/>\nPoznasz wszystkie najnowsze zmiany w przepisach o szkoleniach kierowc\u00f3w zawodowych, kt\u00f3re zaczn\u0105 obowi\u0105zywa\u0107 w 2022 roku<br \/>\nDowiesz si\u0119, co si\u0119 zmieni w tematyce szkole\u0144, liczbie godzin szkole\u0144 oraz egzaminach odbywaj\u0105cych si\u0119 po szkoleniach.<br \/>\nSprawdzisz, jak b\u0119dzie przebiega\u0142 po zmianach obieg dokumentacji zwi\u0105zanej ze szkoleniami &#8211; kt\u00f3re urz\u0119dy wydaj\u0105 kolejne dokumenty, na jakich zasadach je sobie przekazuj\u0105 i kiedy kierowca lub pracodawca musz\u0105 z\u0142o\u017cy\u0107 wnioski lub inne dokumenty.<br \/>\nZobaczysz, na co warto si\u0119 przygotowa\u0107, je\u015bli masz nied\u0142ugo termin nast\u0119pnego szkolenia.<\/p>\n","protected":false},"excerpt":{"rendered":"<p>Wydawca: Wiedza i Praktyka Oprawa: Mi\u0119kka Format: 16.0&#215;23.0cm Liczba stron: [&hellip;]<\/p>\n","protected":false},"featured_media":15068,"template":"","meta":[],"product_brand":[],"product_cat":[18,7550],"product_tag":[793],"class_list":{"0":"post-15067","1":"product","2":"type-product","3":"status-publish","4":"has-post-thumbnail","6":"product_cat-prawo","7":"product_cat-prawo-pracy","8":"product_tag-prawo-pracy","10":"first","11":"instock","12":"sale","13":"shipping-taxable","14":"purchasable","15":"product-type-simple"},"_links":{"self":[{"href":"https:\/\/ksiegarnia-akademicka.pl\/index.php\/wp-json\/wp\/v2\/product\/15067","targetHints":{"allow":["GET"]}}],"collection":[{"href":"https:\/\/ksiegarnia-akademicka.pl\/index.php\/wp-json\/wp\/v2\/product"}],"about":[{"href":"https:\/\/ksiegarnia-akademicka.pl\/index.php\/wp-json\/wp\/v2\/types\/product"}],"wp:featuredmedia":[{"embeddable":true,"href":"https:\/\/ksiegarnia-akademicka.pl\/index.php\/wp-json\/wp\/v2\/media\/15068"}],"wp:attachment":[{"href":"https:\/\/ksiegarnia-akademicka.pl\/index.php\/wp-json\/wp\/v2\/media?parent=15067"}],"wp:term":[{"taxonomy":"product_brand","embeddable":true,"href":"https:\/\/ksiegarnia-akademicka.pl\/index.php\/wp-json\/wp\/v2\/product_brand?post=15067"},{"taxonomy":"product_cat","embeddable":true,"href":"https:\/\/ksiegarnia-akademicka.pl\/index.php\/wp-json\/wp\/v2\/product_cat?post=15067"},{"taxonomy":"product_tag","embeddable":true,"href":"https:\/\/ksiegarnia-akademicka.pl\/index.php\/wp-json\/wp\/v2\/product_tag?post=15067"}],"curies":[{"name":"wp","href":"https:\/\/api.w.org\/{rel}","templated":true}]}}