{"id":15060,"date":"2022-01-10T08:19:35","date_gmt":"2022-01-10T07:19:35","guid":{"rendered":"http:\/\/ksiegarnia-akademicka.pl\/?post_type=product&#038;p=15060"},"modified":"2022-01-10T08:19:35","modified_gmt":"2022-01-10T07:19:35","slug":"kodeks-pracy-2022-ujednolicone-przepisy-najnowsze-stanowiska-i-orzecznictwo","status":"publish","type":"product","link":"https:\/\/ksiegarnia-akademicka.pl\/index.php\/product\/kodeks-pracy-2022-ujednolicone-przepisy-najnowsze-stanowiska-i-orzecznictwo\/","title":{"rendered":"Kodeks pracy 2022 Ujednolicone przepisy, najnowsze stanowiska i orzecznictwo"},"content":{"rendered":"<p>Autor:<br \/>\nzbiorowa praca<br \/>\nWydawca: Wiedza i Praktyka<br \/>\nOprawa: Mi\u0119kka<br \/>\nFormat: 16.0&#215;23.0cm<br \/>\nLiczba stron: 168<br \/>\nRok wydania: 2021<br \/>\nJ\u0119zyk wydania: polski<\/p>\n<p>Kodeks pracy stanowi podstawowy akt prawny, kt\u00f3ry w swojej praktyce na co dzie\u0144 zobowi\u0105zani s\u0105 stosowa\u0107 pracodawcy. W niniejszym opracowaniu Czytelnik odnajdzie ujednolicon\u0105 tre\u015b\u0107 przepis\u00f3w KP (wg. stanu prawnego na dzie\u0144 1 stycznia 2022 r.) wraz praktycznym om\u00f3wieniem ostatnich zmian i wyborem najnowszych stanowisk i orzecznictwa s\u0105dowego. Zbi\u00f3r przepis\u00f3w dedykowany jest przede wszystkim pracodawcom, mened\u017cerom HR oraz specjalistom zatrudnionym w dzia\u0142ach kadrowo-p\u0142acowych. Mo\u017ce przyda\u0107 si\u0119 r\u00f3wnie\u017c prawnikom i innym osobom na co dzie\u0144 zawodowo zajmuj\u0105cym si\u0119 prawem pracy.<\/p>\n","protected":false},"excerpt":{"rendered":"<p>Autor: zbiorowa praca Wydawca: Wiedza i Praktyka Oprawa: Mi\u0119kka Format: [&hellip;]<\/p>\n","protected":false},"featured_media":15061,"template":"","meta":[],"product_brand":[],"product_cat":[18,7550],"product_tag":[793],"class_list":{"0":"post-15060","1":"product","2":"type-product","3":"status-publish","4":"has-post-thumbnail","6":"product_cat-prawo","7":"product_cat-prawo-pracy","8":"product_tag-prawo-pracy","10":"first","11":"instock","12":"sale","13":"shipping-taxable","14":"purchasable","15":"product-type-simple"},"_links":{"self":[{"href":"https:\/\/ksiegarnia-akademicka.pl\/index.php\/wp-json\/wp\/v2\/product\/15060","targetHints":{"allow":["GET"]}}],"collection":[{"href":"https:\/\/ksiegarnia-akademicka.pl\/index.php\/wp-json\/wp\/v2\/product"}],"about":[{"href":"https:\/\/ksiegarnia-akademicka.pl\/index.php\/wp-json\/wp\/v2\/types\/product"}],"wp:featuredmedia":[{"embeddable":true,"href":"https:\/\/ksiegarnia-akademicka.pl\/index.php\/wp-json\/wp\/v2\/media\/15061"}],"wp:attachment":[{"href":"https:\/\/ksiegarnia-akademicka.pl\/index.php\/wp-json\/wp\/v2\/media?parent=15060"}],"wp:term":[{"taxonomy":"product_brand","embeddable":true,"href":"https:\/\/ksiegarnia-akademicka.pl\/index.php\/wp-json\/wp\/v2\/product_brand?post=15060"},{"taxonomy":"product_cat","embeddable":true,"href":"https:\/\/ksiegarnia-akademicka.pl\/index.php\/wp-json\/wp\/v2\/product_cat?post=15060"},{"taxonomy":"product_tag","embeddable":true,"href":"https:\/\/ksiegarnia-akademicka.pl\/index.php\/wp-json\/wp\/v2\/product_tag?post=15060"}],"curies":[{"name":"wp","href":"https:\/\/api.w.org\/{rel}","templated":true}]}}