{"id":15042,"date":"2021-12-20T13:22:34","date_gmt":"2021-12-20T12:22:34","guid":{"rendered":"http:\/\/ksiegarnia-akademicka.pl\/?post_type=product&#038;p=15042"},"modified":"2021-12-20T13:22:46","modified_gmt":"2021-12-20T12:22:46","slug":"antyspoleczny","status":"publish","type":"product","link":"https:\/\/ksiegarnia-akademicka.pl\/index.php\/product\/antyspoleczny\/","title":{"rendered":"Antyspo\u0142eczny"},"content":{"rendered":"<p>Autor:<br \/>\nNick Pettigrew<br \/>\nT\u0142umacze: Micha\u0142owska-Gabrych Iwona, Zarawska Patrycja<br \/>\nWydawca: Insignis Media<br \/>\nOprawa: Mi\u0119kka<br \/>\nFormat: 14.0&#215;21.0cm<br \/>\nLiczba stron: 352<br \/>\nRok wydania: 2021<br \/>\nJ\u0119zyk wydania: polski<\/p>\n<p>Sekretny dziennik pracownika do spraw zachowa\u0144 antyspo\u0142ecznych<br \/>\n\u201eJestem pracownikiem do spraw zachowa\u0144 antyspo\u0142ecznych. Je\u015bli si\u0119 ze mn\u0105 spotykasz, to znaczy, \u017ce co\u015b w twoim \u017cyciu posz\u0142o nie tak\u201c.<br \/>\nPrzez dziesi\u0119\u0107 lat Nick Pettigrew by\u0142 \u201eantyspo\u0142ecznym\u201c (ASBO, anti-social behaviour oficer). Funkcja ta \u2013 w Wielkiej Brytanii na porz\u0105dku dziennym \u2013 nie ma w Polsce swojego odpowiednika.<br \/>\nZadaniem antyspo\u0142ecznego jest troska o to, by lokalna spo\u0142eczno\u015b\u0107 \u017cy\u0142a w harmonii i zadowoleniu. Innymi s\u0142owy: \u017ceby ludzie przynajmniej nie skakali sobie do garde\u0142. To trudny kawa\u0142ek chleba. Wystarczaj\u0105co trudny, gdy w twoim rewirze nic szczeg\u00f3lnego si\u0119 nie dzieje. Kiedy jednak staj\u0105 ci na drodze obsesyjni zbieracze, marz\u0105ce o s\u0142awie niedosz\u0142e d\u017cokejki, wyluzowani w\u0142a\u015bciciele melin narkotykowych i sk\u0142onni do pieniactwa handlarze broni\u0105, mo\u017ce rozp\u0119ta\u0107 si\u0119 istny chaos.<br \/>\n\u201eAntyspo\u0142eczny\u201c to nie tylko b\u0142yskotliwa diagnoza wsp\u00f3\u0142czesnego spo\u0142ecze\u0144stwa. To przede wszystkim niesamowicie zabawna i chwytaj\u0105ca za serce opowie\u015b\u0107 o pracy z lud\u017ami, o kt\u00f3rych wi\u0119kszo\u015b\u0107 wola\u0142aby zapomnie\u0107, i o rozwi\u0105zywaniu problem\u00f3w, z kt\u00f3rymi ma\u0142o kto chcia\u0142by si\u0119 mierzy\u0107. Ta ksi\u0105\u017cka sprawi, \u017ce b\u0119dziesz si\u0119 \u015bmia\u0107, p\u0142aka\u0107 i kipie\u0107 ze z\u0142o\u015bci\u2026 i to czasami naraz, czytaj\u0105c jedno zdanie.<\/p>\n","protected":false},"excerpt":{"rendered":"<p>Autor: Nick Pettigrew T\u0142umacze: Micha\u0142owska-Gabrych Iwona, Zarawska Patrycja Wydawca: Insignis [&hellip;]<\/p>\n","protected":false},"featured_media":15043,"template":"","meta":[],"product_brand":[],"product_cat":[7707,27,7510],"product_tag":[5953,1217],"class_list":{"0":"post-15042","1":"product","2":"type-product","3":"status-publish","4":"has-post-thumbnail","6":"product_cat-literatura","7":"product_cat-nauki-spoleczne","8":"product_cat-polityka-spoleczna","9":"product_tag-literatura","10":"product_tag-pomoc-spoleczna","12":"first","13":"instock","14":"sale","15":"shipping-taxable","16":"purchasable","17":"product-type-simple"},"_links":{"self":[{"href":"https:\/\/ksiegarnia-akademicka.pl\/index.php\/wp-json\/wp\/v2\/product\/15042","targetHints":{"allow":["GET"]}}],"collection":[{"href":"https:\/\/ksiegarnia-akademicka.pl\/index.php\/wp-json\/wp\/v2\/product"}],"about":[{"href":"https:\/\/ksiegarnia-akademicka.pl\/index.php\/wp-json\/wp\/v2\/types\/product"}],"wp:featuredmedia":[{"embeddable":true,"href":"https:\/\/ksiegarnia-akademicka.pl\/index.php\/wp-json\/wp\/v2\/media\/15043"}],"wp:attachment":[{"href":"https:\/\/ksiegarnia-akademicka.pl\/index.php\/wp-json\/wp\/v2\/media?parent=15042"}],"wp:term":[{"taxonomy":"product_brand","embeddable":true,"href":"https:\/\/ksiegarnia-akademicka.pl\/index.php\/wp-json\/wp\/v2\/product_brand?post=15042"},{"taxonomy":"product_cat","embeddable":true,"href":"https:\/\/ksiegarnia-akademicka.pl\/index.php\/wp-json\/wp\/v2\/product_cat?post=15042"},{"taxonomy":"product_tag","embeddable":true,"href":"https:\/\/ksiegarnia-akademicka.pl\/index.php\/wp-json\/wp\/v2\/product_tag?post=15042"}],"curies":[{"name":"wp","href":"https:\/\/api.w.org\/{rel}","templated":true}]}}