{"id":15012,"date":"2021-12-13T09:25:26","date_gmt":"2021-12-13T08:25:26","guid":{"rendered":"http:\/\/ksiegarnia-akademicka.pl\/?post_type=product&#038;p=15012"},"modified":"2021-12-13T09:25:26","modified_gmt":"2021-12-13T08:25:26","slug":"masaz-sportowy-techniki-specjalistyczne-i-uzupelniajace","status":"publish","type":"product","link":"https:\/\/ksiegarnia-akademicka.pl\/index.php\/product\/masaz-sportowy-techniki-specjalistyczne-i-uzupelniajace\/","title":{"rendered":"Masa\u017c sportowy Techniki specjalistyczne i uzupe\u0142niaj\u0105ce"},"content":{"rendered":"<p>Autor:<br \/>\nZimaglia C.<br \/>\nWydawca: Edra Urban &amp; Partner<br \/>\nOprawa: Twarda<br \/>\nFormat: 21.0&#215;27.0cm<br \/>\nLiczba stron: 374<br \/>\nWydanie: 1<br \/>\nRok wydania: 2021<br \/>\nJ\u0119zyk wydania: polski<\/p>\n<p>Claudio Zimaglia, fizjoterapeuta i osteopata DOE, a tak\u017ce cz\u0142onek za\u0142o\u017cyciel W\u0142oskiego Stowarzyszenia Fizjoterapeut\u00f3w i Osteopat\u00f3w Sportowych (Associazione Italiana Fisioterapisti e Osteopati per lo Sport, AIFOS), prezentuje w publikacji stosowane przez siebie sprawdzone metody terapeutyczne wykorzystywane w masa\u017cu sportowym, wzbogacaj\u0105c je czytelnymi ilustracjami.<\/p>\n<p>W ksi\u0105\u017cce<\/p>\n<p>\u2022 Podstawy anatomiczne i fizjologiczne uk\u0142adu mi\u0119\u015bniowego<\/p>\n<p>\u2022 Klasyfikacja pourazowych uszkodze\u0144 mi\u0119\u015bni typowych dla sportowc\u00f3w: etiopatogeneza, aspekty anatomopatologiczne, elementy diagnozy i strategie terapeutyczne<\/p>\n<p>\u2022 Mechanizmy dzia\u0142ania, w\u0142a\u015bciwo\u015bci, wskazania i przeciwwskazania masa\u017cu sportowego<\/p>\n<p>\u2022 Rodzaje masa\u017cu: przed zawodami, w trakcie i po zawodach, podczas treningu, koryguj\u0105cy zaburzenia segmentarne, regeneracyjny oraz wspomagaj\u0105cy leczenie uszkodze\u0144 pourazowych typowych dla sportowc\u00f3w<\/p>\n<p>\u2022 Techniki podstawowe i uzupe\u0142niaj\u0105ce: tradycyjne techniki masa\u017cu (g\u0142askanie, rozcieranie, ugniatanie, oklepywanie, naciski wiele innych), techniki rozci\u0105gania i mobilizacji staw\u00f3w<\/p>\n<p>\u2022 Ponad 350 schemat\u00f3w anatomicznych i fotografii technik masa\u017cu sportowego<\/p>\n<p>\u2022 Materia\u0142y wideo prezentuj\u0105ce poszczeg\u00f3lne techniki masa\u017cu sportowego<\/p>\n<p>Dzi\u0119ki do\u015bwiadczeniu, jakie zdoby\u0142em, pomagaj\u0105c sportowcom reprezentuj\u0105cym r\u00f3\u017cne dyscypliny oraz dzi\u0119ki owocnej wymianie opinii z kolegami z innych kraj\u00f3w potrafi\u0119 oceni\u0107 skuteczno\u015b\u0107 okre\u015blonych technik masa\u017cu zar\u00f3wno w doprowadzaniu organizm\u00f3w sportowc\u00f3w do optymalnej sprawno\u015bci, jak i wspomaganiu ich regeneracji w nast\u0119pstwie zm\u0119czenia lub kontuzji. Ksi\u0105\u017cka ma na celu dostarczenie czynnym terapeutom teoretycznych i praktycznych wskaz\u00f3wek dotycz\u0105cych zastosowania r\u00f3\u017cnorodnych technik masa\u017cu sportowego, a nast\u0119pnie skojarzenie ich z technikami komplementarnymi, takimi jak mobilizacja staw\u00f3w lub rozci\u0105ganie struktur mi\u0119\u015bniowo-powi\u0119ziowych.<\/p>\n<p>Publikacja ma charakter bardzo praktyczny. Zosta\u0142a ona bogato zilustrowana seriami zdj\u0119\u0107 pokazuj\u0105cych zastosowanie wybranych technik w podziale na poszczeg\u00f3lne obszary cia\u0142a. Przedstawiono w niej r\u00f3\u017cne kombinacje ruch\u00f3w i chwyt\u00f3w podstawowych, wykorzystywanych w masa\u017cu sportowym oraz technik uzupe\u0142niaj\u0105cych mobilizacj\u0119 i rozci\u0105ganie staw\u00f3w.<\/p>\n<p>Ksi\u0105\u017cce towarzysz\u0105 materia\u0142y wideo, dzi\u0119ki kt\u00f3rym osoby zainteresowane mog\u0105 dok\u0142adnie przeanalizowa\u0107 wszelkie techniczne aspekty ruch\u00f3w wykonywanych podczas zabieg\u00f3w.<\/p>\n<p>Z Przedmowy Autora<\/p>\n","protected":false},"excerpt":{"rendered":"<p>Autor: Zimaglia C. Wydawca: Edra Urban &amp; Partner Oprawa: Twarda [&hellip;]<\/p>\n","protected":false},"featured_media":15013,"template":"","meta":[],"product_brand":[],"product_cat":[7963,7493,7625],"product_tag":[1498,3994,5853],"class_list":{"0":"post-15012","1":"product","2":"type-product","3":"status-publish","4":"has-post-thumbnail","6":"product_cat-anatomia","7":"product_cat-medycyna","8":"product_cat-nauki-o-zdrowiu","9":"product_tag-fizjoterapia","10":"product_tag-medycyna","11":"product_tag-rehabilitacja","13":"first","14":"instock","15":"sale","16":"shipping-taxable","17":"purchasable","18":"product-type-simple"},"_links":{"self":[{"href":"https:\/\/ksiegarnia-akademicka.pl\/index.php\/wp-json\/wp\/v2\/product\/15012","targetHints":{"allow":["GET"]}}],"collection":[{"href":"https:\/\/ksiegarnia-akademicka.pl\/index.php\/wp-json\/wp\/v2\/product"}],"about":[{"href":"https:\/\/ksiegarnia-akademicka.pl\/index.php\/wp-json\/wp\/v2\/types\/product"}],"wp:featuredmedia":[{"embeddable":true,"href":"https:\/\/ksiegarnia-akademicka.pl\/index.php\/wp-json\/wp\/v2\/media\/15013"}],"wp:attachment":[{"href":"https:\/\/ksiegarnia-akademicka.pl\/index.php\/wp-json\/wp\/v2\/media?parent=15012"}],"wp:term":[{"taxonomy":"product_brand","embeddable":true,"href":"https:\/\/ksiegarnia-akademicka.pl\/index.php\/wp-json\/wp\/v2\/product_brand?post=15012"},{"taxonomy":"product_cat","embeddable":true,"href":"https:\/\/ksiegarnia-akademicka.pl\/index.php\/wp-json\/wp\/v2\/product_cat?post=15012"},{"taxonomy":"product_tag","embeddable":true,"href":"https:\/\/ksiegarnia-akademicka.pl\/index.php\/wp-json\/wp\/v2\/product_tag?post=15012"}],"curies":[{"name":"wp","href":"https:\/\/api.w.org\/{rel}","templated":true}]}}