{"id":15004,"date":"2021-12-13T09:10:29","date_gmt":"2021-12-13T08:10:29","guid":{"rendered":"http:\/\/ksiegarnia-akademicka.pl\/?post_type=product&#038;p=15004"},"modified":"2021-12-13T09:10:29","modified_gmt":"2021-12-13T08:10:29","slug":"jezyk-arabski-teksty-i-cwiczenia","status":"publish","type":"product","link":"https:\/\/ksiegarnia-akademicka.pl\/index.php\/product\/jezyk-arabski-teksty-i-cwiczenia\/","title":{"rendered":"J\u0119zyk arabski Teksty i \u0107wiczenia"},"content":{"rendered":"<p>Autor:<br \/>\nAdnan Abbas<br \/>\nWydawca: Wydawnictwo Naukowe UAM<br \/>\nOprawa: Mi\u0119kka<br \/>\nLiczba stron: 524<br \/>\nWydanie: 3<br \/>\nRok wydania: 2021<br \/>\nJ\u0119zyk wydania: polski<\/p>\n<p>Podr\u0119cznik zawiera pi\u0119\u0107dziesi\u0105t dwa teksty arabskie, aneks odmiany czasownik\u00f3w, a tak\u017ce r\u00f3\u017cnorodne \u0107wiczenia oraz s\u0142owniczki arabsko-polskie po ka\u017cdej lekcji. Jest przeznaczony do praktycznej nauki j\u0119zyka arabskiego dla student\u00f3w pierwszego i drugiego roku arabistyki, rozpoczynaj\u0105cych nauk\u0119 j\u0119zyka arabskiego pod opiek\u0105 lektora. Prowadz\u0105cy zaj\u0119cia mo\u017ce dowolnie dobiera\u0107 teksty w zale\u017cno\u015bci od potrzeb, jak r\u00f3wnie\u017c dodawa\u0107 nowe teksty, wzbogacaj\u0105c zakres \u0107wicze\u0144. Zaleca si\u0119 jednak rozpocz\u0119cie nauki od pierwszej lekcji. Ka\u017cdy tekst powinien by\u0107 kilkakrotnie przeczytany przez lektora. Niekt\u00f3re teksty umieszczone w dalszej cz\u0119\u015bci podr\u0119cznika mog\u0105 s\u0142u\u017cy\u0107 nawet studentom trzeciego roku. Studenci, korzystaj\u0105c z podr\u0119cznika, nabywaj\u0105 r\u00f3wnie\u017c wiedzy w zakresie zasad pisania i podstaw gramatyki j\u0119zyka arabskiego. Podj\u0119te w\u0105tki dotycz\u0105 m.in. takich element\u00f3w gramatyki, jak: uwagi o j\u0119zyku i alfabecie, samog\u0142oski i dyfongi, znaki wokalizacyjne, rzeczownik okre\u015blony i nieokre\u015blony, zdanie nominalne, deklinacja (rodzaj \u017ce\u0144ski i m\u0119ski), liczba (pojedyncza, podw\u00f3jna, mnoga), zaimki (osobowe, dzier\u017cawcze, wskazuj\u0105ce, pytaj\u0105ce, wzgl\u0119dne); przeczenie, liczebniki, przymiotniki i stopniowanie przymiotnik\u00f3w, czasownik (czas przesz\u0142y, tera\u017aniejszy i przysz\u0142y), czasownik regularny i nieregularny, czasownik tr\u00f3jradyka\u0142owy i jego tematy pochodne, tryb rozkazuj\u0105cy, tryb oznajmuj\u0105cy, \u0142\u0105cz\u0105cy i \u015bci\u0119ty (appocopatus). Teksty umieszczone s\u0105 wed\u0142ug stopnia trudno\u015bci. Zosta\u0142y napisane zar\u00f3wno w formie dialog\u00f3w, jak i tekstu ci\u0105g\u0142ego. Obejmuj\u0105 r\u00f3\u017cne dziedziny \u017cycia, kultury i literatury. Znajomo\u015b\u0107 u\u017cytego s\u0142ownictwa przyda si\u0119 na pewno podczas pobytu w krajach arabskich. R\u00f3\u017cnorodno\u015b\u0107 \u0107wicze\u0144 umo\u017cliwi dog\u0142\u0119bne zapoznanie si\u0119 z wieloma odcieniami j\u0119zyka. W podr\u0119czniku zawarto te\u017c kr\u00f3tkie fragmenty z Koranu i Nowego Testamentu oraz przys\u0142owia i urywki poezji arabskiej. Zaprezentowane zosta\u0142y tak\u017ce przyk\u0142ady kaligrafii arabskiej.<\/p>\n","protected":false},"excerpt":{"rendered":"<p>Autor: Adnan Abbas Wydawca: Wydawnictwo Naukowe UAM Oprawa: Mi\u0119kka Liczba [&hellip;]<\/p>\n","protected":false},"featured_media":15005,"template":"","meta":[],"product_brand":[],"product_cat":[37],"product_tag":[343,8146],"class_list":{"0":"post-15004","1":"product","2":"type-product","3":"status-publish","4":"has-post-thumbnail","6":"product_cat-jezyki-obce","7":"product_tag-cwiczenia","8":"product_tag-jezyk-arabski","10":"first","11":"instock","12":"shipping-taxable","13":"purchasable","14":"product-type-simple"},"_links":{"self":[{"href":"https:\/\/ksiegarnia-akademicka.pl\/index.php\/wp-json\/wp\/v2\/product\/15004","targetHints":{"allow":["GET"]}}],"collection":[{"href":"https:\/\/ksiegarnia-akademicka.pl\/index.php\/wp-json\/wp\/v2\/product"}],"about":[{"href":"https:\/\/ksiegarnia-akademicka.pl\/index.php\/wp-json\/wp\/v2\/types\/product"}],"wp:featuredmedia":[{"embeddable":true,"href":"https:\/\/ksiegarnia-akademicka.pl\/index.php\/wp-json\/wp\/v2\/media\/15005"}],"wp:attachment":[{"href":"https:\/\/ksiegarnia-akademicka.pl\/index.php\/wp-json\/wp\/v2\/media?parent=15004"}],"wp:term":[{"taxonomy":"product_brand","embeddable":true,"href":"https:\/\/ksiegarnia-akademicka.pl\/index.php\/wp-json\/wp\/v2\/product_brand?post=15004"},{"taxonomy":"product_cat","embeddable":true,"href":"https:\/\/ksiegarnia-akademicka.pl\/index.php\/wp-json\/wp\/v2\/product_cat?post=15004"},{"taxonomy":"product_tag","embeddable":true,"href":"https:\/\/ksiegarnia-akademicka.pl\/index.php\/wp-json\/wp\/v2\/product_tag?post=15004"}],"curies":[{"name":"wp","href":"https:\/\/api.w.org\/{rel}","templated":true}]}}