{"id":14995,"date":"2021-12-13T08:38:58","date_gmt":"2021-12-13T07:38:58","guid":{"rendered":"http:\/\/ksiegarnia-akademicka.pl\/?post_type=product&#038;p=14995"},"modified":"2021-12-13T08:38:59","modified_gmt":"2021-12-13T07:38:59","slug":"lotnictwo-cywilne-slownik-angielsko-polski-i-polsko-angielski-2","status":"publish","type":"product","link":"https:\/\/ksiegarnia-akademicka.pl\/index.php\/product\/lotnictwo-cywilne-slownik-angielsko-polski-i-polsko-angielski-2\/","title":{"rendered":"Lotnictwo cywilne S\u0142ownik angielsko-polski i polsko-angielski"},"content":{"rendered":"<p>Autor:<br \/>\nBart\u0142omiej Czerkowski<br \/>\nWydawca: Wydawnictwo Naukowe PWN<br \/>\nOprawa: Mi\u0119kka<br \/>\nFormat: 15.0&#215;21.0cm<br \/>\nLiczba stron: 750<br \/>\nWydanie: 2<br \/>\nRok wydania: 2021<br \/>\nJ\u0119zyk wydania: polski<\/p>\n<p>Przedstawiamy zupe\u0142nie nowe, poszerzone i zaktualizowane wydanie LOTNICTWA CYWILNEGO \u2013 S\u0141OWNIKA ANGIELSKO-POLSKIEGO i POLSKO-ANGIELSKIEGO wraz z dodatkami. Niniejsza publikacja jest kontynuacj\u0105 S\u0141OWNIKA z 2016 r., kt\u00f3ry zawiera\u0142 ponad 3000 termin\u00f3w z dziedziny lotnictwa cywilnego. Obecne wydanie zawiera ok. 10 tysi\u0119cy lotniczych termin\u00f3w wraz z ich wyja\u015bnieniami i trafnym oraz jednoznacznym t\u0142umaczeniem. Publikacja uwzgl\u0119dnia pog\u0142\u0119bion\u0105, obszern\u0105 liczb\u0119 termin\u00f3w, kt\u00f3re wyst\u0119puj\u0105 w nast\u0119puj\u0105cych obszarach tematycznych: port\u00f3w lotniczych, linii lotniczej, obs\u0142ugi naziemnej, mechaniki lotniczej, pilota\u017cu samolotu, aerodynamiki, nawigacji lotniczej, slangu lotniczego. LOTNICTWO CYWILNE. S\u0142ownik (\u2026) b\u0119dzie mie\u0107 Czytelnik\u00f3w w\u015br\u00f3d licznej grupy odbiorc\u00f3w, m. in.: pracownik\u00f3w bran\u017cy lotniczej: pilot\u00f3w, pracownik\u00f3w administracji lotniczej, specjalist\u00f3w z zakresu bezpiecze\u0144stwa lotniczego, pracownik\u00f3w: linii lotniczych, port\u00f3w lotniczych, pracownik\u00f3w szkol\u0105cych, obs\u0142ugi naziemnej, aeroklub\u00f3w, kontroler\u00f3w ruchu lotniczego, nawigator\u00f3w, dyspozytor\u00f3w. B\u0119dzie tak\u017ce cenn\u0105 publikacj\u0105 dla student\u00f3w uczelni z profilami lotniczymi, a tak\u017ce pasjonat\u00f3w lotnictwa.<\/p>\n","protected":false},"excerpt":{"rendered":"<p>Autor: Bart\u0142omiej Czerkowski Wydawca: Wydawnictwo Naukowe PWN Oprawa: Mi\u0119kka Format: [&hellip;]<\/p>\n","protected":false},"featured_media":14996,"template":"","meta":[],"product_brand":[],"product_cat":[37,7535],"product_tag":[5013,8144,642],"class_list":{"0":"post-14995","1":"product","2":"type-product","3":"status-publish","4":"has-post-thumbnail","6":"product_cat-jezyki-obce","7":"product_cat-transport-2","8":"product_tag-lotnictwo","9":"product_tag-slownik-tematyczny","10":"product_tag-transport","12":"first","13":"instock","14":"sale","15":"shipping-taxable","16":"purchasable","17":"product-type-simple"},"_links":{"self":[{"href":"https:\/\/ksiegarnia-akademicka.pl\/index.php\/wp-json\/wp\/v2\/product\/14995","targetHints":{"allow":["GET"]}}],"collection":[{"href":"https:\/\/ksiegarnia-akademicka.pl\/index.php\/wp-json\/wp\/v2\/product"}],"about":[{"href":"https:\/\/ksiegarnia-akademicka.pl\/index.php\/wp-json\/wp\/v2\/types\/product"}],"wp:featuredmedia":[{"embeddable":true,"href":"https:\/\/ksiegarnia-akademicka.pl\/index.php\/wp-json\/wp\/v2\/media\/14996"}],"wp:attachment":[{"href":"https:\/\/ksiegarnia-akademicka.pl\/index.php\/wp-json\/wp\/v2\/media?parent=14995"}],"wp:term":[{"taxonomy":"product_brand","embeddable":true,"href":"https:\/\/ksiegarnia-akademicka.pl\/index.php\/wp-json\/wp\/v2\/product_brand?post=14995"},{"taxonomy":"product_cat","embeddable":true,"href":"https:\/\/ksiegarnia-akademicka.pl\/index.php\/wp-json\/wp\/v2\/product_cat?post=14995"},{"taxonomy":"product_tag","embeddable":true,"href":"https:\/\/ksiegarnia-akademicka.pl\/index.php\/wp-json\/wp\/v2\/product_tag?post=14995"}],"curies":[{"name":"wp","href":"https:\/\/api.w.org\/{rel}","templated":true}]}}