{"id":14972,"date":"2021-12-06T13:37:10","date_gmt":"2021-12-06T12:37:10","guid":{"rendered":"http:\/\/ksiegarnia-akademicka.pl\/?post_type=product&#038;p=14972"},"modified":"2021-12-06T13:37:10","modified_gmt":"2021-12-06T12:37:10","slug":"praktyczna-kosmetologia-krok-po-kroku-dlonie-i-paznokcie","status":"publish","type":"product","link":"https:\/\/ksiegarnia-akademicka.pl\/index.php\/product\/praktyczna-kosmetologia-krok-po-kroku-dlonie-i-paznokcie\/","title":{"rendered":"Praktyczna kosmetologia krok po kroku D\u0142onie i paznokcie"},"content":{"rendered":"<p>Autor:<br \/>\nEwa Sobolewska<br \/>\nWydawca: PZWL<br \/>\nOprawa: Mi\u0119kka<br \/>\nFormat: 16.5&#215;23.5cm<br \/>\nLiczba stron: 140<br \/>\nWydanie: 1<br \/>\nRok wydania: 2021<br \/>\nJ\u0119zyk wydania: polski<\/p>\n<p>Druga publikacja z serii Praktyczna kosmetologia krok po kroku tym razem przedstawiaj\u0105ca tematyk\u0119 piel\u0119gnacji d\u0142oni i paznokci oraz technik ich zdobienia.<\/p>\n<p>Pierwsza cz\u0119\u015b\u0107 ksi\u0105\u017cki zawiera teoretyczne wprowadzenie do temat\u00f3w zwi\u0105zanych z budow\u0105, fizjologi\u0105 i patofizjologi\u0105 sk\u00f3ry oraz paznokci. W dalszej cz\u0119\u015bci opisane zosta\u0142y procedury wymagane przez Pa\u0144stwow\u0105 Inspekcj\u0119 Sanitarn\u0105, co umo\u017cliwia samodzielne przygotowanie gabinetu kosmetycznego do \u015bwiadczenia us\u0142ug.<\/p>\n<p>Kolejne rozdzia\u0142y prezentuj\u0105 techniki wykonania manicure, zabieg\u00f3w piel\u0119gnacyjnych, technik przed\u0142u\u017cania i zdobienia paznokcia wraz z opisami dzia\u0142ania okre\u015blonych grup kosmetyk\u00f3w. Uwzgl\u0119dniono mechanizmy fizykochemiczne zachodz\u0105ce mi\u0119dzy p\u0142ytk\u0105 paznokcia, a nak\u0142adanymi substancjami oraz rekcje chemiczne odpowiedzialne za polimeryzacj\u0119 i \u0142\u0105czenie si\u0119 kolejnych nak\u0142adanych warstw. Ponadto ksi\u0105\u017cka zapoznaje z teori\u0105 koloru. Zaprezentowano tak\u017ce akcesoria i narz\u0119dzia do zdobie\u0144 paznokci oraz sposoby ich wykonania, kt\u00f3re bogato zilustrowano fotografiami r\u00f3\u017cnych przyk\u0142ad\u00f3w stylizacji.<\/p>\n<p>Praktyczna kosmetologia krok po kroku. D\u0142onie i paznokcie jest pozycj\u0105 skierowan\u0105 do kosmetolog\u00f3w i kosmetyczek oferuj\u0105cych us\u0142ugi z zakresu piel\u0119gnacji d\u0142oni i paznokci oraz ich zdobienia. Jest r\u00f3wnie\u017c wiarygodnym \u017ar\u00f3d\u0142em wiedzy dla wszystkich student\u00f3w kierunk\u00f3w zawodowych i innych os\u00f3b, kt\u00f3re chc\u0105 zg\u0142\u0119bi\u0107 wiedz\u0119 w tym temacie.<\/p>\n","protected":false},"excerpt":{"rendered":"<p>Autor: Ewa Sobolewska Wydawca: PZWL Oprawa: Mi\u0119kka Format: 16.5&#215;23.5cm Liczba [&hellip;]<\/p>\n","protected":false},"featured_media":14973,"template":"","meta":[],"product_brand":[],"product_cat":[8138,7493,7625],"product_tag":[2861,4934],"class_list":{"0":"post-14972","1":"product","2":"type-product","3":"status-publish","4":"has-post-thumbnail","6":"product_cat-dermatologia","7":"product_cat-medycyna","8":"product_cat-nauki-o-zdrowiu","9":"product_tag-dermatologia","10":"product_tag-kosmetologia","12":"first","13":"instock","14":"sale","15":"shipping-taxable","16":"purchasable","17":"product-type-simple"},"_links":{"self":[{"href":"https:\/\/ksiegarnia-akademicka.pl\/index.php\/wp-json\/wp\/v2\/product\/14972","targetHints":{"allow":["GET"]}}],"collection":[{"href":"https:\/\/ksiegarnia-akademicka.pl\/index.php\/wp-json\/wp\/v2\/product"}],"about":[{"href":"https:\/\/ksiegarnia-akademicka.pl\/index.php\/wp-json\/wp\/v2\/types\/product"}],"wp:featuredmedia":[{"embeddable":true,"href":"https:\/\/ksiegarnia-akademicka.pl\/index.php\/wp-json\/wp\/v2\/media\/14973"}],"wp:attachment":[{"href":"https:\/\/ksiegarnia-akademicka.pl\/index.php\/wp-json\/wp\/v2\/media?parent=14972"}],"wp:term":[{"taxonomy":"product_brand","embeddable":true,"href":"https:\/\/ksiegarnia-akademicka.pl\/index.php\/wp-json\/wp\/v2\/product_brand?post=14972"},{"taxonomy":"product_cat","embeddable":true,"href":"https:\/\/ksiegarnia-akademicka.pl\/index.php\/wp-json\/wp\/v2\/product_cat?post=14972"},{"taxonomy":"product_tag","embeddable":true,"href":"https:\/\/ksiegarnia-akademicka.pl\/index.php\/wp-json\/wp\/v2\/product_tag?post=14972"}],"curies":[{"name":"wp","href":"https:\/\/api.w.org\/{rel}","templated":true}]}}