{"id":14952,"date":"2021-12-06T13:14:43","date_gmt":"2021-12-06T12:14:43","guid":{"rendered":"http:\/\/ksiegarnia-akademicka.pl\/?post_type=product&#038;p=14952"},"modified":"2026-03-17T11:07:12","modified_gmt":"2026-03-17T10:07:12","slug":"kosmetologia-tom-2","status":"publish","type":"product","link":"https:\/\/ksiegarnia-akademicka.pl\/index.php\/product\/kosmetologia-tom-2\/","title":{"rendered":"Kosmetologia Tom 2"},"content":{"rendered":"<p>Autor:<br \/>\nAnna Ko\u0142odziejczak<br \/>\nWydawca: PZWL<br \/>\nOprawa: Mi\u0119kka<br \/>\nFormat: 20.5&#215;24.5cm<br \/>\nLiczba stron: 600<br \/>\nWydanie: 1<br \/>\nRok wydania: 2020<br \/>\nJ\u0119zyk wydania: polski<\/p>\n<p>U podstaw wydania II tomu Kosmetologii le\u017ca\u0142a konieczno\u015b\u0107 kompleksowego uj\u0119cia ca\u0142o\u015bci zagadnie\u0144 kosmetologicznych, uzupe\u0142nionych o wiedz\u0119 nauk zintegrowanych z kosmetologi\u0105. Opracowanie powsta\u0142o na postawie wiedzy i do\u015bwiadczenia praktycznego specjalist\u00f3w wielu dziedzin z ca\u0142ej Polski.<br \/>\nW II tomie podj\u0119to kosmetologi\u0119 jako dziedzin\u0119 interdyscyplinarn\u0105, wi\u0105\u017c\u0105c\u0105 si\u0119 bezpo\u015brednio lub po\u015brednio z licznymi dziedzinami medycznymi i chemicznymi. Wielokierunkowo\u015b\u0107 kosmetologii zach\u0119ca do wsp\u00f3\u0142pracy specjalist\u00f3w wielu dziedzin. Kosmetolodzy to dzi\u015b szeroko wykwalifikowani specjali\u015bci wykonuj\u0105cy czynno\u015bci, w tym zabiegi, mi\u0119dzy lekarzem dermatologiem, lekarzem medycyny estetycznej, farmaceut\u0105, fizjoterapeut\u0105 i chemikiem. W tym kontek\u015bcie kosmetolodzy mog\u0105 dzia\u0142a\u0107 na szczeblu wsp\u00f3\u0142pracy diagnostycznej, zabiegowej (terapeutycznej) oraz badawczo-naukowej.<br \/>\nKosmetologia to jedyna pozycja na rynku wydawniczym z tej dziedziny, kt\u00f3ra kompletnie obejmuje tematyk\u0119 kosmetologiczn\u0105. Mamy nadziej\u0119, \u017ce stanie si\u0119 ona pomocna w kszta\u0142ceniu i w pracy kosmetolog\u00f3w oraz wielu specjalist\u00f3w dziedzin estetycznych, medycznych i chemicznych.<\/p>\n","protected":false},"excerpt":{"rendered":"<p>Autor: Anna Ko\u0142odziejczak Wydawca: PZWL Oprawa: Mi\u0119kka Format: 20.5&#215;24.5cm Liczba [&hellip;]<\/p>\n","protected":false},"featured_media":14953,"template":"","meta":[],"product_brand":[],"product_cat":[8138,7493,44],"product_tag":[2861,4934],"class_list":{"0":"post-14952","1":"product","2":"type-product","3":"status-publish","4":"has-post-thumbnail","6":"product_cat-dermatologia","7":"product_cat-medycyna","8":"product_cat-nauki-medyczne","9":"product_tag-dermatologia","10":"product_tag-kosmetologia","12":"first","13":"instock","14":"sale","15":"shipping-taxable","16":"purchasable","17":"product-type-simple"},"_links":{"self":[{"href":"https:\/\/ksiegarnia-akademicka.pl\/index.php\/wp-json\/wp\/v2\/product\/14952","targetHints":{"allow":["GET"]}}],"collection":[{"href":"https:\/\/ksiegarnia-akademicka.pl\/index.php\/wp-json\/wp\/v2\/product"}],"about":[{"href":"https:\/\/ksiegarnia-akademicka.pl\/index.php\/wp-json\/wp\/v2\/types\/product"}],"wp:featuredmedia":[{"embeddable":true,"href":"https:\/\/ksiegarnia-akademicka.pl\/index.php\/wp-json\/wp\/v2\/media\/14953"}],"wp:attachment":[{"href":"https:\/\/ksiegarnia-akademicka.pl\/index.php\/wp-json\/wp\/v2\/media?parent=14952"}],"wp:term":[{"taxonomy":"product_brand","embeddable":true,"href":"https:\/\/ksiegarnia-akademicka.pl\/index.php\/wp-json\/wp\/v2\/product_brand?post=14952"},{"taxonomy":"product_cat","embeddable":true,"href":"https:\/\/ksiegarnia-akademicka.pl\/index.php\/wp-json\/wp\/v2\/product_cat?post=14952"},{"taxonomy":"product_tag","embeddable":true,"href":"https:\/\/ksiegarnia-akademicka.pl\/index.php\/wp-json\/wp\/v2\/product_tag?post=14952"}],"curies":[{"name":"wp","href":"https:\/\/api.w.org\/{rel}","templated":true}]}}