{"id":14933,"date":"2021-12-02T11:13:27","date_gmt":"2021-12-02T10:13:27","guid":{"rendered":"http:\/\/ksiegarnia-akademicka.pl\/?post_type=product&#038;p=14933"},"modified":"2021-12-02T11:13:28","modified_gmt":"2021-12-02T10:13:28","slug":"neonatologia-praktyczne-umiejetnosci-w-opiece-nad-noworodkiem","status":"publish","type":"product","link":"https:\/\/ksiegarnia-akademicka.pl\/index.php\/product\/neonatologia-praktyczne-umiejetnosci-w-opiece-nad-noworodkiem\/","title":{"rendered":"Neonatologia Praktyczne umiej\u0119tno\u015bci w opiece nad noworodkiem"},"content":{"rendered":"<p>Redakcja: Monika Salamo\u0144czyk,<br \/>\nAnna \u0141ozi\u0144ska-Czerniak, Ewa Dmoch-Gajzlerska<br \/>\nWydawca: PZWL<br \/>\nOprawa: Mi\u0119kka<br \/>\nFormat: 15.5&#215;23.5cm<br \/>\nLiczba stron: 206<br \/>\nWydanie: 1<br \/>\nRok wydania: 2021<br \/>\nJ\u0119zyk wydania: polski<\/p>\n<p>W ksi\u0105\u017cce przedstawiono praktyczne umiej\u0119tno\u015bci, dotycz\u0105ce opieki, piel\u0119gnacji, diagnostyki i leczenia, wykonywane przez piel\u0119gniarki i po\u0142o\u017cne w codziennej pracy na oddziale noworodkowym.<br \/>\nW publikacji w zrozumia\u0142y spos\u00f3b opisano takie zagadnienia, jak: post\u0119powanie z noworodkiem bezpo\u015brednio po urodzeniu, karmienie piersi\u0105 i zasady post\u0119powania z pokarmem dla noworodka, praktyczne wskaz\u00f3wki dotycz\u0105ce karmienia doustnego, czynno\u015bci higieniczne oraz techniki najcz\u0119\u015bciej wykonywanych zabieg\u00f3w, resuscytacja noworodka, specyfika podania lek\u00f3w r\u00f3\u017cnymi drogami, zasady stosowania prawid\u0142owych pozycji u\u0142o\u017ceniowych oraz edukacja zdrowotna rodzic\u00f3w w opiece nad noworodkiem.<br \/>\nRepetytorium b\u0119dzie podstawow\u0105 lektur\u0105 dla student\u00f3w po\u0142o\u017cnictwa i piel\u0119gniarstwa, z pewno\u015bci\u0105 zainteresuje r\u00f3wnie\u017c po\u0142o\u017cne i piel\u0119gniarki.<\/p>\n","protected":false},"excerpt":{"rendered":"<p>Redakcja: Monika Salamo\u0144czyk, Anna \u0141ozi\u0144ska-Czerniak, Ewa Dmoch-Gajzlerska Wydawca: PZWL Oprawa: [&hellip;]<\/p>\n","protected":false},"featured_media":14934,"template":"","meta":[],"product_brand":[],"product_cat":[7493,8067,8031],"product_tag":[8140,8141,3074,4920],"class_list":{"0":"post-14933","1":"product","2":"type-product","3":"status-publish","4":"has-post-thumbnail","6":"product_cat-medycyna","7":"product_cat-pediatria","8":"product_cat-poloznictwo-ginekologia","9":"product_tag-glinekologia","10":"product_tag-neonatologia","11":"product_tag-pediatria","12":"product_tag-poloznictwo","14":"first","15":"instock","16":"sale","17":"shipping-taxable","18":"purchasable","19":"product-type-simple"},"_links":{"self":[{"href":"https:\/\/ksiegarnia-akademicka.pl\/index.php\/wp-json\/wp\/v2\/product\/14933","targetHints":{"allow":["GET"]}}],"collection":[{"href":"https:\/\/ksiegarnia-akademicka.pl\/index.php\/wp-json\/wp\/v2\/product"}],"about":[{"href":"https:\/\/ksiegarnia-akademicka.pl\/index.php\/wp-json\/wp\/v2\/types\/product"}],"wp:featuredmedia":[{"embeddable":true,"href":"https:\/\/ksiegarnia-akademicka.pl\/index.php\/wp-json\/wp\/v2\/media\/14934"}],"wp:attachment":[{"href":"https:\/\/ksiegarnia-akademicka.pl\/index.php\/wp-json\/wp\/v2\/media?parent=14933"}],"wp:term":[{"taxonomy":"product_brand","embeddable":true,"href":"https:\/\/ksiegarnia-akademicka.pl\/index.php\/wp-json\/wp\/v2\/product_brand?post=14933"},{"taxonomy":"product_cat","embeddable":true,"href":"https:\/\/ksiegarnia-akademicka.pl\/index.php\/wp-json\/wp\/v2\/product_cat?post=14933"},{"taxonomy":"product_tag","embeddable":true,"href":"https:\/\/ksiegarnia-akademicka.pl\/index.php\/wp-json\/wp\/v2\/product_tag?post=14933"}],"curies":[{"name":"wp","href":"https:\/\/api.w.org\/{rel}","templated":true}]}}