{"id":14915,"date":"2021-11-30T09:40:34","date_gmt":"2021-11-30T08:40:34","guid":{"rendered":"http:\/\/ksiegarnia-akademicka.pl\/?post_type=product&#038;p=14915"},"modified":"2024-12-05T09:01:12","modified_gmt":"2024-12-05T08:01:12","slug":"niska-samoocena-u-dzieci-praktyczny-poradnik-dla-specjalistow-i-rodzicow","status":"publish","type":"product","link":"https:\/\/ksiegarnia-akademicka.pl\/index.php\/product\/niska-samoocena-u-dzieci-praktyczny-poradnik-dla-specjalistow-i-rodzicow\/","title":{"rendered":"Niska samoocena u dzieci Praktyczny poradnik dla specjalist\u00f3w i rodzic\u00f3w"},"content":{"rendered":"<p>Autor:<br \/>\nMargot Sunderland<br \/>\nWydawca: GWP<br \/>\nOprawa: Mi\u0119kka ze skrzyde\u0142kami<br \/>\nFormat: 14.5&#215;20.5cm<br \/>\nLiczba stron: 144<br \/>\nWydanie: 2<br \/>\nRok wydania: 2021<br \/>\nJ\u0119zyk wydania: polski<\/p>\n<p>Ludzie, kt\u00f3rzy potrzebuj\u0105 najwi\u0119cej akceptacji, dostaj\u0105 jej najmniej, a ludzie, kt\u00f3rzy potrzebuj\u0105 najmniej akceptacji, dostaj\u0105 jej najwi\u0119cej. Wayne W. Dyer<\/p>\n<p>Dzieci powinny wzrasta\u0107 w mi\u0142o\u015bci, w poczuciu, \u017ce s\u0105 akceptowane i szanowane, \u017ce s\u0105 wyj\u0105tkowe takie, jakie s\u0105. Zapewnienie przez rodzic\u00f3w odpowiednich wzorc\u00f3w zachowa\u0144 oraz wsparcia, konieczne jest do utrwalenia pozytywnych postaw. To daje im si\u0142\u0119, umiej\u0119tno\u015b\u0107 radzenia sobie z trudno\u015bciami, stabilne poczucie w\u0142asnej warto\u015bci. Dzieci z nisk\u0105 samoocen\u0105, czuj\u0105 si\u0119 niewa\u017cne, nie lubi\u0105 siebie, wci\u0105\u017c maj\u0105 poczucie, \u017ce nie s\u0105 \u201ewystarczaj\u0105co dobre\u201d, s\u0105 samokrytyczne, nieustannie spodziewaj\u0105 si\u0119 kolejnych pora\u017cek lub rozczarowa\u0144. Dzieci, kt\u00f3re s\u0105 odpychane, zawstydzane, krytykowane, kt\u00f3rym daje si\u0119 odczu\u0107, \u017ce s\u0105 niechciane lub niepotrzebne &#8211; rozwijaj\u0105 w sobie szereg toksycznych, destrukcyjnych zachowa\u0144. Pozwalaj\u0105 si\u0119 \u017ale traktowa\u0107, uwa\u017caj\u0105c, \u017ce nie zas\u0142uguj\u0105 na nic lepszego lub gn\u0119bi\u0105 innych, poniewa\u017c czuj\u0105 si\u0119 bezwarto\u015bciowe. Unikaj\u0105 konfrontacji, zani\u017caj\u0105 znaczenie w\u0142asnych osi\u0105gni\u0119\u0107, wycofuj\u0105 si\u0119 z zamierzonych dzia\u0142a\u0144. Mog\u0105 by\u0107 te\u017c bardziej podatne na zaburzenia psychiczne, w tym depresj\u0119<\/p>\n","protected":false},"excerpt":{"rendered":"<p>Autor: Margot Sunderland Wydawca: GWP Oprawa: Mi\u0119kka ze skrzyde\u0142kami Format: [&hellip;]<\/p>\n","protected":false},"featured_media":14916,"template":"","meta":[],"product_brand":[],"product_cat":[27,28,7509],"product_tag":[51,1186,3181],"class_list":{"0":"post-14915","1":"product","2":"type-product","3":"status-publish","4":"has-post-thumbnail","6":"product_cat-nauki-spoleczne","7":"product_cat-pedagogika","8":"product_cat-psychologia","9":"product_tag-pedagogika","10":"product_tag-psychologia","11":"product_tag-relacje-interpersonalne","13":"first","14":"instock","15":"sale","16":"shipping-taxable","17":"purchasable","18":"product-type-simple"},"_links":{"self":[{"href":"https:\/\/ksiegarnia-akademicka.pl\/index.php\/wp-json\/wp\/v2\/product\/14915","targetHints":{"allow":["GET"]}}],"collection":[{"href":"https:\/\/ksiegarnia-akademicka.pl\/index.php\/wp-json\/wp\/v2\/product"}],"about":[{"href":"https:\/\/ksiegarnia-akademicka.pl\/index.php\/wp-json\/wp\/v2\/types\/product"}],"wp:featuredmedia":[{"embeddable":true,"href":"https:\/\/ksiegarnia-akademicka.pl\/index.php\/wp-json\/wp\/v2\/media\/14916"}],"wp:attachment":[{"href":"https:\/\/ksiegarnia-akademicka.pl\/index.php\/wp-json\/wp\/v2\/media?parent=14915"}],"wp:term":[{"taxonomy":"product_brand","embeddable":true,"href":"https:\/\/ksiegarnia-akademicka.pl\/index.php\/wp-json\/wp\/v2\/product_brand?post=14915"},{"taxonomy":"product_cat","embeddable":true,"href":"https:\/\/ksiegarnia-akademicka.pl\/index.php\/wp-json\/wp\/v2\/product_cat?post=14915"},{"taxonomy":"product_tag","embeddable":true,"href":"https:\/\/ksiegarnia-akademicka.pl\/index.php\/wp-json\/wp\/v2\/product_tag?post=14915"}],"curies":[{"name":"wp","href":"https:\/\/api.w.org\/{rel}","templated":true}]}}