{"id":14904,"date":"2021-11-30T09:11:24","date_gmt":"2021-11-30T08:11:24","guid":{"rendered":"http:\/\/ksiegarnia-akademicka.pl\/?post_type=product&#038;p=14904"},"modified":"2021-11-30T09:11:25","modified_gmt":"2021-11-30T08:11:25","slug":"anatomia-czlowieka-podrecznik-i-atlas-dla-studentow-licencjatow","status":"publish","type":"product","link":"https:\/\/ksiegarnia-akademicka.pl\/index.php\/product\/anatomia-czlowieka-podrecznik-i-atlas-dla-studentow-licencjatow\/","title":{"rendered":"Anatomia cz\u0142owieka Podr\u0119cznik i atlas dla student\u00f3w licencjat\u00f3w"},"content":{"rendered":"<p>Autor:<br \/>\nSzymon Bru\u017cewicz<br \/>\nEl\u017cbieta Suder<br \/>\nWydawca: G\u00f3rnicki<br \/>\nOprawa: Mi\u0119kka<br \/>\nFormat: 17.5&#215;25.4cm<br \/>\nLiczba stron: 162<br \/>\nWydanie: 2<br \/>\nRok wydania: 2021<\/p>\n<p>Anatomia cz\u0142owiek<br \/>\nPodr\u0119cznik i atlas dla student\u00f3w licencjat\u00f3w<br \/>\nWydanie drugie, poprawione<br \/>\nPodr\u0119cznik zosta\u0142 napisany z my\u015bl\u0105 o studentach licencjat\u00f3w medycznych. Ze wzgl\u0119du na zwi\u0119z\u0142\u0105 form\u0119, ksi\u0105\u017cka mo\u017ce z powodzeniem pos\u0142u\u017cy\u0107 jako repetytorium przed egzaminem z anatomii dla student\u00f3w medycyny.<br \/>\nKsi\u0105\u017cka zosta\u0142a skonstruowana tak, by czytelnik, \u015bledz\u0105c tekst, mia\u0142 jednocze\u015bnie dost\u0119p do przejrzystej ryciny lub schematu, u\u0142atwiaj\u0105cych zrozumienie okre\u015blonego zagadnienia. Przy opisie poszczeg\u00f3lnych struktur anatomicznych znalaz\u0142y si\u0119 uwagi na temat ich fizjologii oraz mo\u017cliwych zmian chorobowych, maj\u0105ce uzmys\u0142owi\u0107 czytelnikowi praktyczne znaczenie anatomii jako nauki.<\/p>\n","protected":false},"excerpt":{"rendered":"<p>Autor: Szymon Bru\u017cewicz El\u017cbieta Suder Wydawca: G\u00f3rnicki Oprawa: Mi\u0119kka Format: [&hellip;]<\/p>\n","protected":false},"featured_media":14905,"template":"","meta":[],"product_brand":[],"product_cat":[7963,7493],"product_tag":[4943,4858],"class_list":{"0":"post-14904","1":"product","2":"type-product","3":"status-publish","4":"has-post-thumbnail","6":"product_cat-anatomia","7":"product_cat-medycyna","8":"product_tag-anatomia-czlowieka","9":"product_tag-atlas-anatomiczny","11":"first","12":"instock","13":"sale","14":"shipping-taxable","15":"purchasable","16":"product-type-simple"},"_links":{"self":[{"href":"https:\/\/ksiegarnia-akademicka.pl\/index.php\/wp-json\/wp\/v2\/product\/14904","targetHints":{"allow":["GET"]}}],"collection":[{"href":"https:\/\/ksiegarnia-akademicka.pl\/index.php\/wp-json\/wp\/v2\/product"}],"about":[{"href":"https:\/\/ksiegarnia-akademicka.pl\/index.php\/wp-json\/wp\/v2\/types\/product"}],"wp:featuredmedia":[{"embeddable":true,"href":"https:\/\/ksiegarnia-akademicka.pl\/index.php\/wp-json\/wp\/v2\/media\/14905"}],"wp:attachment":[{"href":"https:\/\/ksiegarnia-akademicka.pl\/index.php\/wp-json\/wp\/v2\/media?parent=14904"}],"wp:term":[{"taxonomy":"product_brand","embeddable":true,"href":"https:\/\/ksiegarnia-akademicka.pl\/index.php\/wp-json\/wp\/v2\/product_brand?post=14904"},{"taxonomy":"product_cat","embeddable":true,"href":"https:\/\/ksiegarnia-akademicka.pl\/index.php\/wp-json\/wp\/v2\/product_cat?post=14904"},{"taxonomy":"product_tag","embeddable":true,"href":"https:\/\/ksiegarnia-akademicka.pl\/index.php\/wp-json\/wp\/v2\/product_tag?post=14904"}],"curies":[{"name":"wp","href":"https:\/\/api.w.org\/{rel}","templated":true}]}}