{"id":14887,"date":"2021-11-17T10:27:37","date_gmt":"2021-11-17T09:27:37","guid":{"rendered":"http:\/\/ksiegarnia-akademicka.pl\/?post_type=product&#038;p=14887"},"modified":"2024-08-27T11:21:27","modified_gmt":"2024-08-27T09:21:27","slug":"dermatologia-diagnostyka-roznicowa","status":"publish","type":"product","link":"https:\/\/ksiegarnia-akademicka.pl\/index.php\/product\/dermatologia-diagnostyka-roznicowa\/","title":{"rendered":"Dermatologia. Diagnostyka r\u00f3\u017cnicowa"},"content":{"rendered":"<p>J.G.H. Dinulos, M.S. Chapman<br \/>\nred. A. Kaszuba<br \/>\nWydawnictwo: Edra Urban &amp; Partner<br \/>\nRok wydania: 2021 wyd.3<br \/>\nIlo\u015b\u0107 stron: 346<\/p>\n<p>Dermatologia. Diagnostyka r\u00f3\u017cnicowa to bardzo praktyczny, podr\u0119czny atlas przydatny w r\u00f3\u017cnicowaniu ponad 160 najcz\u0119\u015bciej spotykanych w dermatologii jednostek chorobowych i objaw\u00f3w z jednoczesnym ich kr\u00f3tkim opisem klinicznym, r\u00f3\u017cnicowaniem i leczeniem. Wspania\u0142a jako\u015b\u0107 dokumentacji fotograficznej, bardzo szybki i \u0142atwy dost\u0119p do poszczeg\u00f3lnych informacji podkre\u015blaj\u0105 warto\u015b\u0107 praktyczn\u0105 tej wyj\u0105tkowej pozycji na polskim rynku wydawnictw medycznych.<br \/>\nTo \u201enarz\u0119dzie diagnostyczne\u201d od kilku ju\u017c lat okazuje si\u0119 pomocne w codziennej pracy wielu  lekarzy dermatolog\u00f3w, rezydent\u00f3w specjalizuj\u0105cych si\u0119 w dermatologii, lekarzy pierwszego kontaktu, lekarzy innych specjalno\u015bci, a tak\u017ce student\u00f3w medycyny, o czym \u015bwiadczy fakt ju\u017c trzeciego wydania tego atlasu. <\/p>\n<p>Mam nadziej\u0119, \u017ce najnowsze wydanie pod redakcj\u0105 Jamesa G.H. Dinulosa i wsp. b\u0119dzie stanowi\u0107 bardzo cenn\u0105 i praktyczn\u0105 pozycj\u0119 w gabinecie ka\u017cdego lekarza praktyka zainteresowanego problemami dermatologii klinicznej.<\/p>\n<p> Prof. dr hab. med. Andrzej Kaszuba<\/p>\n<p>Spis tre\u015bci:<br \/>\nCz\u0119\u015b\u0107 1 Leczenie miejscowe<br \/>\nCz\u0119\u015b\u0107 2 Wyprysk<br \/>\nCz\u0119\u015b\u0107 3 Pokrzywka<br \/>\nCz\u0119\u015b\u0107 4 Tr\u0105dzik, tr\u0105dzik r\u00f3\u017cowaty i podobne zmiany sk\u00f3rne<br \/>\nCz\u0119\u015b\u0107 5 \u0141uszczyca i inne grudkowo- -z\u0142uszczaj\u0105ce choroby sk\u00f3ry<br \/>\nCz\u0119\u015b\u0107 6 Zaka\u017cenia bakteryjne<br \/>\nCz\u0119\u015b\u0107 7 Zaka\u017cenia przenoszone drog\u0105 p\u0142ciow\u0105<br \/>\nCz\u0119\u015b\u0107 8 Zaka\u017cenia wirusowe<br \/>\nCz\u0119\u015b\u0107 9 Zaka\u017cenia grzybicze<br \/>\nCz\u0119\u015b\u0107 10 Wysypki sk\u00f3rne i reakcje na leki<br \/>\nCz\u0119\u015b\u0107 11 Zespo\u0142y nadwra\u017cliwo\u015bci i zapalenia naczy\u0144<br \/>\nCz\u0119\u015b\u0107 12 Inwazje i uk\u0105szenia<br \/>\nCz\u0119\u015b\u0107 13 Choroby p\u0119cherzykowe i p\u0119cherzowe<br \/>\nCz\u0119\u015b\u0107 14 Choroby tkanki \u0142\u0105cznej<br \/>\nCz\u0119\u015b\u0107 15 Choroby zwi\u0105zane z ekspozycj\u0105 sk\u00f3ry na \u015bwiat\u0142o i zaburzenia pigmentacji<br \/>\nCz\u0119\u015b\u0107 16 \u0141agodne nowotwory sk\u00f3ry<br \/>\nCz\u0119\u015b\u0107 17 Stany przednowotworowe i raki sk\u00f3ry<br \/>\nCz\u0119\u015b\u0107 18 Znamiona i czerniak z\u0142o\u015bliwy<br \/>\nCz\u0119\u015b\u0107 19 Guzy i malformacje naczyniowe<br \/>\nCz\u0119\u015b\u0107 20 Choroby w\u0142os\u00f3w i paznokci<br \/>\nCz\u0119\u015b\u0107 21 Noworodkowe choroby sk\u00f3ry<br \/>\nCz\u0119\u015b\u0107 22 Sk\u00f3rne manifestacje chor\u00f3b wewn\u0119trznych<\/p>\n","protected":false},"excerpt":{"rendered":"<p>J.G.H. Dinulos, M.S. Chapman red. A. Kaszuba Wydawnictwo: Edra Urban [&hellip;]<\/p>\n","protected":false},"featured_media":14888,"template":"","meta":[],"product_brand":[],"product_cat":[8138,7493],"product_tag":[2861],"class_list":{"0":"post-14887","1":"product","2":"type-product","3":"status-publish","4":"has-post-thumbnail","6":"product_cat-dermatologia","7":"product_cat-medycyna","8":"product_tag-dermatologia","10":"first","11":"instock","12":"sale","13":"shipping-taxable","14":"purchasable","15":"product-type-simple"},"_links":{"self":[{"href":"https:\/\/ksiegarnia-akademicka.pl\/index.php\/wp-json\/wp\/v2\/product\/14887","targetHints":{"allow":["GET"]}}],"collection":[{"href":"https:\/\/ksiegarnia-akademicka.pl\/index.php\/wp-json\/wp\/v2\/product"}],"about":[{"href":"https:\/\/ksiegarnia-akademicka.pl\/index.php\/wp-json\/wp\/v2\/types\/product"}],"wp:featuredmedia":[{"embeddable":true,"href":"https:\/\/ksiegarnia-akademicka.pl\/index.php\/wp-json\/wp\/v2\/media\/14888"}],"wp:attachment":[{"href":"https:\/\/ksiegarnia-akademicka.pl\/index.php\/wp-json\/wp\/v2\/media?parent=14887"}],"wp:term":[{"taxonomy":"product_brand","embeddable":true,"href":"https:\/\/ksiegarnia-akademicka.pl\/index.php\/wp-json\/wp\/v2\/product_brand?post=14887"},{"taxonomy":"product_cat","embeddable":true,"href":"https:\/\/ksiegarnia-akademicka.pl\/index.php\/wp-json\/wp\/v2\/product_cat?post=14887"},{"taxonomy":"product_tag","embeddable":true,"href":"https:\/\/ksiegarnia-akademicka.pl\/index.php\/wp-json\/wp\/v2\/product_tag?post=14887"}],"curies":[{"name":"wp","href":"https:\/\/api.w.org\/{rel}","templated":true}]}}