{"id":14864,"date":"2021-11-16T13:14:08","date_gmt":"2021-11-16T12:14:08","guid":{"rendered":"http:\/\/ksiegarnia-akademicka.pl\/?post_type=product&#038;p=14864"},"modified":"2024-12-05T08:44:03","modified_gmt":"2024-12-05T07:44:03","slug":"carl-g-jung-w-pigulce","status":"publish","type":"product","link":"https:\/\/ksiegarnia-akademicka.pl\/index.php\/product\/carl-g-jung-w-pigulce\/","title":{"rendered":"Carl G. Jung w pigu\u0142ce"},"content":{"rendered":"<p>Autor:<br \/>\nGary Bobroff<br \/>\nT\u0142umacze: Guzowska Ma\u0142gorzata<br \/>\nWydawca: Wydawnictwo Naukowe PWN<br \/>\nOprawa: Twarda<br \/>\nFormat: 17.0&#215;21.5cm<br \/>\nLiczba stron: 220<br \/>\nWydanie: 1<br \/>\nRok wydania: 2021<br \/>\nJ\u0119zyk wydania: polski<\/p>\n<p>T\u0142umaczenie kultowej serii docenionej m.in przez The Times Literary Supplement i The Jung Society of Utah za \u201eprezentacj\u0119 trudnych temat\u00f3w w prostej formie\u201d. Ksi\u0105\u017cki z tej serii to typowe \u201epigu\u0142ki wiedzy\u201d \u2013 zar\u00f3wno z zakresu nauk \u015bcis\u0142ych, jak i humanistycznych. Przyst\u0119pnie napisane i bogato ilustrowane, zawieraj\u0105 komplet informacji, kt\u00f3re warto zna\u0107. Carl Gustav Jung stworzy\u0142 psychologi\u0119 analityczn\u0105 i zrewolucjonizowa\u0142 nasze podej\u015bcie do ludzkiej psychiki. W swoich koncepcjach, nawi\u0105zuj\u0105cych do wschodniego mistycyzmu, mitologii i analizy marze\u0144 sennych, wprowadzi\u0142 wiele wp\u0142ywowych, wci\u0105\u017c \u017cywych idei, takich jak introwersja, ekstrawersja i nie\u015bwiadomo\u015b\u0107 zbiorowa. Gary Bobroff przedstawia idee Junga w interesuj\u0105cy i przyst\u0119pny spos\u00f3b. Wyja\u015bnia koncepcje psyche, nie\u015bwiadomo\u015bci zbiorowej, archetyp\u00f3w, typ\u00f3w osobowo\u015bci i wiele innych. Analizuje wp\u0142yw filozofii i religii Wschodu na idee Junga, a tak\u017ce ich nieprzerwany wp\u0142yw na dzisiejsz\u0105 spo\u0142eczno\u015b\u0107 psychoanalityk\u00f3w. Dzi\u0119ki czytelnym rycinom i zamieszczonemu na ko\u0144cu ka\u017cdego rozdzia\u0142u przejrzystemu podsumowaniu, ta ksi\u0105\u017cka jest cennym wprowadzeniem w \u017cycie i tw\u00f3rczo\u015b\u0107 Junga i t\u0142umaczy fenomen nies\u0142abn\u0105cego znaczenia jego idei dla wsp\u00f3\u0142czesnego \u015bwiata.<\/p>\n","protected":false},"excerpt":{"rendered":"<p>Autor: Gary Bobroff T\u0142umacze: Guzowska Ma\u0142gorzata Wydawca: Wydawnictwo Naukowe PWN [&hellip;]<\/p>\n","protected":false},"featured_media":14865,"template":"","meta":[],"product_brand":[],"product_cat":[27,7509],"product_tag":[1186],"class_list":{"0":"post-14864","1":"product","2":"type-product","3":"status-publish","4":"has-post-thumbnail","6":"product_cat-nauki-spoleczne","7":"product_cat-psychologia","8":"product_tag-psychologia","10":"first","11":"instock","12":"sale","13":"shipping-taxable","14":"purchasable","15":"product-type-simple"},"_links":{"self":[{"href":"https:\/\/ksiegarnia-akademicka.pl\/index.php\/wp-json\/wp\/v2\/product\/14864","targetHints":{"allow":["GET"]}}],"collection":[{"href":"https:\/\/ksiegarnia-akademicka.pl\/index.php\/wp-json\/wp\/v2\/product"}],"about":[{"href":"https:\/\/ksiegarnia-akademicka.pl\/index.php\/wp-json\/wp\/v2\/types\/product"}],"wp:featuredmedia":[{"embeddable":true,"href":"https:\/\/ksiegarnia-akademicka.pl\/index.php\/wp-json\/wp\/v2\/media\/14865"}],"wp:attachment":[{"href":"https:\/\/ksiegarnia-akademicka.pl\/index.php\/wp-json\/wp\/v2\/media?parent=14864"}],"wp:term":[{"taxonomy":"product_brand","embeddable":true,"href":"https:\/\/ksiegarnia-akademicka.pl\/index.php\/wp-json\/wp\/v2\/product_brand?post=14864"},{"taxonomy":"product_cat","embeddable":true,"href":"https:\/\/ksiegarnia-akademicka.pl\/index.php\/wp-json\/wp\/v2\/product_cat?post=14864"},{"taxonomy":"product_tag","embeddable":true,"href":"https:\/\/ksiegarnia-akademicka.pl\/index.php\/wp-json\/wp\/v2\/product_tag?post=14864"}],"curies":[{"name":"wp","href":"https:\/\/api.w.org\/{rel}","templated":true}]}}