{"id":14858,"date":"2021-11-16T12:09:34","date_gmt":"2021-11-16T11:09:34","guid":{"rendered":"http:\/\/ksiegarnia-akademicka.pl\/?post_type=product&#038;p=14858"},"modified":"2024-12-05T08:44:30","modified_gmt":"2024-12-05T07:44:30","slug":"projektowanie-systemow-i-urzadzen-kierowania-i-sterowania-ruchem-kolejowym-projekt-budowlany-urzadzen-stacyjnych-publikacja-z-zalacznikami","status":"publish","type":"product","link":"https:\/\/ksiegarnia-akademicka.pl\/index.php\/product\/projektowanie-systemow-i-urzadzen-kierowania-i-sterowania-ruchem-kolejowym-projekt-budowlany-urzadzen-stacyjnych-publikacja-z-zalacznikami\/","title":{"rendered":"Projektowanie system\u00f3w i urz\u0105dze\u0144 kierowania i sterowania ruchem kolejowym. Projekt budowlany urz\u0105dze\u0144 stacyjnych. Publikacja z za\u0142\u0105cznikami"},"content":{"rendered":"<p>K. Grochowski<br \/>\nK. J\u00f3\u017awik<br \/>\nJ. Karolak<br \/>\nP. Wontorski<br \/>\nWydawca: Oficyna Wydawnicza Politechniki Warszawskiej<br \/>\nRok wydania: 2021<br \/>\nIlo\u015b\u0107 stron: 195<\/p>\n<p>Brak nowych publikacji z zakresu teorii i praktyki projektowania system\u00f3w oraz urz\u0105dze\u0144 kierowania i sterowania ruchem kolejowym (ksr) utrudnia w Polsce kszta\u0142cenie m\u0142odej kadry i podnoszenie kwalifikacji pracuj\u0105cym zawodowo projektantom. Zauwa\u017calny jest r\u00f3wnie\u017c brak szczeg\u00f3\u0142owych przepis\u00f3w i norm dotycz\u0105cych tak specyficznego dzia\u0142ania, jakim jest projektowanie urz\u0105dze\u0144 ksr. Dotyczy to r\u00f3wnie\u017c przepis\u00f3w zarz\u0105dc\u00f3w infrastruktury dzia\u0142aj\u0105cych w kolejnictwie polskim, poniewa\u017c istniej\u0105ce dokumenty s\u0105 cz\u0119sto og\u00f3lnikowe, nie zawieraj\u0105 wielu istotnych element\u00f3w, a w ich tre\u015bci znajduje si\u0119 niepoprawna terminologia. W projektach wykonywanych przez r\u00f3\u017cne jednostki projektowania oraz w dokumentacjach r\u00f3\u017cnych producent\u00f3w stosowana jest odmienna terminologia i symbolika. Konieczne jest jej uaktualnienie, ujednolicenie i przedstawienie w dost\u0119pnych powszechnie publikacjach. Propozycje mog\u0105 oczywi\u015bcie podlega\u0107 dyskusji i dalszym uzasadnionym zmianom, ale tym bardziej musz\u0105 by\u0107 przedstawione. Mi\u0119dzy innymi tak\u0105 rol\u0119 ma spe\u0142ni\u0107 niniejsze opracowanie, w kt\u00f3rym stosowana jest terminologia i symbolika zgodna z formalnymi zasadami i zwyczajami, o ile jest obecnie poprawna i zrozumia\u0142a. Opracowanie uwzgl\u0119dnia podej\u015bcie prezentowane w innych publikacjach.<\/p>\n<p>W publikacji dokonano pr\u00f3by om\u00f3wienia zasad projektowania maj\u0105cych zastosowanie przy opracowywaniu projektu budowlanego elektrycznych urz\u0105dze\u0144 sterowania ruchem kolejowym (srk) dla okre\u015blonego obiektu (posterunku ruchu). Przedstawione zosta\u0142y podstawowe zagadnienia dotycz\u0105ce tworzenia (projektowania) nowych i przebudowy (modernizacji lub odnowienia) istniej\u0105cych urz\u0105dze\u0144.<\/p>\n<p>Opracowanie zosta\u0142o przygotowane dla potrzeb dydaktycznych, dlatego przedstawia r\u00f3wnie\u017c rozwi\u0105zania starsze, daj\u0105ce mo\u017cliwo\u015b\u0107 wprowadzenia czytelnik\u00f3w w zasady obowi\u0105zuj\u0105ce we wsp\u00f3\u0142czesnej technice ksr, b\u0119d\u0105ce cz\u0119sto pochodn\u0105 tych rozwi\u0105za\u0144. Schematy, rysunki i przyk\u0142ady dobrano tak, aby przedstawi\u0107 (tam, gdzie jest to wskazane) przypadki odbiegaj\u0105ce od sytuacji podstawowych, ale spotykane w praktyce. Ze wzgl\u0119du na obj\u0119to\u015b\u0107 opracowania pomini\u0119to rozwi\u0105zania nietypowe (jednostkowe), wyst\u0119puj\u0105ce sporadycznie, oraz rozwi\u0105zania wycofywane z eksploatacji w bliskim horyzoncie czasowym.<\/p>\n","protected":false},"excerpt":{"rendered":"<p>K. Grochowski K. J\u00f3\u017awik J. Karolak P. Wontorski Wydawca: Oficyna [&hellip;]<\/p>\n","protected":false},"featured_media":14859,"template":"","meta":[],"product_brand":[],"product_cat":[41,7923],"product_tag":[151,150],"class_list":{"0":"post-14858","1":"product","2":"type-product","3":"status-publish","4":"has-post-thumbnail","6":"product_cat-nauki-techniczne","7":"product_cat-transport-kolejowy","8":"product_tag-sterowanie-ruchem-kolejowym","9":"product_tag-transport-kolejowy","11":"first","12":"instock","13":"shipping-taxable","14":"purchasable","15":"product-type-simple"},"_links":{"self":[{"href":"https:\/\/ksiegarnia-akademicka.pl\/index.php\/wp-json\/wp\/v2\/product\/14858","targetHints":{"allow":["GET"]}}],"collection":[{"href":"https:\/\/ksiegarnia-akademicka.pl\/index.php\/wp-json\/wp\/v2\/product"}],"about":[{"href":"https:\/\/ksiegarnia-akademicka.pl\/index.php\/wp-json\/wp\/v2\/types\/product"}],"wp:featuredmedia":[{"embeddable":true,"href":"https:\/\/ksiegarnia-akademicka.pl\/index.php\/wp-json\/wp\/v2\/media\/14859"}],"wp:attachment":[{"href":"https:\/\/ksiegarnia-akademicka.pl\/index.php\/wp-json\/wp\/v2\/media?parent=14858"}],"wp:term":[{"taxonomy":"product_brand","embeddable":true,"href":"https:\/\/ksiegarnia-akademicka.pl\/index.php\/wp-json\/wp\/v2\/product_brand?post=14858"},{"taxonomy":"product_cat","embeddable":true,"href":"https:\/\/ksiegarnia-akademicka.pl\/index.php\/wp-json\/wp\/v2\/product_cat?post=14858"},{"taxonomy":"product_tag","embeddable":true,"href":"https:\/\/ksiegarnia-akademicka.pl\/index.php\/wp-json\/wp\/v2\/product_tag?post=14858"}],"curies":[{"name":"wp","href":"https:\/\/api.w.org\/{rel}","templated":true}]}}