{"id":14850,"date":"2021-11-16T10:32:21","date_gmt":"2021-11-16T09:32:21","guid":{"rendered":"http:\/\/ksiegarnia-akademicka.pl\/?post_type=product&#038;p=14850"},"modified":"2021-11-16T10:32:21","modified_gmt":"2021-11-16T09:32:21","slug":"zarzadzanie-zasobami-ludzkimi-koncepcje-praktyki-wyzwania","status":"publish","type":"product","link":"https:\/\/ksiegarnia-akademicka.pl\/index.php\/product\/zarzadzanie-zasobami-ludzkimi-koncepcje-praktyki-wyzwania\/","title":{"rendered":"Zarz\u0105dzanie zasobami ludzkimi Koncepcje &#8211; praktyki &#8211; wyzwania"},"content":{"rendered":"<p>Autor:<br \/>\nAleksy Pocztowski<br \/>\nWydawca: PWE<br \/>\nOprawa: Mi\u0119kka<br \/>\nFormat: 16.5&#215;24.0cm<br \/>\nLiczba stron: 560<br \/>\nRok wydania: 2021<br \/>\nJ\u0119zyk wydania: polski<\/p>\n<p>Wiedza, umiej\u0119tno\u015bci, zdolno\u015bci, zdrowie, motywacja i wyznawane warto\u015bci przez osoby \u015bwiadcz\u0105ce prac\u0119 decyduj\u0105 o ich zatrudnialno\u015bci, stanowi\u0105 \u017ar\u00f3d\u0142o konkurencyjno\u015bci organizacji oraz pomy\u015blno\u015bci region\u00f3w i kraj\u00f3w. Upowszechnianie si\u0119 tego faktu w \u015bwiadomo\u015bci spo\u0142ecznej prowadzi do wzrostu profesjonalizmu w zakresie zarz\u0105dzania zasobami ludzkimi, kt\u00f3re ewoluuje od rutynowego administrowania w kierunku zr\u00f3wnowa\u017conego zarz\u0105dzania, integruj\u0105cego \u2013 w strategiach i metodach rozwi\u0105zywania kwestii HR \u2013 aspekty ekonomiczne, spo\u0142eczne i ekologiczne.<\/p>\n<p>Zarz\u0105dzanie zasobami ludzkimi, jako dziedzina bada\u0144 oraz wdro\u017ce\u0144 praktycznych rozwi\u0105za\u0144 dotycz\u0105cych funkcjonowania ludzi w organizacji i na rynku pracy, jest zwi\u0105zane z wieloma wyzwaniami, kt\u00f3re determinuj\u0105 jego obecny i przysz\u0142y rozw\u00f3j. Zaliczy\u0107 do nich nale\u017cy zmiany technologiczne, kt\u00f3re zmieniaj\u0105 charakter pracy oraz polityki i praktyki HR, czyni\u0105c je coraz bardziej sieciowymi, zdalnymi i wirtualnymi. Zmiany demograficzne, generacyjne, w po\u0142\u0105czeniu z rosn\u0105c\u0105 mobilno\u015bci\u0105 na rynkach pracy, to kolejne wyzwanie w obszarze zarz\u0105dzania zasobami ludzkimi, kt\u00f3re wi\u0105\u017ce si\u0119 z rosn\u0105c\u0105 r\u00f3\u017cnorodno\u015bci\u0105. Nale\u017cy te\u017c pami\u0119ta\u0107 o presji p\u0142yn\u0105cej z rynk\u00f3w pracy na wzrost efektywno\u015bci pracy, optymalizacj\u0119 koszt\u00f3w i innowacyjno\u015b\u0107 us\u0142ug HR.<\/p>\n<p>Zasygnalizowane powy\u017cej kwestie stanowi\u0105 przedmiot rozwa\u017ca\u0144 w ksi\u0105\u017cce, w kt\u00f3rej autor przedstawia problematyk\u0119 zarz\u0105dzania zasobami ludzkimi ca\u0142o\u015bciowo, \u0142\u0105cz\u0105c jego teoretyczne i praktyczne aspekty oraz podkre\u015blaj\u0105c znaczenie kontekstu w rozwijaniu teorii i doskonaleniu praktyki w tej dziedzinie zarz\u0105dzania.<\/p>\n<p>Ksi\u0105\u017cka jest przeznaczona dla: os\u00f3b prowadz\u0105cych badania w obszarze zarz\u0105dzania zasobami ludzkimi, student\u00f3w ekonomii, zarz\u0105dzania, socjologii na wy\u017cszych uczelniach r\u00f3\u017cnych typ\u00f3w, s\u0142uchaczy w szko\u0142ach zarz\u0105dzania, uczestnik\u00f3w kurs\u00f3w dla mened\u017cer\u00f3w, kadry zarz\u0105dzaj\u0105cej, pracownik\u00f3w i innych praktyk\u00f3w HR.<\/p>\n","protected":false},"excerpt":{"rendered":"<p>Autor: Aleksy Pocztowski Wydawca: PWE Oprawa: Mi\u0119kka Format: 16.5&#215;24.0cm Liczba [&hellip;]<\/p>\n","protected":false},"featured_media":14851,"template":"","meta":[],"product_brand":[],"product_cat":[30,7513],"product_tag":[735,538],"class_list":{"0":"post-14850","1":"product","2":"type-product","3":"status-publish","4":"has-post-thumbnail","6":"product_cat-zarzadzanie","7":"product_cat-zarzadzanie-zasobami-ludzkimi","8":"product_tag-kadry","9":"product_tag-zarzadzanie-zasobami-ludzkimi","11":"first","12":"instock","13":"sale","14":"shipping-taxable","15":"purchasable","16":"product-type-simple"},"_links":{"self":[{"href":"https:\/\/ksiegarnia-akademicka.pl\/index.php\/wp-json\/wp\/v2\/product\/14850","targetHints":{"allow":["GET"]}}],"collection":[{"href":"https:\/\/ksiegarnia-akademicka.pl\/index.php\/wp-json\/wp\/v2\/product"}],"about":[{"href":"https:\/\/ksiegarnia-akademicka.pl\/index.php\/wp-json\/wp\/v2\/types\/product"}],"wp:featuredmedia":[{"embeddable":true,"href":"https:\/\/ksiegarnia-akademicka.pl\/index.php\/wp-json\/wp\/v2\/media\/14851"}],"wp:attachment":[{"href":"https:\/\/ksiegarnia-akademicka.pl\/index.php\/wp-json\/wp\/v2\/media?parent=14850"}],"wp:term":[{"taxonomy":"product_brand","embeddable":true,"href":"https:\/\/ksiegarnia-akademicka.pl\/index.php\/wp-json\/wp\/v2\/product_brand?post=14850"},{"taxonomy":"product_cat","embeddable":true,"href":"https:\/\/ksiegarnia-akademicka.pl\/index.php\/wp-json\/wp\/v2\/product_cat?post=14850"},{"taxonomy":"product_tag","embeddable":true,"href":"https:\/\/ksiegarnia-akademicka.pl\/index.php\/wp-json\/wp\/v2\/product_tag?post=14850"}],"curies":[{"name":"wp","href":"https:\/\/api.w.org\/{rel}","templated":true}]}}