{"id":14762,"date":"2021-10-26T09:07:00","date_gmt":"2021-10-26T07:07:00","guid":{"rendered":"http:\/\/ksiegarnia-akademicka.pl\/?post_type=product&#038;p=14762"},"modified":"2024-12-05T08:46:00","modified_gmt":"2024-12-05T07:46:00","slug":"jakosc-kosztuje-studium-zarzadzania-sprawnoscia-procesow-organizacji","status":"publish","type":"product","link":"https:\/\/ksiegarnia-akademicka.pl\/index.php\/product\/jakosc-kosztuje-studium-zarzadzania-sprawnoscia-procesow-organizacji\/","title":{"rendered":"Jako\u015b\u0107 kosztuje Studium zarz\u0105dzania sprawno\u015bci\u0105 proces\u00f3w organizacji"},"content":{"rendered":"<p>Autor:<br \/>\nJan M. Myszewski<br \/>\nWydawca: Poltext<br \/>\nOprawa: Mi\u0119kka ze skrzyde\u0142kami<br \/>\nFormat: 16.5&#215;23.5cm<br \/>\nLiczba stron: 718<br \/>\nRok wydania: 2021<br \/>\nJ\u0119zyk wydania: polski<\/p>\n<p>Autor stawia pytanie: Na czym polega zarz\u0105dzanie jako\u015bci\u0105 (ZJ) w organizacji? Odpowiadaj\u0105c przedstawia w ksi\u0105\u017cce modele zjawisk kszta\u0142tuj\u0105cych jako\u015b\u0107 na poziomach operacyjnym, taktycznym i strategicznym. S\u0142uszno\u015bci tytu\u0142owej tezy \u201eJako\u015b\u0107 kosztuje\u201d dowodzi, przedstawiaj\u0105c ZJ jako zarz\u0105dzanie potencja\u0142em zasob\u00f3w organizacji, w kt\u00f3rym: zapewnienie polega na alokacji potencja\u0142u, zgodnie z przyj\u0119t\u0105 taktyk\u0105 u\u017cycia zasob\u00f3w, natomiast doskonalenie polega na zwi\u0119kszaniu dost\u0119pnego potencja\u0142u.<br \/>\nPokazuje, \u017ce zakres wykorzystania dost\u0119pnego potencja\u0142u organizacji zale\u017cy od poziomu zaanga\u017cowania kierownictwa poziomu strategicznego w doskonalenie, a wyrazem przyw\u00f3dztwa w doskonaleniu, sprawowanego przez kierownictwo, jest: rozwijanie w\u0142asnych kompetencji, w\u0142a\u015bciwych dla paradygmatu Shewharta, niezb\u0119dnych w sprawowaniu przyw\u00f3dztwa; wzi\u0119cie odpowiedzialno\u015bci za podejmowane decyzje i udost\u0119pnienie potencja\u0142u w\u0142adzy do powstrzymania ich negatywnych skutk\u00f3w; kszta\u0142towanie strategii rozwoju potencja\u0142u organizacji, wykorzystuj\u0105cej wzrost zr\u00f3wnowa\u017cony; tworzenie warunk\u00f3w do maksymalnego wykorzystania potencja\u0142u zaanga\u017cowania interesariuszy organizacji w jej rozw\u00f3j.<br \/>\nJak stwierdza recenzent ksi\u0105\u017cki: \u201eMonografia jest oryginaln\u0105, wielow\u0105tkow\u0105 i wa\u017cn\u0105 pozycj\u0105 w obszarze nauki o zarz\u0105dzaniu. Autor przedstawia ciekawe rozwa\u017cania dotycz\u0105ce kompetencji przyw\u00f3dcy w procesie zarz\u0105dzania organizacj\u0105. Si\u0119ga do Systemu Pog\u0142\u0119bionej Wiedzy Deminga (SPW). Stawia s\u0142uszn\u0105 tez\u0119, \u017ce warunkiem koniecznym zr\u00f3wnowa\u017conego rozwoju potencja\u0142u organizacji jest przyw\u00f3dztwo kierownictwa strategicznego oparte na SPW. Du\u017co uwagi po\u015bwi\u0119ca roli przyw\u00f3dztwa i jego cechom. Zmierza w ten spos\u00f3b do zamodelowania rozwijania potencja\u0142u organizacji i jego cykliczno\u015bci\u201d. Prof. ALK dr hab. in\u017c. Jan M. Myszewski \u2013 od lat bada struktur\u0119 procesu zarz\u0105dzania jako\u015bci\u0105. Obecnie pracuje na Akademii Leona Ko\u017ami\u0144skiego. Wyk\u0142ada zarz\u0105dzanie jako\u015bci\u0105, zarz\u0105dzanie logistyk\u0105 i zarz\u0105dzanie produkcj\u0105. Autor podr\u0119cznika \u201ePo prostu jako\u015b\u0107\u201d oraz licznych publikacji w czasopismach naukowych.<\/p>\n","protected":false},"excerpt":{"rendered":"<p>Autor: Jan M. Myszewski Wydawca: Poltext Oprawa: Mi\u0119kka ze skrzyde\u0142kami [&hellip;]<\/p>\n","protected":false},"featured_media":14763,"template":"","meta":[],"product_brand":[],"product_cat":[30,7512],"product_tag":[100],"class_list":{"0":"post-14762","1":"product","2":"type-product","3":"status-publish","4":"has-post-thumbnail","6":"product_cat-zarzadzanie","7":"product_cat-zarzadzanie-jakoscia","8":"product_tag-zarzadzanie-jakoscia","10":"first","11":"instock","12":"sale","13":"shipping-taxable","14":"purchasable","15":"product-type-simple"},"_links":{"self":[{"href":"https:\/\/ksiegarnia-akademicka.pl\/index.php\/wp-json\/wp\/v2\/product\/14762","targetHints":{"allow":["GET"]}}],"collection":[{"href":"https:\/\/ksiegarnia-akademicka.pl\/index.php\/wp-json\/wp\/v2\/product"}],"about":[{"href":"https:\/\/ksiegarnia-akademicka.pl\/index.php\/wp-json\/wp\/v2\/types\/product"}],"wp:featuredmedia":[{"embeddable":true,"href":"https:\/\/ksiegarnia-akademicka.pl\/index.php\/wp-json\/wp\/v2\/media\/14763"}],"wp:attachment":[{"href":"https:\/\/ksiegarnia-akademicka.pl\/index.php\/wp-json\/wp\/v2\/media?parent=14762"}],"wp:term":[{"taxonomy":"product_brand","embeddable":true,"href":"https:\/\/ksiegarnia-akademicka.pl\/index.php\/wp-json\/wp\/v2\/product_brand?post=14762"},{"taxonomy":"product_cat","embeddable":true,"href":"https:\/\/ksiegarnia-akademicka.pl\/index.php\/wp-json\/wp\/v2\/product_cat?post=14762"},{"taxonomy":"product_tag","embeddable":true,"href":"https:\/\/ksiegarnia-akademicka.pl\/index.php\/wp-json\/wp\/v2\/product_tag?post=14762"}],"curies":[{"name":"wp","href":"https:\/\/api.w.org\/{rel}","templated":true}]}}