{"id":14691,"date":"2021-10-01T13:04:48","date_gmt":"2021-10-01T11:04:48","guid":{"rendered":"http:\/\/ksiegarnia-akademicka.pl\/?post_type=product&#038;p=14691"},"modified":"2021-12-02T12:03:14","modified_gmt":"2021-12-02T11:03:14","slug":"davidson-choroby-wewnetrzne-tom-1-3","status":"publish","type":"product","link":"https:\/\/ksiegarnia-akademicka.pl\/index.php\/product\/davidson-choroby-wewnetrzne-tom-1-3\/","title":{"rendered":"DAVIDSON Choroby wewn\u0119trzne Tom 1-3"},"content":{"rendered":"<p>S.H. Ralston, M.W.J. Strachan, i.D. Penman, R.P. Hobson<br \/>\nWydawca: Edra Urban &amp; Partner<br \/>\nred. J. R\u00f3\u017ca\u0144ski<br \/>\nRok wydania: 2020<br \/>\nformat\t210 x 270, oprawa mi\u0119kka<\/p>\n<p>Ksi\u0105\u017cka Principles and Practice of Medicine sir Stanleya Davidsona po raz pierwszy ukaza\u0142a si\u0119 w 1952 roku. Przez kolejne dziesi\u0119ciolecia ten napisany przez profesora medycyny Uniwersytetu w Edynburgu podr\u0119cznik doczeka\u0142 si\u0119 23 wyda\u0144 i sta\u0142 si\u0119 ikon\u0105 w\u015br\u00f3d podr\u0119cznik\u00f3w interny na ca\u0142ym \u015bwiecie. Dzi\u0119ki przejrzystemu uk\u0142adowi oraz kompleksowemu podej\u015bciu do problemu klinicznego uzyska\u0142 uznanie student\u00f3w medycyny oraz lekarzy specjalizuj\u0105cych si\u0119 w chorobach wewn\u0119trznych. Ka\u017cde zagadnienie kliniczne wywodzi si\u0119 tu od przedstawienia niezb\u0119dnych informacji anatomicznych, biochemicznych i patofizjologicznych, pozwalaj\u0105cych na zrozumienie istoty choroby, co poci\u0105ga za sob\u0105 racjonalne postawienie diagnozy i zaplanowanie terapii.<br \/>\nInterna jest kr\u00f3low\u0105 medycyny, dlatego podr\u0119cznik Davidsona, intuicyjnie czy w spos\u00f3b zamierzony, w wielu aspektach ma charakter interdyscyplinarny, wykraczaj\u0105cy w przedstawianiu problemu poza ramy czysto internistyczne. Dlatego jest ch\u0119tnie studiowany przez lekarzy innych specjalno\u015bci, szukaj\u0105cych rozwi\u0105zania problemu klinicznego swojego pacjenta w oparciu o holistyczne podej\u015bcie do cz\u0142owieka. Jest to niezwykle istotne w czasach, gdy obserwujemy tendencje do w\u0105skich specjalizacji<br \/>\nw medycynie. Mamy wi\u0119c koleg\u00f3w lekarzy, w kt\u00f3rych kr\u0119gu zainteresowania pozostaje jeden narz\u0105d, czasami jedna choroba. W gruncie rzeczy prowadzi to do odhumanizowania medycyny. Dlatego Principles and Practice of Medicine Davidsona powinny by\u0107 lektur\u0105 ka\u017cdego lekarza praktyka.<br \/>\nDrogi Czytelniku, Szanowny Kolego. Masz przed sob\u0105 t\u0142umaczenie ju\u017c 23 wydania podr\u0119cznika. Jest to zarazem drugie wydanie polskie. Poprzednie z 2006 roku zyska\u0142o w naszym kraju spore grono czytelnik\u00f3w. Wydania oryginalne s\u0105 podstaw\u0105 nauczania student\u00f3w angloj\u0119zycznych na wielu polskich uniwersytetach medycznych. Obecne polskie wydanie ma zachowany uk\u0142ad tematyczny. Grono autor\u00f3w powi\u0119kszy\u0142o si\u0119 o kolejnych specjalist\u00f3w z ca\u0142ego \u015bwiata, zyskuj\u0105c na \u015bwie\u017co\u015bci i aktualno\u015bci.<br \/>\nPrzejrzysta szata graficzna, liczne ilustracje oraz dopracowane tabele pozwalaj\u0105 na lepsze oraz trwa\u0142e przyswajanie wiedzy. Moim \u017cyczeniem jako redaktora naukowego tego podr\u0119cznika jest, aby tytu\u0142 Principles and Practice of Medicine na sta\u0142e zago\u015bci\u0142 w \u015bwiadomo\u015bci polskich student\u00f3w medycyny i lekarzy. Mam nadziej\u0119, \u017ce b\u0119dzie to dodatkowa pomoc w przygotowywaniu si\u0119 do licznych egzamin\u00f3w, kt\u00f3re stoj\u0105 przed wszystkimi adeptami medycyny. Ale przede wszystkim licz\u0119 na to, \u017ce znajdzie si\u0119 na biurku ka\u017cdego lekarza praktyka jako niezb\u0119dne wsparcie w jego codziennym lekarskim wnioskowaniu.<br \/>\nMi\u0142ej lektury.<\/p>\n","protected":false},"excerpt":{"rendered":"<p>S.H. Ralston, M.W.J. Strachan, i.D. Penman, R.P. Hobson Wydawca: Edra [&hellip;]<\/p>\n","protected":false},"featured_media":14692,"template":"","meta":[],"product_brand":[],"product_cat":[8142,7493],"product_tag":[7907,3994],"class_list":{"0":"post-14691","1":"product","2":"type-product","3":"status-publish","4":"has-post-thumbnail","6":"product_cat-interna","7":"product_cat-medycyna","8":"product_tag-choroby-wewnetrzne","9":"product_tag-medycyna","11":"first","12":"instock","13":"sale","14":"shipping-taxable","15":"purchasable","16":"product-type-simple"},"_links":{"self":[{"href":"https:\/\/ksiegarnia-akademicka.pl\/index.php\/wp-json\/wp\/v2\/product\/14691","targetHints":{"allow":["GET"]}}],"collection":[{"href":"https:\/\/ksiegarnia-akademicka.pl\/index.php\/wp-json\/wp\/v2\/product"}],"about":[{"href":"https:\/\/ksiegarnia-akademicka.pl\/index.php\/wp-json\/wp\/v2\/types\/product"}],"wp:featuredmedia":[{"embeddable":true,"href":"https:\/\/ksiegarnia-akademicka.pl\/index.php\/wp-json\/wp\/v2\/media\/14692"}],"wp:attachment":[{"href":"https:\/\/ksiegarnia-akademicka.pl\/index.php\/wp-json\/wp\/v2\/media?parent=14691"}],"wp:term":[{"taxonomy":"product_brand","embeddable":true,"href":"https:\/\/ksiegarnia-akademicka.pl\/index.php\/wp-json\/wp\/v2\/product_brand?post=14691"},{"taxonomy":"product_cat","embeddable":true,"href":"https:\/\/ksiegarnia-akademicka.pl\/index.php\/wp-json\/wp\/v2\/product_cat?post=14691"},{"taxonomy":"product_tag","embeddable":true,"href":"https:\/\/ksiegarnia-akademicka.pl\/index.php\/wp-json\/wp\/v2\/product_tag?post=14691"}],"curies":[{"name":"wp","href":"https:\/\/api.w.org\/{rel}","templated":true}]}}