{"id":14665,"date":"2021-09-15T13:23:39","date_gmt":"2021-09-15T11:23:39","guid":{"rendered":"http:\/\/ksiegarnia-akademicka.pl\/?post_type=product&#038;p=14665"},"modified":"2025-04-08T12:16:20","modified_gmt":"2025-04-08T10:16:20","slug":"zastosowanie-analizy-matematycznej-w-teorii-produkcji-wybrane-zagadnienia","status":"publish","type":"product","link":"https:\/\/ksiegarnia-akademicka.pl\/index.php\/product\/zastosowanie-analizy-matematycznej-w-teorii-produkcji-wybrane-zagadnienia\/","title":{"rendered":"Zastosowanie analizy matematycznej w teorii produkcji &#8211; wybrane zagadnienia"},"content":{"rendered":"<p>Autor: Leszek Tarasi\u0144ski<br \/>\nWydawnictwo: UTH Radom<br \/>\nRok wydania: 2021<br \/>\nLiczba stron: 205<br \/>\nISBN: 978-83-7351-921-3<\/p>\n<p>Podr\u0119cznik sk\u0142ada si\u0119 z trzech rozdzia\u0142\u00f3w. W pierwszym z nich ma miejsce og\u00f3lne rozwa\u017canie na temat natury samej ekonomii jako nauki, jej metody naukowej, a tak\u017ce genezy zwi\u0105zk\u00f3w ekonomii z matematyk\u0105. W rozdziale drugim zawar\u0142a si\u0119 obszerna prezentacja zagadnienia funkcji produkcji i kosztu, z uwzgl\u0119dnieniem perspektywy d\u0142ugo- i kr\u00f3tkookresowego horyzontu czasowego analizy. Rozdzia\u0142 trzeci stanowi prezentacj\u0119 wybranych zagadnie\u0144 teorii poda\u017cy dla konkurencyjnej ga\u0142\u0119zi produkcji. Istotnym elementem ksi\u0105\u017cki jest aneks matematyczny, kt\u00f3rego lektura &#8211; w opinii autora &#8211; wydaje si\u0119 by\u0107 bardzo wa\u017cnym etapem we w\u0142a\u015bciwym opanowaniu i zrozumieniu zagadnie\u0144, przedstawionych w rozdzia\u0142ach teoretycznych. Matematyczna strona pracy wymaga od Czytelnika g\u0142\u00f3wnie opanowania podstaw matematyki dla ekonomist\u00f3w. Podr\u0119cznik jest przeznaczony dla student\u00f3w kierunk\u00f3w ekonomicznych uczelni wy\u017cszych.<br \/>\nAutor podr\u0119cznika jest d\u0142ugoletnim wyk\u0142adowc\u0105 na Wydziale Ekonomii i Finans\u00f3w Uniwersytetu Technologiczno-Humanistycznego im. Kazimierza Pu\u0142askiego w Radomiu. Jest pracownikiem Katedry Ekonomii.<\/p>\n","protected":false},"excerpt":{"rendered":"<p>Autor: Leszek Tarasi\u0144ski Wydawnictwo: UTH Radom Rok wydania: 2021 Liczba [&hellip;]<\/p>\n","protected":false},"featured_media":14666,"template":"","meta":[],"product_brand":[],"product_cat":[17,7499,7523,43],"product_tag":[337,4309],"class_list":{"0":"post-14665","1":"product","2":"type-product","3":"status-publish","4":"has-post-thumbnail","6":"product_cat-ekonomia","7":"product_cat-makro-i-mikroekonomia","8":"product_cat-nauki-ekonomiczne","9":"product_cat-wydawnictwo-uth","10":"product_tag-ekonomia","11":"product_tag-ekonomia-matematyczna","13":"first","14":"instock","15":"shipping-taxable","16":"purchasable","17":"product-type-simple"},"_links":{"self":[{"href":"https:\/\/ksiegarnia-akademicka.pl\/index.php\/wp-json\/wp\/v2\/product\/14665","targetHints":{"allow":["GET"]}}],"collection":[{"href":"https:\/\/ksiegarnia-akademicka.pl\/index.php\/wp-json\/wp\/v2\/product"}],"about":[{"href":"https:\/\/ksiegarnia-akademicka.pl\/index.php\/wp-json\/wp\/v2\/types\/product"}],"wp:featuredmedia":[{"embeddable":true,"href":"https:\/\/ksiegarnia-akademicka.pl\/index.php\/wp-json\/wp\/v2\/media\/14666"}],"wp:attachment":[{"href":"https:\/\/ksiegarnia-akademicka.pl\/index.php\/wp-json\/wp\/v2\/media?parent=14665"}],"wp:term":[{"taxonomy":"product_brand","embeddable":true,"href":"https:\/\/ksiegarnia-akademicka.pl\/index.php\/wp-json\/wp\/v2\/product_brand?post=14665"},{"taxonomy":"product_cat","embeddable":true,"href":"https:\/\/ksiegarnia-akademicka.pl\/index.php\/wp-json\/wp\/v2\/product_cat?post=14665"},{"taxonomy":"product_tag","embeddable":true,"href":"https:\/\/ksiegarnia-akademicka.pl\/index.php\/wp-json\/wp\/v2\/product_tag?post=14665"}],"curies":[{"name":"wp","href":"https:\/\/api.w.org\/{rel}","templated":true}]}}