{"id":14662,"date":"2021-09-15T13:05:14","date_gmt":"2021-09-15T11:05:14","guid":{"rendered":"http:\/\/ksiegarnia-akademicka.pl\/?post_type=product&#038;p=14662"},"modified":"2021-09-15T13:05:14","modified_gmt":"2021-09-15T11:05:14","slug":"anatomia-ukladu-ruchu-kompendium-z-elementami-diagnostyki-reumatologicznej","status":"publish","type":"product","link":"https:\/\/ksiegarnia-akademicka.pl\/index.php\/product\/anatomia-ukladu-ruchu-kompendium-z-elementami-diagnostyki-reumatologicznej\/","title":{"rendered":"Anatomia uk\u0142adu ruchu Kompendium z elementami diagnostyki reumatologicznej"},"content":{"rendered":"<p>Autor:<br \/>\nMa\u0142gorzata Wis\u0142owska<br \/>\nWydawca: PZWL<br \/>\nOprawa: Mi\u0119kka<br \/>\nFormat: 16.5&#215;23.5cm<br \/>\nLiczba stron: 150<br \/>\nWydanie: 1<br \/>\nRok wydania: 2020<br \/>\nJ\u0119zyk wydania: polski<\/p>\n<p>Podr\u0119cznik zosta\u0142 przygotowany przez reumatologa i ortoped\u0119 \u2013 specjalist\u00f3w rehabilitacji medycznej oraz fizjoterapeut\u0119. Sk\u0142ada si\u0119 z dw\u00f3ch obszernych rozdzia\u0142\u00f3w.<br \/>\nW pierwszym przedstawiono wiadomo\u015bci opisowe i czynno\u015bciowe dotycz\u0105ce budowy i funkcji ko\u0144czyny g\u00f3rnej, kr\u0119gos\u0142upa, klatki piersiowej, brzucha oraz ko\u0144czyny dolnej. Om\u00f3wiono budow\u0119 ko\u015bci opisywanej cz\u0119\u015bci organizmu, ich po\u0142\u0105czenia wraz z mechanik\u0105, w tym uj\u0119te w zespo\u0142y czynno\u015bciowe mi\u0119\u015bnie.<br \/>\nW drugim rozdziale zawarto wiadomo\u015bci z zakresu diagnostyki staw\u00f3w w chorobach reumatoidalnych. Tekst uzupe\u0142niaj\u0105 liczne ryciny przedstawiaj\u0105ce zmiany chorobowe narz\u0105du ruchu i rentgenogramy.<br \/>\nKsi\u0105\u017cka adresowana jest do student\u00f3w fizjoterapii na uczelniach medycznych i akademiach wychowania fizycznego oraz w wy\u017cszych szko\u0142ach zawodowych. B\u0119dzie r\u00f3wnie\u017c pomocna w codziennej praktyce os\u00f3b zajmuj\u0105cych si\u0119 profesjonalnie rehabilitacj\u0105 narz\u0105du ruchu.<\/p>\n","protected":false},"excerpt":{"rendered":"<p>Autor: Ma\u0142gorzata Wis\u0142owska Wydawca: PZWL Oprawa: Mi\u0119kka Format: 16.5&#215;23.5cm Liczba [&hellip;]<\/p>\n","protected":false},"featured_media":14663,"template":"","meta":[],"product_brand":[],"product_cat":[7963,7493],"product_tag":[4852,3994,4853],"class_list":{"0":"post-14662","1":"product","2":"type-product","3":"status-publish","4":"has-post-thumbnail","6":"product_cat-anatomia","7":"product_cat-medycyna","8":"product_tag-anatomia","9":"product_tag-medycyna","10":"product_tag-ortopedia","12":"first","13":"instock","14":"sale","15":"shipping-taxable","16":"purchasable","17":"product-type-simple"},"_links":{"self":[{"href":"https:\/\/ksiegarnia-akademicka.pl\/index.php\/wp-json\/wp\/v2\/product\/14662","targetHints":{"allow":["GET"]}}],"collection":[{"href":"https:\/\/ksiegarnia-akademicka.pl\/index.php\/wp-json\/wp\/v2\/product"}],"about":[{"href":"https:\/\/ksiegarnia-akademicka.pl\/index.php\/wp-json\/wp\/v2\/types\/product"}],"wp:featuredmedia":[{"embeddable":true,"href":"https:\/\/ksiegarnia-akademicka.pl\/index.php\/wp-json\/wp\/v2\/media\/14663"}],"wp:attachment":[{"href":"https:\/\/ksiegarnia-akademicka.pl\/index.php\/wp-json\/wp\/v2\/media?parent=14662"}],"wp:term":[{"taxonomy":"product_brand","embeddable":true,"href":"https:\/\/ksiegarnia-akademicka.pl\/index.php\/wp-json\/wp\/v2\/product_brand?post=14662"},{"taxonomy":"product_cat","embeddable":true,"href":"https:\/\/ksiegarnia-akademicka.pl\/index.php\/wp-json\/wp\/v2\/product_cat?post=14662"},{"taxonomy":"product_tag","embeddable":true,"href":"https:\/\/ksiegarnia-akademicka.pl\/index.php\/wp-json\/wp\/v2\/product_tag?post=14662"}],"curies":[{"name":"wp","href":"https:\/\/api.w.org\/{rel}","templated":true}]}}