{"id":146,"date":"2018-05-22T12:40:51","date_gmt":"2018-05-22T10:40:51","guid":{"rendered":"http:\/\/ksiegarnia-akademicka.pl\/index.php\/product\/prawo-karne-skarbowe\/"},"modified":"2018-12-12T09:40:04","modified_gmt":"2018-12-12T08:40:04","slug":"prawo-karne-skarbowe","status":"publish","type":"product","link":"https:\/\/ksiegarnia-akademicka.pl\/index.php\/product\/prawo-karne-skarbowe\/","title":{"rendered":"Prawo karne skarbowe Schematy. Tabele. Komentarze. Orzecznictwo. Testy. Kazusy"},"content":{"rendered":"<p>Autor:<br \/>\nOlaf W\u0142odkowski<br \/>\nWydawca: Wolters Kluwer<br \/>\nOprawa: Mi\u0119kka<br \/>\nFormat: 17.0&#215;24.0cm<br \/>\nLiczba stron: 388<br \/>\nWydanie: 3<\/p>\n<p>Podr\u0119cznik umo\u017cliwia skuteczne poznanie dziedziny prawa karnego skarbowego oraz przygotowanie si\u0119 do egzaminu, przeprowadzaj\u0105c przez trzy etapy nauki:<br \/>\n&#8211; szybkie przyswojenie wiedzy oraz uporz\u0105dkowanie informacji do zapami\u0119tania \u2013 dzi\u0119ki schematom, tabelom, komentarzom i orzecznictwu;<br \/>\n&#8211; sprawdzenie i powt\u00f3rzenie \u2013 dzi\u0119ki testom;<br \/>\n&#8211; utrwalenie zdobytej wiedzy \u2013 dzi\u0119ki kazusom i pytaniom kontrolnym.<br \/>\nTrzecie wydanie zosta\u0142o zaktualizowane, uzupe\u0142nione i poprawione. Uwzgl\u0119dnia zmiany, kt\u00f3re nast\u0105pi\u0142y w prawie karnym skarbowym w latach 2016\u20132018. Uzupe\u0142niono je nowymi tabelami, schematami, komentarzami oraz orzecznictwem S\u0105du Najwy\u017cszego i s\u0105d\u00f3w apelacyjnych.<\/p>\n","protected":false},"excerpt":{"rendered":"<p>Autor: Olaf W\u0142odkowski Wydawca: Wolters Kluwer Oprawa: Mi\u0119kka Format: 17.0&#215;24.0cm [&hellip;]<\/p>\n","protected":false},"featured_media":9483,"template":"","meta":[],"product_brand":[],"product_cat":[7490,18],"product_tag":[296,328,330],"class_list":{"0":"post-146","1":"product","2":"type-product","3":"status-publish","4":"has-post-thumbnail","6":"product_cat-karne","7":"product_cat-prawo","8":"product_tag-prawo-karne","9":"product_tag-prawo-karne-skarbowe","10":"product_tag-seria-akademicka","12":"first","13":"instock","14":"sale","15":"shipping-taxable","16":"purchasable","17":"product-type-simple"},"_links":{"self":[{"href":"https:\/\/ksiegarnia-akademicka.pl\/index.php\/wp-json\/wp\/v2\/product\/146","targetHints":{"allow":["GET"]}}],"collection":[{"href":"https:\/\/ksiegarnia-akademicka.pl\/index.php\/wp-json\/wp\/v2\/product"}],"about":[{"href":"https:\/\/ksiegarnia-akademicka.pl\/index.php\/wp-json\/wp\/v2\/types\/product"}],"wp:featuredmedia":[{"embeddable":true,"href":"https:\/\/ksiegarnia-akademicka.pl\/index.php\/wp-json\/wp\/v2\/media\/9483"}],"wp:attachment":[{"href":"https:\/\/ksiegarnia-akademicka.pl\/index.php\/wp-json\/wp\/v2\/media?parent=146"}],"wp:term":[{"taxonomy":"product_brand","embeddable":true,"href":"https:\/\/ksiegarnia-akademicka.pl\/index.php\/wp-json\/wp\/v2\/product_brand?post=146"},{"taxonomy":"product_cat","embeddable":true,"href":"https:\/\/ksiegarnia-akademicka.pl\/index.php\/wp-json\/wp\/v2\/product_cat?post=146"},{"taxonomy":"product_tag","embeddable":true,"href":"https:\/\/ksiegarnia-akademicka.pl\/index.php\/wp-json\/wp\/v2\/product_tag?post=146"}],"curies":[{"name":"wp","href":"https:\/\/api.w.org\/{rel}","templated":true}]}}