{"id":1458,"date":"2018-05-22T12:43:42","date_gmt":"2018-05-22T10:43:42","guid":{"rendered":"http:\/\/ksiegarnia-akademicka.pl\/index.php\/product\/efekt-lucyfera-dlaczego-dobrzy-ludzie-czynia-zlo\/"},"modified":"2019-04-04T09:17:34","modified_gmt":"2019-04-04T07:17:34","slug":"efekt-lucyfera-dlaczego-dobrzy-ludzie-czynia-zlo","status":"publish","type":"product","link":"https:\/\/ksiegarnia-akademicka.pl\/index.php\/product\/efekt-lucyfera-dlaczego-dobrzy-ludzie-czynia-zlo\/","title":{"rendered":"Efekt Lucyfera. Dlaczego dobrzy ludzie czyni\u0105 z\u0142o?"},"content":{"rendered":"<p>Autor:<br \/>\nPhilip G. Zimbardo<br \/>\nWydawca: Wydawnictwo Naukowe PWN<br \/>\nOprawa: Mi\u0119kka<br \/>\nFormat: 16.5&#215;23.5<br \/>\nLiczba stron: 486<br \/>\nWydanie: 1<br \/>\nRok wydania: 2019<br \/>\nJ\u0119zyk wydania: polski<\/p>\n<p>Jedna z najwa\u017cniejszych prac nurtu psychologii dobra i z\u0142a. Autor interesuj\u0105co prezentuje analiz\u0119 eksperymentu stanfordzkiego i wykazuje \u015bcis\u0142y zwi\u0105zek z tym, co p\u00f3\u017aniej wydarzy\u0142o si\u0119 w wi\u0119zieniu w Abu Ghraib. Przedstawia mechanizmy i czynniki, kt\u00f3re czyni\u0105 ze zwyk\u0142ego cz\u0142owieka oprawc\u0119 i ofiar\u0119 systemu. Udowadnia mo\u017cliwo\u015b\u0107 zmiany lub zapobiegania niechcianym zachowaniom jednostki lub grupy, dzi\u0119ki zrozumieniu, jakie si\u0142y, warto\u015bci i sk\u0142onno\u015bci przez nie przejawiane s\u0105 wnoszone w dan\u0105 sytuacj\u0119. Uwa\u017ca, \u017ce mo\u017cna mie\u0107 wi\u0119kszy wp\u0142yw na zredukowanie niepo\u017c\u0105danych indywidualnych reakcji przez wiedz\u0119, pokazuje, jak ich unika\u0107 lub je modyfikowa\u0107.<br \/>\nZimbardo poszukuje wyja\u015bnienia dla stwierdzonych zale\u017cno\u015bci, odwo\u0142uj\u0105c si\u0119 do dotychczasowych bada\u0144 nad jednostkowymi postawami (poczucie w\u0142adzy, konformizm i pos\u0142usze\u0144stwo), a tak\u017ce nad oddzia\u0142ywaniami szerszego \u015brodowiska spo\u0142ecznego (odindywidualizowanie, odcz\u0142owieczenie i znieczulica). Ksi\u0105\u017ck\u0119 zamyka rozdzia\u0142 na temat oporu wobec niepo\u017c\u0105danych nacisk\u00f3w ze strony sytuacji spo\u0142ecznych i analiza postawy heroicznej, kt\u00f3r\u0105 autor uwa\u017ca za remedium na gro\u017c\u0105ce nam z r\u00f3\u017cnych stron z\u0142o.<\/p>\n","protected":false},"excerpt":{"rendered":"<p>Autor: Philip G. Zimbardo Wydawca: Wydawnictwo Naukowe PWN Oprawa: Mi\u0119kka [&hellip;]<\/p>\n","protected":false},"featured_media":10752,"template":"","meta":[],"product_brand":[],"product_cat":[27,7509,7508],"product_tag":[4310,1186,246],"class_list":{"0":"post-1458","1":"product","2":"type-product","3":"status-publish","4":"has-post-thumbnail","6":"product_cat-nauki-spoleczne","7":"product_cat-psychologia","8":"product_cat-socjologia","9":"product_tag-nauki-spoleczne","10":"product_tag-psychologia","11":"product_tag-socjologia","13":"first","14":"instock","15":"sale","16":"shipping-taxable","17":"purchasable","18":"product-type-simple"},"_links":{"self":[{"href":"https:\/\/ksiegarnia-akademicka.pl\/index.php\/wp-json\/wp\/v2\/product\/1458","targetHints":{"allow":["GET"]}}],"collection":[{"href":"https:\/\/ksiegarnia-akademicka.pl\/index.php\/wp-json\/wp\/v2\/product"}],"about":[{"href":"https:\/\/ksiegarnia-akademicka.pl\/index.php\/wp-json\/wp\/v2\/types\/product"}],"wp:featuredmedia":[{"embeddable":true,"href":"https:\/\/ksiegarnia-akademicka.pl\/index.php\/wp-json\/wp\/v2\/media\/10752"}],"wp:attachment":[{"href":"https:\/\/ksiegarnia-akademicka.pl\/index.php\/wp-json\/wp\/v2\/media?parent=1458"}],"wp:term":[{"taxonomy":"product_brand","embeddable":true,"href":"https:\/\/ksiegarnia-akademicka.pl\/index.php\/wp-json\/wp\/v2\/product_brand?post=1458"},{"taxonomy":"product_cat","embeddable":true,"href":"https:\/\/ksiegarnia-akademicka.pl\/index.php\/wp-json\/wp\/v2\/product_cat?post=1458"},{"taxonomy":"product_tag","embeddable":true,"href":"https:\/\/ksiegarnia-akademicka.pl\/index.php\/wp-json\/wp\/v2\/product_tag?post=1458"}],"curies":[{"name":"wp","href":"https:\/\/api.w.org\/{rel}","templated":true}]}}