{"id":14527,"date":"2021-04-26T10:21:21","date_gmt":"2021-04-26T08:21:21","guid":{"rendered":"http:\/\/ksiegarnia-akademicka.pl\/?post_type=product&#038;p=14527"},"modified":"2021-04-26T10:21:21","modified_gmt":"2021-04-26T08:21:21","slug":"rodzina-i-dziecko-w-zmieniajacym-sie-swiecie-perspektywa-historyczna-i-pedagogiczna","status":"publish","type":"product","link":"https:\/\/ksiegarnia-akademicka.pl\/index.php\/product\/rodzina-i-dziecko-w-zmieniajacym-sie-swiecie-perspektywa-historyczna-i-pedagogiczna\/","title":{"rendered":"Rodzina i dziecko w zmieniaj\u0105cym si\u0119 \u015bwiecie Perspektywa historyczna i pedagogiczna"},"content":{"rendered":"<p>Autor:<br \/>\nRomuald Grzybowski<br \/>\nRedakcja: Jakubiak Krzysztof, Grzybowski Romuald<br \/>\nWydawca: Adam Marsza\u0142ek<br \/>\nOprawa: Mi\u0119kka<br \/>\nFormat: 16.0&#215;22.5cm<br \/>\nLiczba stron: 296<br \/>\nRok wydania: 2021<br \/>\nJ\u0119zyk wydania: polski<\/p>\n<p>Dorobek historiografii polskiej skupionej na dziejach dziecka i dzieci\u0144stwa nadal jest niezadowalaj\u0105cy. \u015awiadczy o tym niedostatek, a niekiedy wr\u0119cz brak tej problematyki w syntetycznych opracowaniach, w tym r\u00f3wnie\u017c w podr\u0119cznikach historii wychowania. W ostatnich latach daje si\u0119 jednak zauwa\u017cy\u0107 wzrost zainteresowania t\u0105 tematyk\u0105, a podejmowane badania dotycz\u0105 wielu aspekt\u00f3w \u017cycia dziecka w minionych wiekach. Tendencja ta rodzi nadziej\u0119 na prze\u0142amanie swoistego impasu w tym obszarze docieka\u0144 naukowych. Ponadto historyczno-pedagogiczna analiza zagadnie\u0144 dotycz\u0105cych rodziny jako \u015brodowiska wychowawczego mo\u017ce wnie\u015b\u0107 istotny wk\u0142ad do og\u00f3lnego dorobku nauk spo\u0142ecznych.<\/p>\n<p>Prezentowany tom jest ilustracj\u0105 wspomnianego, wieloaspektowego ujmowania problematyki rodziny i dziecka. Autorami zamieszczonych w nim tekst\u00f3w s\u0105 zar\u00f3wno historycy wychowania, jak i pedagodzy. Dzi\u0119ki nak\u0142adaniu si\u0119 na siebie perspektywy pedagogicznej i historycznej problematyka rodziny i dziecka zyskuje g\u0142\u0119bi\u0119 uj\u0119cia, a aktualistyczne wnioski z bada\u0144 pedagogicznych nabieraj\u0105 realnej warto\u015bci naukowej na tle uog\u00f3lnie\u0144 i refleksji natury historycznej.<\/p>\n","protected":false},"excerpt":{"rendered":"<p>Autor: Romuald Grzybowski Redakcja: Jakubiak Krzysztof, Grzybowski Romuald Wydawca: Adam [&hellip;]<\/p>\n","protected":false},"featured_media":14528,"template":"","meta":[],"product_brand":[],"product_cat":[28],"product_tag":[51,4451],"class_list":{"0":"post-14527","1":"product","2":"type-product","3":"status-publish","4":"has-post-thumbnail","6":"product_cat-pedagogika","7":"product_tag-pedagogika","8":"product_tag-wychowanie","10":"first","11":"instock","12":"sale","13":"shipping-taxable","14":"purchasable","15":"product-type-simple"},"_links":{"self":[{"href":"https:\/\/ksiegarnia-akademicka.pl\/index.php\/wp-json\/wp\/v2\/product\/14527","targetHints":{"allow":["GET"]}}],"collection":[{"href":"https:\/\/ksiegarnia-akademicka.pl\/index.php\/wp-json\/wp\/v2\/product"}],"about":[{"href":"https:\/\/ksiegarnia-akademicka.pl\/index.php\/wp-json\/wp\/v2\/types\/product"}],"wp:featuredmedia":[{"embeddable":true,"href":"https:\/\/ksiegarnia-akademicka.pl\/index.php\/wp-json\/wp\/v2\/media\/14528"}],"wp:attachment":[{"href":"https:\/\/ksiegarnia-akademicka.pl\/index.php\/wp-json\/wp\/v2\/media?parent=14527"}],"wp:term":[{"taxonomy":"product_brand","embeddable":true,"href":"https:\/\/ksiegarnia-akademicka.pl\/index.php\/wp-json\/wp\/v2\/product_brand?post=14527"},{"taxonomy":"product_cat","embeddable":true,"href":"https:\/\/ksiegarnia-akademicka.pl\/index.php\/wp-json\/wp\/v2\/product_cat?post=14527"},{"taxonomy":"product_tag","embeddable":true,"href":"https:\/\/ksiegarnia-akademicka.pl\/index.php\/wp-json\/wp\/v2\/product_tag?post=14527"}],"curies":[{"name":"wp","href":"https:\/\/api.w.org\/{rel}","templated":true}]}}