{"id":14507,"date":"2021-04-22T09:20:27","date_gmt":"2021-04-22T07:20:27","guid":{"rendered":"http:\/\/ksiegarnia-akademicka.pl\/?post_type=product&#038;p=14507"},"modified":"2021-04-22T09:20:27","modified_gmt":"2021-04-22T07:20:27","slug":"tozsamosc-konstytucyjna-w-wybranych-panstwach-czlonkowskich-unii-europejskiej","status":"publish","type":"product","link":"https:\/\/ksiegarnia-akademicka.pl\/index.php\/product\/tozsamosc-konstytucyjna-w-wybranych-panstwach-czlonkowskich-unii-europejskiej\/","title":{"rendered":"To\u017csamo\u015b\u0107 konstytucyjna w wybranych pa\u0144stwach cz\u0142onkowskich Unii Europejskiej"},"content":{"rendered":"<p>Redakcja: Wr\u00f3bel Andrzej, Zi\u00f3\u0142kowski Micha\u0142<br \/>\nWydawca: Wolters Kluwer<br \/>\nOprawa: Twarda<br \/>\nLiczba stron: 376<br \/>\nWydanie: 1<br \/>\nRok wydania: 2021<br \/>\nJ\u0119zyk wydania: polski<\/p>\n<p>W publikacji zaprezentowano r\u00f3\u017cne sposoby rozumienia to\u017csamo\u015bci konstytucyjnej przez s\u0105dy konstytucyjne w Unii Europejskiej. Wskazano istotne elementy charakteryzuj\u0105ce koncepcje ochrony tej to\u017csamo\u015bci w wybranych pa\u0144stwach cz\u0142onkowskich Unii Europejskiej (Niemcy, Francja, Czechy, Austria, Hiszpania, W\u0142ochy), a tak\u017ce przywo\u0142ano ich cechy wsp\u00f3lne i r\u00f3\u017cnicuj\u0105ce.<br \/>\nCzytelnik znajdzie tu rozwa\u017cania na temat podstaw prawnych to\u017csamo\u015bci konstytucyjnej, inspiracji i odniesie\u0144 istotnych dla Trybuna\u0142u Konstytucyjnego w sprawie konstytucyjno\u015bci przepis\u00f3w Traktatu z Lizbony, jej zwi\u0105zku z normami niezmienialnymi oraz funkcji, jak\u0105 pe\u0142ni w procesie hierarchicznej kontroli norm sprawowanej przez europejskie s\u0105dy konstytucyjne.<br \/>\nMonografia jest wsp\u00f3lnym dzie\u0142em autor\u00f3w, kt\u00f3rzy prowadz\u0105 badania naukowe i wyk\u0142adaj\u0105 prawo konstytucyjne, prawo mi\u0119dzynarodowe oraz prawo europejskie na polskich uczelniach wy\u017cszych. Autorzy s\u0105 ekspertami w dziedzinie prawa konstytucyjnego poszczeg\u00f3lnych pa\u0144stw cz\u0142onkowskich UE lub w zakresie prawa europejskiego i prawa konstytucyjnego por\u00f3wnawczego.<br \/>\nKsi\u0105\u017cka przeznaczona jest dla specjalist\u00f3w z zakresu prawa europejskiego, konstytucyjnego oraz administracyjnego \u2013 prawnik\u00f3w praktyk\u00f3w oraz osoby naukowo zajmuj\u0105ce si\u0119 omawian\u0105 tematyk\u0105.<\/p>\n","protected":false},"excerpt":{"rendered":"<p>Redakcja: Wr\u00f3bel Andrzej, Zi\u00f3\u0142kowski Micha\u0142 Wydawca: Wolters Kluwer Oprawa: Twarda [&hellip;]<\/p>\n","protected":false},"featured_media":14508,"template":"","meta":[],"product_brand":[],"product_cat":[7496,18,7719],"product_tag":[873,250],"class_list":{"0":"post-14507","1":"product","2":"type-product","3":"status-publish","4":"has-post-thumbnail","6":"product_cat-konstytucyjne","7":"product_cat-prawo","8":"product_cat-prawo-miedzynarodowe","9":"product_tag-prawo-konstytucyjne","10":"product_tag-unia-europejska","12":"first","13":"instock","14":"sale","15":"shipping-taxable","16":"purchasable","17":"product-type-simple"},"_links":{"self":[{"href":"https:\/\/ksiegarnia-akademicka.pl\/index.php\/wp-json\/wp\/v2\/product\/14507","targetHints":{"allow":["GET"]}}],"collection":[{"href":"https:\/\/ksiegarnia-akademicka.pl\/index.php\/wp-json\/wp\/v2\/product"}],"about":[{"href":"https:\/\/ksiegarnia-akademicka.pl\/index.php\/wp-json\/wp\/v2\/types\/product"}],"wp:featuredmedia":[{"embeddable":true,"href":"https:\/\/ksiegarnia-akademicka.pl\/index.php\/wp-json\/wp\/v2\/media\/14508"}],"wp:attachment":[{"href":"https:\/\/ksiegarnia-akademicka.pl\/index.php\/wp-json\/wp\/v2\/media?parent=14507"}],"wp:term":[{"taxonomy":"product_brand","embeddable":true,"href":"https:\/\/ksiegarnia-akademicka.pl\/index.php\/wp-json\/wp\/v2\/product_brand?post=14507"},{"taxonomy":"product_cat","embeddable":true,"href":"https:\/\/ksiegarnia-akademicka.pl\/index.php\/wp-json\/wp\/v2\/product_cat?post=14507"},{"taxonomy":"product_tag","embeddable":true,"href":"https:\/\/ksiegarnia-akademicka.pl\/index.php\/wp-json\/wp\/v2\/product_tag?post=14507"}],"curies":[{"name":"wp","href":"https:\/\/api.w.org\/{rel}","templated":true}]}}