{"id":14485,"date":"2021-04-21T09:34:14","date_gmt":"2021-04-21T07:34:14","guid":{"rendered":"http:\/\/ksiegarnia-akademicka.pl\/?post_type=product&#038;p=14485"},"modified":"2024-12-05T08:48:53","modified_gmt":"2024-12-05T07:48:53","slug":"ceny-transferowe-komentarz-do-rozporzadzen-metody-szacowania-i-analizy-cen-transferowych-obowiazki-sprawozdawcze-strategia-podatkowa-schematy-podatkowe-mdr-przyklady","status":"publish","type":"product","link":"https:\/\/ksiegarnia-akademicka.pl\/index.php\/product\/ceny-transferowe-komentarz-do-rozporzadzen-metody-szacowania-i-analizy-cen-transferowych-obowiazki-sprawozdawcze-strategia-podatkowa-schematy-podatkowe-mdr-przyklady\/","title":{"rendered":"Ceny transferowe. Komentarz do rozporz\u0105dze\u0144. Metody szacowania i analizy cen transferowych. Obowi\u0105zki sprawozdawcze. Strategia podatkowa. Schematy podatkowe MDR. Przyk\u0142ady"},"content":{"rendered":"<p>Autor: dr Jaros\u0142aw F. Mika<br \/>\nWydawnictwo: C.H. Beck<br \/>\nSeria: Podatki w praktyce<br \/>\nRok wydania: 2021<br \/>\nWydanie: 2<br \/>\nOprawa: Mi\u0119kka<br \/>\nLiczba stron: 696<br \/>\nWymiary: 145&#215;205 mm<br \/>\nWaga: 840 g<br \/>\nISBN: 978-83-8235-263-4<\/p>\n<p>Praktyczne om\u00f3wienie problematyki przerzucania dochod\u00f3w pomi\u0119dzy podmiotami powi\u0105zanymi.<br \/>\nPublikacja podzielona jest na 3 cz\u0119\u015bci.<\/p>\n<p>W I cz\u0119\u015bci autor omawia wybrane przepisy z PDOPrU oraz OrdPU:<\/p>\n<p>rozdzia\u0142u 1a. \u201eCeny transferowe&#8221; ustawy z 15.2.1992 r. o podatku dochodowym od os\u00f3b prawnych (t.j. Dz.U. z 2020 r. poz. 1406 ze zm.), tj. art. 11a\u201311t;<br \/>\nrozdzia\u0142u 11a. \u201eInformacje o schematach podatkowych&#8221; ustawy 29.8.1997 r. \u2013 Ordynacja podatkowa (t.j. Dz.U. z 2020 r. poz. 1325 ze zm.), tj. art. 86a\u201386o;<br \/>\nrozdzia\u0142u 6a. \u201eDodatkowe zobowi\u0105zanie podatkowe&#8221; ustawy 29.8.1997 r. \u2013 Ordynacja podatkowa (t.j. Dz.U. z 2020 r. poz. 1325 ze zm.), tj. art. 58a\u201358e.<br \/>\nW II cz\u0119\u015bci publikacja zawiera komentarze do rozporz\u0105dze\u0144 Ministra Finans\u00f3w dotycz\u0105cych cen transferowych, m.in:<\/p>\n<p>rozporz\u0105dzenia Ministra Finans\u00f3w z 21.12.2018 r. w sprawie cen transferowych w zakresie podatku dochodowego od os\u00f3b prawnych (Dz.U. z 2018 r. poz. 2491 ze zm.),<br \/>\nrozporz\u0105dzenia Ministra Finans\u00f3w z 21.12.2018 r. w sprawie dokumentacji cen transferowych w zakresie podatku dochodowego od os\u00f3b prawnych (Dz.U. z 2018 r. poz. 2479 ze zm.),<br \/>\nrozporz\u0105dzenia Ministra Finans\u00f3w z 28.3.2019 r. w sprawie okre\u015blenia kraj\u00f3w i terytori\u00f3w stosuj\u0105cych szkodliw\u0105 konkurencj\u0119 podatkow\u0105 w zakresie podatku dochodowego od os\u00f3b prawnych (Dz.U. z 2019 r. poz. 600).<br \/>\nPublikacja zawiera charakterystyk\u0119 sze\u015bciu metod szacowania cen transferowych z przyk\u0142adam ich zastosowania oraz procedur\u0119 sporz\u0105dzania analizy cen transferowych. Om\u00f3wione zosta\u0142y r\u00f3wnie\u017c nowe obowi\u0105zki sprawozdawcze w postaci informacji o cenach transferowych TP-R, kt\u00f3re zast\u0105pi\u0142y dotychczasowe uproszczone formularze CIT-TP.<\/p>\n<p>W tej cz\u0119\u015bci publikacji om\u00f3wiono przede wszystkim takie zagadnienia jak:<\/p>\n<p>elementy dokumentacji podatkowych,<br \/>\ninformacje o cenach transferowych w zakresie podatku dochodowego od os\u00f3b prawnych,<br \/>\nunikanie podw\u00f3jnego opodatkowania,<br \/>\nraje podatkowe.<br \/>\nAutor ksi\u0105\u017cki wskazuje tak\u017ce ryzyka podatkowe zwi\u0105zane, m.in. z identyfikacj\u0105 grupy podmiot\u00f3w zobligowanych do sporz\u0105dzenia dokumentacji grupowej stosownie do redefinicji poj\u0119cia podmiot\u00f3w powi\u0105zanych. Dodatkowo scharakteryzowano analiz\u0119 zgodno\u015bci warunk\u00f3w transakcji stanowi\u0105c\u0105 alternatyw\u0119 dla analizy danych por\u00f3wnawczych.<\/p>\n<p>W III cz\u0119\u015bci publikacji zamieszczone zosta\u0142y za\u0142\u0105czniki, tj.:<\/p>\n<p>obwieszczenie Ministra Finans\u00f3w, Funduszy i Polityki Regionalnej z 17.12.2020 r. w sprawie og\u0142oszenia rodzaju bazowej stopy procentowej i mar\u017cy dla potrzeb cen transferowych w zakresie podatku dochodowego od os\u00f3b fizycznych i podatku dochodowego od os\u00f3b prawnych (M.P. z 2020 r. poz. 1198),<br \/>\nTPR Informacja o cenach transferowych \u2013 pytania i odpowiedzi, wrzesie\u0144 2020, MF,<br \/>\nMDR-1 \u2013 informacja o schemacie podatkowym,<br \/>\nMDR-2 \u2013 zawiadomienie dotycz\u0105ce schematu podatkowego,<br \/>\nMDR-3 \u2013 informacja korzystaj\u0105cego o schemacie podatkowym,<br \/>\nMDR-4 \u2013 kwartalna informacja o udost\u0119pnieniu schematu podatkowego standaryzowanego.<br \/>\nW publikacji zamieszczono r\u00f3wnie\u017c Obja\u015bnienia podatkowe Ministerstwa Finans\u00f3w z 31.1.2019 r. \u2013Informacje o schematach podatkowych (MDR).<\/p>\n<p>Ponadto w publikacji przedstawiono zagadnienia zwi\u0105zane z restrukturyzacj\u0105 dzia\u0142alno\u015bci pomi\u0119dzy podmiotami powi\u0105zanymi oraz rodzaju bazowej stopy procentowej i mar\u017cy dla potrzeb cen transferowych w zakresie podatku dochodowego od os\u00f3b fizycznych i podatku dochodowego od os\u00f3b prawnych.<\/p>\n<p>Publikacja b\u0119dzie przydatna dla os\u00f3b zajmuj\u0105cych si\u0119 zawodowo problematyk\u0105 podatkow\u0105, w szczeg\u00f3lno\u015bci problematyk\u0105 cen transferowych, w tym do: doradc\u00f3w podatkowych, ksi\u0119gowych, bieg\u0142ych rewident\u00f3w, a tak\u017ce przedsi\u0119biorc\u00f3w oraz pracownik\u00f3w administracji skarbowej, inspektor\u00f3w kontroli skarbowej w trakcie post\u0119powania kontrolnego.<\/p>\n","protected":false},"excerpt":{"rendered":"<p>Autor: dr Jaros\u0142aw F. Mika Wydawnictwo: C.H. Beck Seria: Podatki [&hellip;]<\/p>\n","protected":false},"featured_media":14486,"template":"","meta":[],"product_brand":[],"product_cat":[22,23],"product_tag":[1055,6958],"class_list":{"0":"post-14485","1":"product","2":"type-product","3":"status-publish","4":"has-post-thumbnail","6":"product_cat-podatki-i-prawo-podatkowe","7":"product_cat-rachunkowosc","8":"product_tag-prawo-podatkowe","9":"product_tag-seria-podatki-w-praktyce","11":"first","12":"instock","13":"sale","14":"shipping-taxable","15":"purchasable","16":"product-type-simple"},"_links":{"self":[{"href":"https:\/\/ksiegarnia-akademicka.pl\/index.php\/wp-json\/wp\/v2\/product\/14485","targetHints":{"allow":["GET"]}}],"collection":[{"href":"https:\/\/ksiegarnia-akademicka.pl\/index.php\/wp-json\/wp\/v2\/product"}],"about":[{"href":"https:\/\/ksiegarnia-akademicka.pl\/index.php\/wp-json\/wp\/v2\/types\/product"}],"wp:featuredmedia":[{"embeddable":true,"href":"https:\/\/ksiegarnia-akademicka.pl\/index.php\/wp-json\/wp\/v2\/media\/14486"}],"wp:attachment":[{"href":"https:\/\/ksiegarnia-akademicka.pl\/index.php\/wp-json\/wp\/v2\/media?parent=14485"}],"wp:term":[{"taxonomy":"product_brand","embeddable":true,"href":"https:\/\/ksiegarnia-akademicka.pl\/index.php\/wp-json\/wp\/v2\/product_brand?post=14485"},{"taxonomy":"product_cat","embeddable":true,"href":"https:\/\/ksiegarnia-akademicka.pl\/index.php\/wp-json\/wp\/v2\/product_cat?post=14485"},{"taxonomy":"product_tag","embeddable":true,"href":"https:\/\/ksiegarnia-akademicka.pl\/index.php\/wp-json\/wp\/v2\/product_tag?post=14485"}],"curies":[{"name":"wp","href":"https:\/\/api.w.org\/{rel}","templated":true}]}}