{"id":14409,"date":"2021-04-16T10:03:46","date_gmt":"2021-04-16T08:03:46","guid":{"rendered":"http:\/\/ksiegarnia-akademicka.pl\/?post_type=product&#038;p=14409"},"modified":"2021-04-16T10:03:48","modified_gmt":"2021-04-16T08:03:48","slug":"finansowanie-dzialalnosci-innowacyjnej-malych-przedsiebiorstw-w-polsce","status":"publish","type":"product","link":"https:\/\/ksiegarnia-akademicka.pl\/index.php\/product\/finansowanie-dzialalnosci-innowacyjnej-malych-przedsiebiorstw-w-polsce\/","title":{"rendered":"Finansowanie dzia\u0142alno\u015bci innowacyjnej ma\u0142ych przedsi\u0119biorstw w Polsce"},"content":{"rendered":"<p>Autor:<br \/>\nAgnieszka Ku\u015b<br \/>\nWydawca: Wydawnictwo Naukowe UMK<br \/>\nOprawa: Mi\u0119kka<br \/>\nFormat: 16.0&#215;23.0cm<br \/>\nLiczba stron: 218<br \/>\nRok wydania: 2021<br \/>\nJ\u0119zyk wydania: polski<\/p>\n<p>Ma\u0142e przedsi\u0119biorstwa, jako istotne ogniwo sektora MSP, pe\u0142ni\u0105 obecnie liczne funkcje gospodarcze i s\u0105 odpowiedzialne za realizacj\u0119 wielu zada\u0144 spo\u0142ecznych. O sile mniejszych podmiot\u00f3w gospodarczych \u015bwiadczy nie tylko ich wolumen, ale przede wszystkim istotny udzia\u0142 w generowaniu krajowego PKB czy w poziomie zatrudnienia. Jednak ukazana specyfika ma\u0142ych przedsi\u0119biorstw niejednokrotnie utrudnia mo\u017cliwo\u015bci rozwojowe tych podmiot\u00f3w. Jedn\u0105 z najcz\u0119\u015bciej przywo\u0142ywanych przyczyn ograniczonej aktywno\u015bci innowacyjnej mniejszych przedsi\u0119biorstw w Polsce jest kwestia finansowania procesu innowacyjnego, dlatego tak wa\u017cne jest podejmowanie systematycznych bada\u0144 w tym zakresie, a w konsekwencji ukierunkowanych i kompleksowych dzia\u0142a\u0144 wzmacniaj\u0105cych potencja\u0142 innowacyjny ma\u0142ych przedsi\u0119biorstw &#8211; pocz\u0105wszy od zapewnienia odpowiedniego zaplecza infrastrukturalnego, przez w\u0142a\u015bciwe regulacje prawno-podatkowe i przydatne instrumenty wsparcia w ramach prowadzonej polityki innowacyjnej, a sko\u0144czywszy na stworzeniu kultury organizacyjnej sprzyjaj\u0105cej kreowaniu i adaptacji nowatorskich rozwi\u0105za\u0144.<\/p>\n","protected":false},"excerpt":{"rendered":"<p>Autor: Agnieszka Ku\u015b Wydawca: Wydawnictwo Naukowe UMK Oprawa: Mi\u0119kka Format: [&hellip;]<\/p>\n","protected":false},"featured_media":14410,"template":"","meta":[],"product_brand":[],"product_cat":[7516,31,7515],"product_tag":[2202,1023,918],"class_list":{"0":"post-14409","1":"product","2":"type-product","3":"status-publish","4":"has-post-thumbnail","6":"product_cat-finanse-przedsiebiorstwa","7":"product_cat-przedsiebiorstwo","8":"product_cat-zarzadzanie-przedsiebiorstwem","9":"product_tag-innowacje","10":"product_tag-msp","11":"product_tag-zarzadzanie-przedsiebiorstwem","13":"first","14":"instock","15":"sale","16":"shipping-taxable","17":"purchasable","18":"product-type-simple"},"_links":{"self":[{"href":"https:\/\/ksiegarnia-akademicka.pl\/index.php\/wp-json\/wp\/v2\/product\/14409","targetHints":{"allow":["GET"]}}],"collection":[{"href":"https:\/\/ksiegarnia-akademicka.pl\/index.php\/wp-json\/wp\/v2\/product"}],"about":[{"href":"https:\/\/ksiegarnia-akademicka.pl\/index.php\/wp-json\/wp\/v2\/types\/product"}],"wp:featuredmedia":[{"embeddable":true,"href":"https:\/\/ksiegarnia-akademicka.pl\/index.php\/wp-json\/wp\/v2\/media\/14410"}],"wp:attachment":[{"href":"https:\/\/ksiegarnia-akademicka.pl\/index.php\/wp-json\/wp\/v2\/media?parent=14409"}],"wp:term":[{"taxonomy":"product_brand","embeddable":true,"href":"https:\/\/ksiegarnia-akademicka.pl\/index.php\/wp-json\/wp\/v2\/product_brand?post=14409"},{"taxonomy":"product_cat","embeddable":true,"href":"https:\/\/ksiegarnia-akademicka.pl\/index.php\/wp-json\/wp\/v2\/product_cat?post=14409"},{"taxonomy":"product_tag","embeddable":true,"href":"https:\/\/ksiegarnia-akademicka.pl\/index.php\/wp-json\/wp\/v2\/product_tag?post=14409"}],"curies":[{"name":"wp","href":"https:\/\/api.w.org\/{rel}","templated":true}]}}