{"id":14403,"date":"2021-04-16T09:55:35","date_gmt":"2021-04-16T07:55:35","guid":{"rendered":"http:\/\/ksiegarnia-akademicka.pl\/?post_type=product&#038;p=14403"},"modified":"2024-12-05T08:49:39","modified_gmt":"2024-12-05T07:49:39","slug":"wiktymologia-kryminalna","status":"publish","type":"product","link":"https:\/\/ksiegarnia-akademicka.pl\/index.php\/product\/wiktymologia-kryminalna\/","title":{"rendered":"Wiktymologia kryminalna"},"content":{"rendered":"<p>Autor:<br \/>\nBrunon Ho\u0142yst<br \/>\nWydawca: Wydawnictwo Naukowe PWN<br \/>\nOprawa: Twarda<br \/>\nFormat: 16.5&#215;23.5cm<br \/>\nLiczba stron: 658<br \/>\nWydanie: 1<br \/>\nRok wydania: 2021<br \/>\nJ\u0119zyk wydania: polski<\/p>\n<p>Dopiero w XX wieku zacz\u0119to si\u0119 zajmowa\u0107 systematycznie problematyk\u0105 ofiary przest\u0119pstwa. Pojawi\u0142y si\u0119 pogl\u0105dy o konieczno\u015bci systemowego spojrzenia na osob\u0119 sprawcy, ofiar\u0119 i czyn. Du\u017c\u0105 rol\u0119 w tym ca\u0142o\u015bciowym uj\u0119ciu teorii zachowa\u0144 przest\u0119pczych odegra\u0142a koncepcja symbolicznego interakcjonizmu Georga H. Meada (1863\u20131931), w kt\u00f3rej szeroko uwzgl\u0119dniono zagadnienia wp\u0142ywu postrzegania partnera oraz przypisywanego mu znaczenia na w\u0142asne zachowanie.<br \/>\nW 1979 r. w M\u00fcnster za\u0142o\u017cono \u015awiatowe Towarzystwo Wiktymologii (The World Society of Victimology), kt\u00f3re uzyska\u0142o status organu konsultacyjnego Organizacji Narod\u00f3w Zjednoczonych i Rady Europy. W nast\u0119pnych latach powsta\u0142y krajowe towarzystwa wiktymologii w Australii, Brazylii, Grecji, Indiach, Japonii i Po\u0142udniowej Korei. Od 1973 r. co trzy lata s\u0105 organizowane mi\u0119dzynarodowe sympozja. Pierwsze odby\u0142o si\u0119 w Jerozolimie, a kolejne mi\u0119dzy innymi w: Bostonie (1976), M\u00fcnster (1979), Tokio\/Kioto (1982), Zagrzebiu (1985), Jerozolimie (1988), Rio de Janeiro (1991), Adelaide (1994) oraz Amsterdamie (1997).<br \/>\nWiktymologia ewoluuje nie tylko w Stanach Zjednoczonych, lecz tak\u017ce w Europie. Wiele prac na jej temat ukaza\u0142o si\u0119 w Izraelu, jak r\u00f3wnie\u017c w Ameryce \u015arodkowej i Po\u0142udniowej, Indiach, Australii i Japonii, publikowane s\u0105 te\u017c czasopisma, np. \u201eInternational Review of Victimology\u201d USA, \u201eJapanese Journal of Victimology\u201d, \u201eVictimology\u201d Cordoba\/Argentyna, \u201eJournal of Australasian Society of Victimology\u201d. Na rozw\u00f3j wiktymologii kryminalnej wp\u0142ywa europejskie prawo karne. W Polsce znacz\u0105cymi wydarzeniami by\u0142y og\u0142oszenie Polskiej Karty Praw Ofiary z 2000 r. oraz przyj\u0119cie Krajowego Programu na Rzecz Ofiar Przest\u0119pstw, opracowanego w Biurze Rzecznika Praw Obywatelskich w 2004 r.<\/p>\n","protected":false},"excerpt":{"rendered":"<p>Autor: Brunon Ho\u0142yst Wydawca: Wydawnictwo Naukowe PWN Oprawa: Twarda Format: [&hellip;]<\/p>\n","protected":false},"featured_media":14404,"template":"","meta":[],"product_brand":[],"product_cat":[7490,27,18,7509],"product_tag":[308,1186,1863],"class_list":{"0":"post-14403","1":"product","2":"type-product","3":"status-publish","4":"has-post-thumbnail","6":"product_cat-karne","7":"product_cat-nauki-spoleczne","8":"product_cat-prawo","9":"product_cat-psychologia","10":"product_tag-kryminalistyka","11":"product_tag-psychologia","12":"product_tag-wiktymologia","14":"first","15":"instock","16":"sale","17":"shipping-taxable","18":"purchasable","19":"product-type-simple"},"_links":{"self":[{"href":"https:\/\/ksiegarnia-akademicka.pl\/index.php\/wp-json\/wp\/v2\/product\/14403","targetHints":{"allow":["GET"]}}],"collection":[{"href":"https:\/\/ksiegarnia-akademicka.pl\/index.php\/wp-json\/wp\/v2\/product"}],"about":[{"href":"https:\/\/ksiegarnia-akademicka.pl\/index.php\/wp-json\/wp\/v2\/types\/product"}],"wp:featuredmedia":[{"embeddable":true,"href":"https:\/\/ksiegarnia-akademicka.pl\/index.php\/wp-json\/wp\/v2\/media\/14404"}],"wp:attachment":[{"href":"https:\/\/ksiegarnia-akademicka.pl\/index.php\/wp-json\/wp\/v2\/media?parent=14403"}],"wp:term":[{"taxonomy":"product_brand","embeddable":true,"href":"https:\/\/ksiegarnia-akademicka.pl\/index.php\/wp-json\/wp\/v2\/product_brand?post=14403"},{"taxonomy":"product_cat","embeddable":true,"href":"https:\/\/ksiegarnia-akademicka.pl\/index.php\/wp-json\/wp\/v2\/product_cat?post=14403"},{"taxonomy":"product_tag","embeddable":true,"href":"https:\/\/ksiegarnia-akademicka.pl\/index.php\/wp-json\/wp\/v2\/product_tag?post=14403"}],"curies":[{"name":"wp","href":"https:\/\/api.w.org\/{rel}","templated":true}]}}