{"id":14377,"date":"2021-04-12T13:20:48","date_gmt":"2021-04-12T11:20:48","guid":{"rendered":"http:\/\/ksiegarnia-akademicka.pl\/?post_type=product&#038;p=14377"},"modified":"2021-04-12T13:21:46","modified_gmt":"2021-04-12T11:21:46","slug":"sensoryczne-niemowle","status":"publish","type":"product","link":"https:\/\/ksiegarnia-akademicka.pl\/index.php\/product\/sensoryczne-niemowle\/","title":{"rendered":"Sensoryczne niemowl\u0119"},"content":{"rendered":"<p>Nale\u017cy do serii:<br \/>\nMA\u0141A BIA\u0141A RYBKA<br \/>\nAutor:<br \/>\nJoanna Szulc<br \/>\nChar\u0119zi\u0144ska Aleksandra<br \/>\nWydawca: Mamania<br \/>\nOprawa: Zintegrowana<br \/>\nFormat: 17.0&#215;22.5cm<br \/>\nLiczba stron: 272<br \/>\nRok wydania: 2020<br \/>\nJ\u0119zyk wydania: polski<\/p>\n<p>Pierwsza ksi\u0105\u017cka o integracji sensorycznej skierowana do rodzic\u00f3w malutkich dzieci. Autorki przybli\u017caj\u0105 ten fascynuj\u0105cy i z\u0142o\u017cony temat, pomagaj\u0105c wnie\u015b\u0107 do codzienno\u015bci sporo element\u00f3w zabawy. Poczujesz rado\u015b\u0107 rodzicielstwa wszystkimi zmys\u0142ami! To ksi\u0105\u017cka dla rodzic\u00f3w, kt\u00f3rzy: \u2013 chc\u0105 zadba\u0107 o harmonijny rozw\u00f3j swojego dziecka, \u2013 pr\u00f3buj\u0105 poradzi\u0107 sobie z trudno\u015bciami w zachowaniu niemowl\u0119cia, \u2013 pragn\u0105 zapobiec przysz\u0142ym problemom z funkcjonowaniem dziecka, Zaburzenia integracji sensorycznej u dziecka s\u0105 zmartwieniem wielu rodzic\u00f3w. M\u00f3zg niemowl\u0119cia nie zawsze jest w stanie prawid\u0142owo przetworzy\u0107 docieraj\u0105ce do niego bod\u017ace, co mo\u017ce sta\u0107 si\u0119 przyczyn\u0105 trudno\u015bci w codziennym funkcjonowaniu, zar\u00f3wno na etapie wczesnego dzieci\u0144stwa, jak i p\u00f3\u017aniej. Autorki wyja\u015bniaj\u0105, czym jest regulacja\/samoregulacja i integracja sensoryczna. Opowiadaj\u0105 o tym, jak rozwija si\u0119 i kszta\u0142tuje u najm\u0142odszych dzieci: od urodzenia do wieku 18 miesi\u0119cy. To rzetelna porcja wiedzy i propozycje wspieraj\u0105cych zabaw, kt\u00f3re pomagaj\u0105 odnale\u017a\u0107 si\u0119 w \u015bwiecie pe\u0142nym bod\u017ac\u00f3w. Aleksandra Char\u0119zi\u0144ska: pedago\u017cka specjalna, terapeutka integracji sensorycznej, specjalistka diagnozy i terapii pedagogicznej, instruktorka masa\u017cu Shantala i nauczycielka akademicka. Prowadzi szkolenia i warsztaty dla rodzic\u00f3w oraz profesjonalist\u00f3w pracuj\u0105cych z dzie\u0107mi; jej licencjonowany, autorski program dla profesjonalist\u00f3w pracuj\u0105cych z dzie\u0107mi cieszy si\u0119 nies\u0142abn\u0105cym zainteresowaniem. Joanna Szulc: dziennikarka i redaktorka. Przez wiele lat pracowa\u0142a w redakcji miesi\u0119cznika \u201eDziecko\u201d, do 2016 r. by\u0142a jego redaktork\u0105 naczeln\u0105. Autorka i wsp\u00f3\u0142autorka tekst\u00f3w i ksi\u0105\u017cek o piel\u0119gnowaniu i wspieraniu niemowl\u0105t i dzieci. Studia psychologiczne, certyfikat promotorki karmienia piersi\u0105 i uko\u0144czone kursy wspierania rodzic\u00f3w w r\u00f3\u017cnych obszarach daj\u0105 jej podstawy merytoryczne do zajmowania si\u0119 tymi tematami.<\/p>\n","protected":false},"excerpt":{"rendered":"<p>Nale\u017cy do serii: MA\u0141A BIA\u0141A RYBKA Autor: Joanna Szulc Char\u0119zi\u0144ska [&hellip;]<\/p>\n","protected":false},"featured_media":14378,"template":"","meta":[],"product_brand":[],"product_cat":[28],"product_tag":[1706,4528],"class_list":{"0":"post-14377","1":"product","2":"type-product","3":"status-publish","4":"has-post-thumbnail","6":"product_cat-pedagogika","7":"product_tag-pedagogika-specjalna","8":"product_tag-poradnik","10":"first","11":"instock","12":"sale","13":"shipping-taxable","14":"purchasable","15":"product-type-simple"},"_links":{"self":[{"href":"https:\/\/ksiegarnia-akademicka.pl\/index.php\/wp-json\/wp\/v2\/product\/14377","targetHints":{"allow":["GET"]}}],"collection":[{"href":"https:\/\/ksiegarnia-akademicka.pl\/index.php\/wp-json\/wp\/v2\/product"}],"about":[{"href":"https:\/\/ksiegarnia-akademicka.pl\/index.php\/wp-json\/wp\/v2\/types\/product"}],"wp:featuredmedia":[{"embeddable":true,"href":"https:\/\/ksiegarnia-akademicka.pl\/index.php\/wp-json\/wp\/v2\/media\/14378"}],"wp:attachment":[{"href":"https:\/\/ksiegarnia-akademicka.pl\/index.php\/wp-json\/wp\/v2\/media?parent=14377"}],"wp:term":[{"taxonomy":"product_brand","embeddable":true,"href":"https:\/\/ksiegarnia-akademicka.pl\/index.php\/wp-json\/wp\/v2\/product_brand?post=14377"},{"taxonomy":"product_cat","embeddable":true,"href":"https:\/\/ksiegarnia-akademicka.pl\/index.php\/wp-json\/wp\/v2\/product_cat?post=14377"},{"taxonomy":"product_tag","embeddable":true,"href":"https:\/\/ksiegarnia-akademicka.pl\/index.php\/wp-json\/wp\/v2\/product_tag?post=14377"}],"curies":[{"name":"wp","href":"https:\/\/api.w.org\/{rel}","templated":true}]}}